{"id":11472,"date":"2023-08-10T15:00:51","date_gmt":"2023-08-10T13:00:51","guid":{"rendered":"https:\/\/alpagrumi.ch\/deliveries\/"},"modified":"2026-04-07T13:12:39","modified_gmt":"2026-04-07T11:12:39","slug":"deliveries","status":"publish","type":"page","link":"https:\/\/alpagrumi.ch\/de\/deliveries\/","title":{"rendered":"Deliveries"},"content":{"rendered":"\t\t<div data-elementor-type=\"wp-page\" data-elementor-id=\"11472\" class=\"elementor elementor-11472 elementor-11466\" data-elementor-post-type=\"page\">\n\t\t\t\t\t\t<section class=\"elementor-section elementor-top-section elementor-element elementor-element-d9e5a71 elementor-section-boxed elementor-section-height-default elementor-section-height-default\" data-id=\"d9e5a71\" data-element_type=\"section\" data-e-type=\"section\" data-settings=\"{&quot;background_background&quot;:&quot;classic&quot;}\">\n\t\t\t\t\t\t\t<div class=\"elementor-background-overlay\"><\/div>\n\t\t\t\t\t\t\t<div class=\"elementor-container elementor-column-gap-default\">\n\t\t\t\t\t<div class=\"elementor-column elementor-col-100 elementor-top-column elementor-element elementor-element-0b3a2c3\" data-id=\"0b3a2c3\" data-element_type=\"column\" data-e-type=\"column\">\n\t\t\t<div class=\"elementor-widget-wrap elementor-element-populated\">\n\t\t\t\t\t\t<div class=\"elementor-element elementor-element-a3fefee elementor-widget elementor-widget-heading\" data-id=\"a3fefee\" data-element_type=\"widget\" data-e-type=\"widget\" data-settings=\"{&quot;_animation&quot;:&quot;none&quot;}\" data-widget_type=\"heading.default\">\n\t\t\t\t\t<h2 class=\"elementor-heading-title elementor-size-xxl\">Lieferungen in der Schweiz<\/h2>\t\t\t\t<\/div>\n\t\t\t\t\t<\/div>\n\t\t<\/div>\n\t\t\t\t\t<\/div>\n\t\t<\/section>\n\t\t\t\t<section class=\"elementor-section elementor-top-section elementor-element elementor-element-9d59cf4 elementor-section-boxed elementor-section-height-default elementor-section-height-default\" data-id=\"9d59cf4\" data-element_type=\"section\" data-e-type=\"section\">\n\t\t\t\t\t\t<div class=\"elementor-container elementor-column-gap-default\">\n\t\t\t\t\t<div class=\"elementor-column elementor-col-100 elementor-top-column elementor-element elementor-element-3aa3cf5\" data-id=\"3aa3cf5\" data-element_type=\"column\" data-e-type=\"column\" data-settings=\"{&quot;animation&quot;:&quot;none&quot;}\">\n\t\t\t<div class=\"elementor-widget-wrap elementor-element-populated\">\n\t\t\t\t\t\t<div class=\"elementor-element elementor-element-d324df6 elementor-widget elementor-widget-heading\" data-id=\"d324df6\" data-element_type=\"widget\" data-e-type=\"widget\" data-widget_type=\"heading.default\">\n\t\t\t\t\t<h2 class=\"elementor-heading-title elementor-size-default\">Lieferbedingungen 2025<\/h2>\t\t\t\t<\/div>\n\t\t\t\t<div class=\"elementor-element elementor-element-a6e8f40 elementor-widget elementor-widget-elementskit-accordion\" data-id=\"a6e8f40\" data-element_type=\"widget\" data-e-type=\"widget\" data-widget_type=\"elementskit-accordion.default\">\n\t\t\t\t\t<div class=\"ekit-wid-con\" >\n        <div class=\"elementskit-accordion accoedion-primary\" id=\"accordion-69db1c9a8fed1\">\n\n            \n                <div class=\"elementskit-card active\">\n                    <div class=\"elementskit-card-header\" id=\"primaryHeading-0-a6e8f40\">\n                        <a href=\"#collapse-d8ed75e69db1c9a8fed1\" class=\"ekit-accordion--toggler elementskit-btn-link collapsed\" data-ekit-toggle=\"collapse\" data-target=\"#Collapse-d8ed75e69db1c9a8fed1\" aria-expanded=\"true\" aria-controls=\"Collapse-d8ed75e69db1c9a8fed1\">\n                                                            <div class=\"ekit_accordion_icon_left_group\">\n                                    <div class=\"ekit_accordion_normal_icon\">\n                                        <!-- Normal Icon -->\n                                        <i class=\"icon icon-plus\"><\/i>                                    <\/div>\n\n                                    <div class=\"ekit_accordion_active_icon\">\n                                        <!-- Active Icon -->\n\t\t\t\t\t\t\t\t\t\t<i class=\"icon icon-up-arrow\"><\/i>                                    <\/div>\n                                <\/div>\n\n                            \n                            <span class=\"ekit-accordion-title\">Franz\u00f6sische Schweiz und Zentralschweiz<\/span>\n\n                            \n                                                    <\/a>\n                    <\/div>\n\n                    <div id=\"Collapse-d8ed75e69db1c9a8fed1\" class=\" show collapse\" aria-labelledby=\"primaryHeading-0-a6e8f40\" data-parent=\"#accordion-69db1c9a8fed1\">\n\n                        <div class=\"elementskit-card-body ekit-accordion--content\">\n                            <p>Die Lieferungen werden von uns, AlpAgrumi, durchgef\u00fchrt. <br \/>Wir haben noch kein Transportunternehmen gefunden, das bereit ist, unsere Pflanzen zuverl\u00e4ssig und zu einem erschwinglichen Preis zu transportieren.<br \/>Aus diesem Grund werden die Lieferungen einmal im Monat zusammengefasst. Au\u00dferhalb des Tessins k\u00f6nnen wir keine Einzellieferungen vornehmen.<\/p>\n<p>Die geb\u00fcndelten Lieferungen erfolgen von M\u00e4rz bis November und decken die gesamte Schweiz ab (au\u00dfer Tessin und Teile von Graub\u00fcnden).<br \/>Beachten Sie, dass die Pflanzzeit f\u00fcr Zitrusb\u00e4ume Mitte M\u00e4rz beginnt und Ende August endet. Im Winter ist es ratsam, die B\u00e4ume bis zum Fr\u00fchjahr in ihren T\u00f6pfen zu halten. Es ist auch m\u00f6glich, Ihre B\u00e4ume im Winter zu bestellen und zu reservieren, damit sie im Fr\u00fchjahr geliefert werden k\u00f6nnen.<\/p>\n<h4>N\u00e4chste Auslieferungen: <br \/>08-09 April 2026<br \/>21-22 April 2026<br \/>19-20 Mai 2026 <\/h4>\n<\/p>\n<p>Die Tarife 2026 f\u00fcr den Transport von B\u00e4umen sind wie folgt :<\/p>\n<p>1 bis 3 B\u00e4ume, fester Preis: 90 Chf<br \/>Weitere B\u00e4ume: +15 Chf pro Baum<\/p>\n<p>Beispiele:<\/p>\n<p>F\u00fcr 1 Baum: Gesamttransportkosten 90 Chf. <br \/>F\u00fcr 2 B\u00e4ume: Gesamttransportkosten 90 Chf.<br \/>F\u00fcr 3 B\u00e4ume: Gesamttransportkosten 90 Chf.<br \/>F\u00fcr 4 B\u00e4ume: Gesamttransportkosten 105 Chf.<br \/>F\u00fcr 5 B\u00e4ume: Gesamttransportkosten 120 Chf.<br \/>etc.<\/p>\n<p>Hinweis:<br \/>Diese Art der Berechnung des Transportpreises spiegelt unsere tats\u00e4chlichen Kosten wider, die eher mit der Reise als mit der Anzahl der B\u00e4ume zusammenh\u00e4ngen, und soll Sammelbestellungen f\u00f6rdern.<\/p>\n<p>Die Versandkosten werden w\u00e4hrend des Bestellvorgangs automatisch berechnet, wenn Sie vor der Best\u00e4tigung die Option \"Lieferung\" ausw\u00e4hlen.<\/p>\n<p><strong>F\u00fcr professionelle Gro\u00dfhandelslieferungen setzen Sie sich bitte mit uns in Verbindung, um die Preise je nach Bestimmungsort zu erfahren.<\/strong><\/p>\n                        <\/div>\n\n                    <\/div>\n\n                <\/div><!-- .elementskit-card END -->\n\n                \n                <div class=\"elementskit-card \">\n                    <div class=\"elementskit-card-header\" id=\"primaryHeading-1-a6e8f40\">\n                        <a href=\"#collapse-47397be69db1c9a8fed1\" class=\"ekit-accordion--toggler elementskit-btn-link collapsed\" data-ekit-toggle=\"collapse\" data-target=\"#Collapse-47397be69db1c9a8fed1\" aria-expanded=\"false\" aria-controls=\"Collapse-47397be69db1c9a8fed1\">\n                                                            <div class=\"ekit_accordion_icon_left_group\">\n                                    <div class=\"ekit_accordion_normal_icon\">\n                                        <!-- Normal Icon -->\n                                        <i class=\"icon icon-plus\"><\/i>                                    <\/div>\n\n                                    <div class=\"ekit_accordion_active_icon\">\n                                        <!-- Active Icon -->\n\t\t\t\t\t\t\t\t\t\t<i class=\"icon icon-up-arrow\"><\/i>                                    <\/div>\n                                <\/div>\n\n                            \n                            <span class=\"ekit-accordion-title\">Kanton Tessin (und einige Gebiete in Graub\u00fcnden)<\/span>\n\n                            \n                                                    <\/a>\n                    <\/div>\n\n                    <div id=\"Collapse-47397be69db1c9a8fed1\" class=\" collapse\" aria-labelledby=\"primaryHeading-1-a6e8f40\" data-parent=\"#accordion-69db1c9a8fed1\">\n\n                        <div class=\"elementskit-card-body ekit-accordion--content\">\n                            <p>Im Tessin und f\u00fcr einige Gebiete in Graub\u00fcnden (Postleitzahlen 72-75-76-77) sind die Lieferungen individuell.  <br \/>Das Lieferdatum ist je nach Verf\u00fcgbarkeit zu vereinbaren, in der Regel innerhalb einer Woche nach der Bestellung.<\/p>\n<p>Die Transportkosten h\u00e4ngen nicht von der Anzahl der B\u00e4ume, sondern von der Entfernung ab (Hin- und R\u00fcckweg von Monte Carasso).<\/p>\n<p>Geb\u00fchr: 1 Chf pro Kilometer.<\/p>\n<p>Mindestgeb\u00fchr 20 Chf.<\/p>\n<p>Maximal 20 B\u00e4ume.<\/p>\n<p>Sie erhalten eine Rechnung per E-Mail und der Transport muss vor dem geplanten Lieferdatum bezahlt werden.<\/p>\n                        <\/div>\n\n                    <\/div>\n\n                <\/div><!-- .elementskit-card END -->\n\n                \n                <div class=\"elementskit-card active\">\n                    <div class=\"elementskit-card-header\" id=\"primaryHeading-2-a6e8f40\">\n                        <a href=\"#collapse-950a8af69db1c9a8fed1\" class=\"ekit-accordion--toggler elementskit-btn-link collapsed\" data-ekit-toggle=\"collapse\" data-target=\"#Collapse-950a8af69db1c9a8fed1\" aria-expanded=\"true\" aria-controls=\"Collapse-950a8af69db1c9a8fed1\">\n                                                            <div class=\"ekit_accordion_icon_left_group\">\n                                    <div class=\"ekit_accordion_normal_icon\">\n                                        <!-- Normal Icon -->\n                                        <i class=\"icon icon-plus\"><\/i>                                    <\/div>\n\n                                    <div class=\"ekit_accordion_active_icon\">\n                                        <!-- Active Icon -->\n\t\t\t\t\t\t\t\t\t\t<i class=\"icon icon-up-arrow\"><\/i>                                    <\/div>\n                                <\/div>\n\n                            \n                            <span class=\"ekit-accordion-title\">Wie Sie die Lieferung Ihrer B\u00e4ume beantragen<\/span>\n\n                            \n                                                    <\/a>\n                    <\/div>\n\n                    <div id=\"Collapse-950a8af69db1c9a8fed1\" class=\" show collapse\" aria-labelledby=\"primaryHeading-2-a6e8f40\" data-parent=\"#accordion-69db1c9a8fed1\">\n\n                        <div class=\"elementskit-card-body ekit-accordion--content\">\n                            <p>Wenn Sie \u00fcber den eShop auf unserer Website bestellen, k\u00f6nnen Sie angeben, dass Sie die Lieferung zum n\u00e4chsten verf\u00fcgbaren Termin w\u00fcnschen, indem Sie bei der Best\u00e4tigung der Bestellung die Option Versand w\u00e4hlen.  <br \/>Die Option Versand erscheint, nachdem Sie Ihre Postleitzahl eingegeben haben.  <br \/>Die Versandkosten werden automatisch berechnet und zum Betrag Ihrer Bestellung hinzugef\u00fcgt.<\/p>\n<p>F\u00fcr das Tessin k\u00f6nnen Sie uns telefonisch oder per E-Mail kontaktieren, um Ihren Wunsch nach einer Lieferung anzugeben und einen m\u00f6glichen Termin zu vereinbaren.<\/p>\n                        <\/div>\n\n                    <\/div>\n\n                <\/div><!-- .elementskit-card END -->\n\n                                        <\/div>\n    <\/div>\t\t\t\t<\/div>\n\t\t\t\t\t<\/div>\n\t\t<\/div>\n\t\t\t\t\t<\/div>\n\t\t<\/section>\n\t\t\t\t<\/div>\n\t\t","protected":false},"excerpt":{"rendered":"<p>Lieferungen in der Schweiz Lieferbedingungen 2025 Franz\u00f6sische Schweiz und Zentralschweiz Die Lieferungen werden von uns, AlpAgrumi, durchgef\u00fchrt. Wir haben noch kein Transportunternehmen gefunden, das bereit ist, unsere Pflanzen zuverl\u00e4ssig und zu einem erschwinglichen Preis zu transportieren.Aus diesem Grund werden die Lieferungen einmal im Monat zusammengefasst. Au\u00dferhalb des Tessins k\u00f6nnen wir keine Einzellieferungen vornehmen. Die geb\u00fcndelten [&hellip;]<\/p>\n","protected":false},"author":1630,"featured_media":0,"parent":0,"menu_order":0,"comment_status":"closed","ping_status":"open","template":"elementor_header_footer","meta":{"_seopress_robots_primary_cat":"","_seopress_titles_title":"","_seopress_titles_desc":"","_seopress_robots_index":"","footnotes":""},"class_list":["post-11472","page","type-page","status-publish","hentry"],"_links":{"self":[{"href":"https:\/\/alpagrumi.ch\/de\/wp-json\/wp\/v2\/pages\/11472","targetHints":{"allow":["GET"]}}],"collection":[{"href":"https:\/\/alpagrumi.ch\/de\/wp-json\/wp\/v2\/pages"}],"about":[{"href":"https:\/\/alpagrumi.ch\/de\/wp-json\/wp\/v2\/types\/page"}],"author":[{"embeddable":true,"href":"https:\/\/alpagrumi.ch\/de\/wp-json\/wp\/v2\/users\/1630"}],"replies":[{"embeddable":true,"href":"https:\/\/alpagrumi.ch\/de\/wp-json\/wp\/v2\/comments?post=11472"}],"version-history":[{"count":5,"href":"https:\/\/alpagrumi.ch\/de\/wp-json\/wp\/v2\/pages\/11472\/revisions"}],"predecessor-version":[{"id":20540,"href":"https:\/\/alpagrumi.ch\/de\/wp-json\/wp\/v2\/pages\/11472\/revisions\/20540"}],"wp:attachment":[{"href":"https:\/\/alpagrumi.ch\/de\/wp-json\/wp\/v2\/media?parent=11472"}],"curies":[{"name":"wp","href":"https:\/\/api.w.org\/{rel}","templated":true}]}}