{"id":810,"date":"2023-01-16T11:04:57","date_gmt":"2023-01-16T10:04:57","guid":{"rendered":"https:\/\/ticinoweb02.jcloud.ik-server.com\/alpagrum\/schutz\/"},"modified":"2025-03-16T01:40:00","modified_gmt":"2025-03-16T00:40:00","slug":"schutz","status":"publish","type":"page","link":"https:\/\/alpagrumi.ch\/de\/schutz\/","title":{"rendered":"Schutz"},"content":{"rendered":"\t\t<div data-elementor-type=\"wp-page\" data-elementor-id=\"810\" class=\"elementor elementor-810 elementor-493\" data-elementor-post-type=\"page\">\n\t\t\t\t\t\t<section class=\"elementor-section elementor-top-section elementor-element elementor-element-3f0de3e elementor-section-boxed elementor-section-height-default elementor-section-height-default\" data-id=\"3f0de3e\" data-element_type=\"section\" data-e-type=\"section\" data-settings=\"{&quot;background_background&quot;:&quot;classic&quot;}\">\n\t\t\t\t\t\t\t<div class=\"elementor-background-overlay\"><\/div>\n\t\t\t\t\t\t\t<div class=\"elementor-container elementor-column-gap-default\">\n\t\t\t\t\t<div class=\"elementor-column elementor-col-100 elementor-top-column elementor-element elementor-element-0ed5bb0\" data-id=\"0ed5bb0\" data-element_type=\"column\" data-e-type=\"column\">\n\t\t\t<div class=\"elementor-widget-wrap elementor-element-populated\">\n\t\t\t\t\t\t<div class=\"elementor-element elementor-element-2a6c643 elementor-widget elementor-widget-heading\" data-id=\"2a6c643\" data-element_type=\"widget\" data-e-type=\"widget\" data-settings=\"{&quot;_animation&quot;:&quot;none&quot;}\" data-widget_type=\"heading.default\">\n\t\t\t\t\t<h2 class=\"elementor-heading-title elementor-size-xxl\">Schutz<\/h2>\t\t\t\t<\/div>\n\t\t\t\t\t<\/div>\n\t\t<\/div>\n\t\t\t\t\t<\/div>\n\t\t<\/section>\n\t\t\t\t<section class=\"elementor-section elementor-top-section elementor-element elementor-element-fc875af elementor-section-boxed elementor-section-height-default elementor-section-height-default\" data-id=\"fc875af\" data-element_type=\"section\" data-e-type=\"section\">\n\t\t\t\t\t\t<div class=\"elementor-container elementor-column-gap-default\">\n\t\t\t\t\t<div class=\"elementor-column elementor-col-100 elementor-top-column elementor-element elementor-element-f08b3dd\" data-id=\"f08b3dd\" data-element_type=\"column\" data-e-type=\"column\" data-settings=\"{&quot;animation&quot;:&quot;none&quot;}\">\n\t\t\t<div class=\"elementor-widget-wrap elementor-element-populated\">\n\t\t\t\t\t\t<div class=\"elementor-element elementor-element-cf9f19f elementor-widget elementor-widget-heading\" data-id=\"cf9f19f\" data-element_type=\"widget\" data-e-type=\"widget\" data-widget_type=\"heading.default\">\n\t\t\t\t\t<h2 class=\"elementor-heading-title elementor-size-default\">Vor K\u00e4lte sch\u00fctzen<\/h2>\t\t\t\t<\/div>\n\t\t\t\t<div class=\"elementor-element elementor-element-5c9237a elementor-widget elementor-widget-text-editor\" data-id=\"5c9237a\" data-element_type=\"widget\" data-e-type=\"widget\" data-widget_type=\"text-editor.default\">\n\t\t\t\t\t\t\t\t\t<p style=\"text-align: left\">Die Resistenzniveaus von Zitrusfr\u00fcchten h\u00e4ngen von der Art und der Sorte ab. <br \/>Die Tabelle auf dieser Seite <a href=\"https:\/\/alpagrumi.ch\/de\/rustikale-zitrusfruechte\/\"><span style=\"text-decoration: underline\">Rustikale Zitrusfr\u00fcchte<\/span><\/a> zeigt die beobachteten Resistenzen f\u00fcr ausgewachsene B\u00e4ume.<\/p>\n<p style=\"text-align: left\">In den ersten Jahren des Wachstums sind die B\u00e4ume noch nicht vollst\u00e4ndig etabliert. Sie erreichen die angegebene Winterh\u00e4rte erst nach drei bis vier Jahren im Freiland.<br \/>Es ist daher wichtig, dass Sie bereit sind, junge B\u00e4ume w\u00e4hrend dieser Zeit zu sch\u00fctzen, um Unf\u00e4lle zu vermeiden.<\/p>\n\t\t\t\t\t\t\t\t<\/div>\n\t\t\t\t<div class=\"elementor-element elementor-element-5211d4b elementor-widget elementor-widget-elementskit-accordion\" data-id=\"5211d4b\" data-element_type=\"widget\" data-e-type=\"widget\" data-widget_type=\"elementskit-accordion.default\">\n\t\t\t\t\t<div class=\"ekit-wid-con\" >\n        <div class=\"elementskit-accordion accoedion-primary\" id=\"accordion-69dab994e611b\">\n\n            \n                <div class=\"elementskit-card active\">\n                    <div class=\"elementskit-card-header\" id=\"primaryHeading-0-5211d4b\">\n                        <a href=\"#collapse-47397be69dab994e611b\" class=\"ekit-accordion--toggler elementskit-btn-link collapsed\" data-ekit-toggle=\"collapse\" data-target=\"#Collapse-47397be69dab994e611b\" aria-expanded=\"true\" aria-controls=\"Collapse-47397be69dab994e611b\">\n                                                            <div class=\"ekit_accordion_icon_left_group\">\n                                    <div class=\"ekit_accordion_normal_icon\">\n                                        <!-- Normal Icon -->\n                                        <i class=\"icon icon-plus\"><\/i>                                    <\/div>\n\n                                    <div class=\"ekit_accordion_active_icon\">\n                                        <!-- Active Icon -->\n\t\t\t\t\t\t\t\t\t\t<i class=\"icon icon-up-arrow\"><\/i>                                    <\/div>\n                                <\/div>\n\n                            \n                            <span class=\"ekit-accordion-title\">Thermische Segel<\/span>\n\n                            \n                                                    <\/a>\n                    <\/div>\n\n                    <div id=\"Collapse-47397be69dab994e611b\" class=\" show collapse\" aria-labelledby=\"primaryHeading-0-5211d4b\" data-parent=\"#accordion-69dab994e611b\">\n\n                        <div class=\"elementskit-card-body ekit-accordion--content\">\n                            <p>Vliesstoff ist im Handel in Rollen mit einer Breite von bis zu 10 m erh\u00e4ltlich. Es wird h\u00e4ufig von Gartenbauern im Fr\u00fchjahr als Treibsegel f\u00fcr Gem\u00fcse verwendet. Es handelt sich um einen synthetischen Stoff, f\u00fcr den es noch keine nat\u00fcrliche Alternative gibt. Es l\u00e4sst Licht, Regen und Luft durch und sorgt gleichzeitig f\u00fcr einen W\u00e4rmegewinn.<\/p>\n<p>Legen Sie das TNT-Vlies als Glocke \u00fcber den Baum auf drei oder vier St\u00f6cke. Das Vlies darf das Laub nicht einklemmen, um es nicht zu verbrennen.<br \/>Ein Quadrat von ca. 5 x 5 m reicht aus, um die Glocke auf 1,5 bis 1,8 m hohen St\u00f6cken zu erstellen. Die Enden m\u00fcssen bei Wind mit Steinen am Boden befestigt werden.<br \/>Ein Fl\u00e4chengewicht von 17 gr bis 19 gr pro m\u00b2 ist in der Regel ausreichend.   Wenn sehr starke und lang anhaltende K\u00e4lte vorhergesagt wird, k\u00f6nnen zwei \u00fcbereinanderliegende Schleier angebracht werden.<\/p>\n<p>Theoretisch kann ein einfaches Segel zwei bis drei Grad mehr bringen.  <br \/>Dies wird jedoch nicht durch unsere praktische Erfahrung best\u00e4tigt. Mit Minimum-Maximum-Thermometern, die unter dem Schleier und im Freien installiert waren, beobachteten wir im Jahr 2022 die gleichen Minimumtemperaturen (-7 Grad C in der Nacht). Die Maximaltemperaturen waren jedoch unter dem Segel viel h\u00f6her (manchmal mehr als 10 Grad zus\u00e4tzlich).    <\/p>\n<p>Auf dieser Grundlage empfehlen wir, die Segel im Winter nur bei sehr starken oder l\u00e4ngeren K\u00e4ltewellen (zwei Tage und mehr) zu installieren. Wenn Sie die Segel den ganzen Winter \u00fcber fest installiert lassen, kann dies den Temperaturunterschied zwischen Tag und Nacht erh\u00f6hen und somit das Risiko eines Temperaturschocks erh\u00f6hen. <\/p>\n                        <\/div>\n\n                    <\/div>\n\n                <\/div><!-- .elementskit-card END -->\n\n                \n                <div class=\"elementskit-card \">\n                    <div class=\"elementskit-card-header\" id=\"primaryHeading-1-5211d4b\">\n                        <a href=\"#collapse-55ec68469dab994e611b\" class=\"ekit-accordion--toggler elementskit-btn-link collapsed\" data-ekit-toggle=\"collapse\" data-target=\"#Collapse-55ec68469dab994e611b\" aria-expanded=\"false\" aria-controls=\"Collapse-55ec68469dab994e611b\">\n                                                            <div class=\"ekit_accordion_icon_left_group\">\n                                    <div class=\"ekit_accordion_normal_icon\">\n                                        <!-- Normal Icon -->\n                                        <i class=\"icon icon-plus\"><\/i>                                    <\/div>\n\n                                    <div class=\"ekit_accordion_active_icon\">\n                                        <!-- Active Icon -->\n\t\t\t\t\t\t\t\t\t\t<i class=\"icon icon-up-arrow\"><\/i>                                    <\/div>\n                                <\/div>\n\n                            \n                            <span class=\"ekit-accordion-title\">Das Mulchen<\/span>\n\n                            \n                                                    <\/a>\n                    <\/div>\n\n                    <div id=\"Collapse-55ec68469dab994e611b\" class=\" collapse\" aria-labelledby=\"primaryHeading-1-5211d4b\" data-parent=\"#accordion-69dab994e611b\">\n\n                        <div class=\"elementskit-card-body ekit-accordion--content\">\n                            <p>In Kombination mit oder ohne Vliesstoff (TNT) wird der Mulch W\u00e4rme erzeugen. Dadurch k\u00f6nnen am Fu\u00df des Baumes und unter der Krone einige Grad gewonnen werden. Siehe Kapitel <span style=\"text-decoration: underline\">Bew\u00e4sserung <\/span>f\u00fcr Details zu Mulchmethoden.<br \/>Wenn eine starke K\u00e4ltewelle vorhergesagt wird, legen Sie Mulch aus oder verst\u00e4rken Sie den vorhandenen Mulch, bevor Sie eventuell ein TNT-Vlies auslegen.  <\/p>\n                        <\/div>\n\n                    <\/div>\n\n                <\/div><!-- .elementskit-card END -->\n\n                \n                <div class=\"elementskit-card \">\n                    <div class=\"elementskit-card-header\" id=\"primaryHeading-2-5211d4b\">\n                        <a href=\"#collapse-01c1f5169dab994e611b\" class=\"ekit-accordion--toggler elementskit-btn-link collapsed\" data-ekit-toggle=\"collapse\" data-target=\"#Collapse-01c1f5169dab994e611b\" aria-expanded=\"false\" aria-controls=\"Collapse-01c1f5169dab994e611b\">\n                                                            <div class=\"ekit_accordion_icon_left_group\">\n                                    <div class=\"ekit_accordion_normal_icon\">\n                                        <!-- Normal Icon -->\n                                        <i class=\"icon icon-plus\"><\/i>                                    <\/div>\n\n                                    <div class=\"ekit_accordion_active_icon\">\n                                        <!-- Active Icon -->\n\t\t\t\t\t\t\t\t\t\t<i class=\"icon icon-up-arrow\"><\/i>                                    <\/div>\n                                <\/div>\n\n                            \n                            <span class=\"ekit-accordion-title\">Wann zu sch\u00fctzen<\/span>\n\n                            \n                                                    <\/a>\n                    <\/div>\n\n                    <div id=\"Collapse-01c1f5169dab994e611b\" class=\" collapse\" aria-labelledby=\"primaryHeading-2-5211d4b\" data-parent=\"#accordion-69dab994e611b\">\n\n                        <div class=\"elementskit-card-body ekit-accordion--content\">\n                            <p>Der Mulch muss vor dem Winter, im November, angebracht oder erneuert werden. Ideal ist trockenes oder bereits verrottendes Heu mit einer Dicke von 20-30 cm und einem Durchmesser von 50 cm im Kreis um den Baum herum. <\/p>\n<p>Die Schutzsegel k\u00f6nnen <span class=\"BxUVEf ILfuVd\"><span class=\"hgKElc\">\u00ea<\/span><\/span>Bei B\u00e4umen, die weniger als drei Jahre alt sind, k\u00f6nnen von Dezember bis Ende Februar Schutzschirme angebracht werden, wenn eine starke oder lang anhaltende K\u00e4ltewelle angek\u00fcndigt wird. Nach solchen au\u00dfergew\u00f6hnlichen Ereignissen wird empfohlen, die Schutzsegel zu entfernen. <\/p>\n<p>Das Anbringen von festen Segeln w\u00e4hrend des gesamten Winters ist nicht empfehlenswert, da es mehrere Risiken birgt.  <br \/>Zun\u00e4chst einmal kann die Verst\u00e4rkung der Temperaturunterschiede zwischen Tag und Nacht, insbesondere bei langen Sonnenscheinperioden im Winter, zu irreparablen Temperaturschocks f\u00fchren.  <br \/>Zweitens kann die vorzeitige Erw\u00e4rmung der B\u00e4ume unter den Segeln zu einem fr\u00fchen und schnellen Erwachen der Vegetation f\u00fchren (ab Februar) und sie extrem anf\u00e4llig f\u00fcr den geringsten Frost machen.  <br \/>Diese negativen Effekte sind bei dickeren Segeln st\u00e4rker ausgepr\u00e4gt.<\/p>\n<p>F\u00fcr ausgewachsene B\u00e4ume sind sehr gro\u00dfe Schleier erforderlich.  <br \/>Sie werden nur bei einer Warnung vor starkem und lang anhaltendem Frost eingebaut.<br \/>Es ist ratsam, sie zu entfernen, sobald die Nachttemperaturen wieder positiv sind.<\/p>\n                        <\/div>\n\n                    <\/div>\n\n                <\/div><!-- .elementskit-card END -->\n\n                \n                <div class=\"elementskit-card \">\n                    <div class=\"elementskit-card-header\" id=\"primaryHeading-3-5211d4b\">\n                        <a href=\"#collapse-48bfc4369dab994e611b\" class=\"ekit-accordion--toggler elementskit-btn-link collapsed\" data-ekit-toggle=\"collapse\" data-target=\"#Collapse-48bfc4369dab994e611b\" aria-expanded=\"false\" aria-controls=\"Collapse-48bfc4369dab994e611b\">\n                                                            <div class=\"ekit_accordion_icon_left_group\">\n                                    <div class=\"ekit_accordion_normal_icon\">\n                                        <!-- Normal Icon -->\n                                        <i class=\"icon icon-plus\"><\/i>                                    <\/div>\n\n                                    <div class=\"ekit_accordion_active_icon\">\n                                        <!-- Active Icon -->\n\t\t\t\t\t\t\t\t\t\t<i class=\"icon icon-up-arrow\"><\/i>                                    <\/div>\n                                <\/div>\n\n                            \n                            <span class=\"ekit-accordion-title\">Bei Schnee oder Eis<\/span>\n\n                            \n                                                    <\/a>\n                    <\/div>\n\n                    <div id=\"Collapse-48bfc4369dab994e611b\" class=\" collapse\" aria-labelledby=\"primaryHeading-3-5211d4b\" data-parent=\"#accordion-69dab994e611b\">\n\n                        <div class=\"elementskit-card-body ekit-accordion--content\">\n                            <p>ZitrusB\u00e4ume haben flexible \u00c4ste und vertragen unbeschadet einige Zentimeter Schnee. Dar\u00fcber hinaus ist es sinnvoll, die \u00c4ste zu sch\u00fctteln, um sie leichter zu machen und ein Brechen zu verhindern. <br \/>Wenn Sie ein glockenf\u00f6rmiges TNT-Vlies verlegt haben, wird der Schnee darauf abrutschen und sich rundherum ansammeln.<\/p>\n<p>Wenn die \u00c4ste mit Eis bedeckt sind, hat es eher eine sch\u00fctzende Wirkung, indem es die Temperatur an den \u00c4sten bei etwa -2 C h\u00e4lt.<\/p>\n                        <\/div>\n\n                    <\/div>\n\n                <\/div><!-- .elementskit-card END -->\n\n                \n                <div class=\"elementskit-card \">\n                    <div class=\"elementskit-card-header\" id=\"primaryHeading-4-5211d4b\">\n                        <a href=\"#collapse-6fc85b869dab994e611b\" class=\"ekit-accordion--toggler elementskit-btn-link collapsed\" data-ekit-toggle=\"collapse\" data-target=\"#Collapse-6fc85b869dab994e611b\" aria-expanded=\"false\" aria-controls=\"Collapse-6fc85b869dab994e611b\">\n                                                            <div class=\"ekit_accordion_icon_left_group\">\n                                    <div class=\"ekit_accordion_normal_icon\">\n                                        <!-- Normal Icon -->\n                                        <i class=\"icon icon-plus\"><\/i>                                    <\/div>\n\n                                    <div class=\"ekit_accordion_active_icon\">\n                                        <!-- Active Icon -->\n\t\t\t\t\t\t\t\t\t\t<i class=\"icon icon-up-arrow\"><\/i>                                    <\/div>\n                                <\/div>\n\n                            \n                            <span class=\"ekit-accordion-title\">Bei Sch\u00e4den nach dem Frost<\/span>\n\n                            \n                                                    <\/a>\n                    <\/div>\n\n                    <div id=\"Collapse-6fc85b869dab994e611b\" class=\" collapse\" aria-labelledby=\"primaryHeading-4-5211d4b\" data-parent=\"#accordion-69dab994e611b\">\n\n                        <div class=\"elementskit-card-body ekit-accordion--content\">\n                            <p>Junge Triebe k\u00f6nnen bei starkem Frost leiden und verbrennen. <br \/>Das letzte Herbstwachstum, je nach Wetterlage von Oktober bis November, wird besonders anf\u00e4llig sein. Die Triebe werden sich biegen und dann wieder zusammenwachsen und sich erst braun und dann schwarz verf\u00e4rben. <br \/>Dies hat keine Auswirkungen auf den Baum, da die Festigkeit durch das Holz des Stammes und der Haupt\u00e4ste gegeben ist.<br \/>Alle besch\u00e4digten Enden m\u00fcssen jedoch am Ende des Winters, in der zweiten M\u00e4rzh\u00e4lfte, zur\u00fcckgeschnitten werden. Im April und Mai werden sich die abgeschnittenen Nebenzweige schnell regenerieren. Das Wachstum wird sogar beschleunigt, wenn der Baum im zeitigen Fr\u00fchjahr gut mit N\u00e4hrstoffen versorgt wird.<\/p>\n                        <\/div>\n\n                    <\/div>\n\n                <\/div><!-- .elementskit-card END -->\n\n                                        <\/div>\n    <\/div>\t\t\t\t<\/div>\n\t\t\t\t\t<\/div>\n\t\t<\/div>\n\t\t\t\t\t<\/div>\n\t\t<\/section>\n\t\t\t\t<\/div>\n\t\t","protected":false},"excerpt":{"rendered":"<p>Vor K\u00e4lte sch\u00fctzen Die Resistenzniveaus von Zitrusfr\u00fcchten h\u00e4ngen von der Art und der Sorte ab. Die Tabelle auf dieser Seite Rustikale Zitrusfr\u00fcchte zeigt die beobachteten Resistenzen f\u00fcr ausgewachsene B\u00e4ume. In den ersten Jahren des Wachstums sind die B\u00e4ume noch nicht vollst\u00e4ndig etabliert. Sie erreichen die angegebene Winterh\u00e4rte erst nach drei bis vier Jahren im Freiland.Es [&hellip;]<\/p>\n","protected":false},"author":1630,"featured_media":0,"parent":0,"menu_order":0,"comment_status":"closed","ping_status":"closed","template":"elementor_header_footer","meta":{"_seopress_robots_primary_cat":"","_seopress_titles_title":"","_seopress_titles_desc":"","_seopress_robots_index":"","footnotes":""},"class_list":["post-810","page","type-page","status-publish","hentry"],"_links":{"self":[{"href":"https:\/\/alpagrumi.ch\/de\/wp-json\/wp\/v2\/pages\/810","targetHints":{"allow":["GET"]}}],"collection":[{"href":"https:\/\/alpagrumi.ch\/de\/wp-json\/wp\/v2\/pages"}],"about":[{"href":"https:\/\/alpagrumi.ch\/de\/wp-json\/wp\/v2\/types\/page"}],"author":[{"embeddable":true,"href":"https:\/\/alpagrumi.ch\/de\/wp-json\/wp\/v2\/users\/1630"}],"replies":[{"embeddable":true,"href":"https:\/\/alpagrumi.ch\/de\/wp-json\/wp\/v2\/comments?post=810"}],"version-history":[{"count":0,"href":"https:\/\/alpagrumi.ch\/de\/wp-json\/wp\/v2\/pages\/810\/revisions"}],"wp:attachment":[{"href":"https:\/\/alpagrumi.ch\/de\/wp-json\/wp\/v2\/media?parent=810"}],"curies":[{"name":"wp","href":"https:\/\/api.w.org\/{rel}","templated":true}]}}