{"id":841,"date":"2023-01-16T11:15:19","date_gmt":"2023-01-16T10:15:19","guid":{"rendered":"https:\/\/ticinoweb02.jcloud.ik-server.com\/alpagrum\/fruchtbarkeit\/"},"modified":"2024-07-06T23:20:14","modified_gmt":"2024-07-06T21:20:14","slug":"fruchtbarkeit","status":"publish","type":"page","link":"https:\/\/alpagrumi.ch\/de\/fruchtbarkeit\/","title":{"rendered":"Fruchtbarkeit"},"content":{"rendered":"\t\t<div data-elementor-type=\"wp-page\" data-elementor-id=\"841\" class=\"elementor elementor-841 elementor-511\" data-elementor-post-type=\"page\">\n\t\t\t\t\t\t<section class=\"elementor-section elementor-top-section elementor-element elementor-element-bd427fd elementor-section-boxed elementor-section-height-default elementor-section-height-default\" data-id=\"bd427fd\" data-element_type=\"section\" data-e-type=\"section\" data-settings=\"{&quot;background_background&quot;:&quot;classic&quot;}\">\n\t\t\t\t\t\t\t<div class=\"elementor-background-overlay\"><\/div>\n\t\t\t\t\t\t\t<div class=\"elementor-container elementor-column-gap-default\">\n\t\t\t\t\t<div class=\"elementor-column elementor-col-100 elementor-top-column elementor-element elementor-element-3994aa0\" data-id=\"3994aa0\" data-element_type=\"column\" data-e-type=\"column\">\n\t\t\t<div class=\"elementor-widget-wrap elementor-element-populated\">\n\t\t\t\t\t\t<div class=\"elementor-element elementor-element-f69506e elementor-widget elementor-widget-heading\" data-id=\"f69506e\" data-element_type=\"widget\" data-e-type=\"widget\" data-settings=\"{&quot;_animation&quot;:&quot;none&quot;}\" data-widget_type=\"heading.default\">\n\t\t\t\t\t<h2 class=\"elementor-heading-title elementor-size-xxl\">Fruchtbarkeit<\/h2>\t\t\t\t<\/div>\n\t\t\t\t\t<\/div>\n\t\t<\/div>\n\t\t\t\t\t<\/div>\n\t\t<\/section>\n\t\t\t\t<section class=\"elementor-section elementor-top-section elementor-element elementor-element-59a1756 elementor-section-height-min-height elementor-section-boxed elementor-section-height-default elementor-section-items-middle\" data-id=\"59a1756\" data-element_type=\"section\" data-e-type=\"section\">\n\t\t\t\t\t\t<div class=\"elementor-container elementor-column-gap-default\">\n\t\t\t\t\t<div class=\"elementor-column elementor-col-100 elementor-top-column elementor-element elementor-element-f35385f\" data-id=\"f35385f\" data-element_type=\"column\" data-e-type=\"column\">\n\t\t\t<div class=\"elementor-widget-wrap elementor-element-populated\">\n\t\t\t\t\t\t<div class=\"elementor-element elementor-element-2e54793 elementor-widget elementor-widget-text-editor\" data-id=\"2e54793\" data-element_type=\"widget\" data-e-type=\"widget\" data-widget_type=\"text-editor.default\">\n\t\t\t\t\t\t\t\t\t<p>Die auf dieser Website angebotenen B\u00e4ume wurden aufgrund der Qualit\u00e4t ihrer Fr\u00fcchte ausgew\u00e4hlt, die alle frisch gegessen werden k\u00f6nnen und schmackhaft sind (mit Ausnahme der Yuzu, die gekocht werden muss).<br \/>Durch das Pfropfen auf kr\u00e4ftige Sorten kann man bereits 2-3 Jahre nach der Pflanzung ernten.<\/p>\n\t\t\t\t\t\t\t\t<\/div>\n\t\t\t\t\t<\/div>\n\t\t<\/div>\n\t\t\t\t\t<\/div>\n\t\t<\/section>\n\t\t\t\t<section class=\"elementor-section elementor-top-section elementor-element elementor-element-3d436a3 elementor-section-boxed elementor-section-height-default elementor-section-height-default\" data-id=\"3d436a3\" data-element_type=\"section\" data-e-type=\"section\">\n\t\t\t\t\t\t<div class=\"elementor-container elementor-column-gap-default\">\n\t\t\t\t\t<div class=\"elementor-column elementor-col-100 elementor-top-column elementor-element elementor-element-bc9a597\" data-id=\"bc9a597\" data-element_type=\"column\" data-e-type=\"column\">\n\t\t\t<div class=\"elementor-widget-wrap elementor-element-populated\">\n\t\t\t\t\t\t<div class=\"elementor-element elementor-element-a3a3bd7 elementor-widget elementor-widget-elementskit-accordion\" data-id=\"a3a3bd7\" data-element_type=\"widget\" data-e-type=\"widget\" data-widget_type=\"elementskit-accordion.default\">\n\t\t\t\t\t<div class=\"ekit-wid-con\" >\n        <div class=\"elementskit-accordion accoedion-primary\" id=\"accordion-69ddc08defcda\">\n\n            \n                <div class=\"elementskit-card \">\n                    <div class=\"elementskit-card-header\" id=\"primaryHeading-0-a3a3bd7\">\n                        <a href=\"#collapse-47397be69ddc08defcda\" class=\"ekit-accordion--toggler elementskit-btn-link collapsed\" data-ekit-toggle=\"collapse\" data-target=\"#Collapse-47397be69ddc08defcda\" aria-expanded=\"false\" aria-controls=\"Collapse-47397be69ddc08defcda\">\n                                                            <div class=\"ekit_accordion_icon_left_group\">\n                                    <div class=\"ekit_accordion_normal_icon\">\n                                        <!-- Normal Icon -->\n                                        <i class=\"icon icon-plus\"><\/i>                                    <\/div>\n\n                                    <div class=\"ekit_accordion_active_icon\">\n                                        <!-- Active Icon -->\n\t\t\t\t\t\t\t\t\t\t<i class=\"icon icon-up-arrow\"><\/i>                                    <\/div>\n                                <\/div>\n\n                            \n                            <span class=\"ekit-accordion-title\">Bl\u00fctezeit<\/span>\n\n                            \n                                                    <\/a>\n                    <\/div>\n\n                    <div id=\"Collapse-47397be69ddc08defcda\" class=\" collapse\" aria-labelledby=\"primaryHeading-0-a3a3bd7\" data-parent=\"#accordion-69ddc08defcda\">\n\n                        <div class=\"elementskit-card-body ekit-accordion--content\">\n                            <p>Die Zitrusb\u00e4ume sind mit einer F\u00fclle von Bl\u00fcten bedeckt, die oft sehr duftend sind.<\/p>\n<p>Nicht jede Bl\u00fcte wird eine Frucht hervorbringen, der Baum w\u00fcrde sich ersch\u00f6pfen, nur ein Teil wird sich entwickeln, in der Regel nicht mehr als 5-10%. Wie bei allen Obstb\u00e4umen k\u00f6nnen Sp\u00e4tfr\u00f6ste die Bl\u00fcte sch\u00e4digen und die Ernte schm\u00e4lern.<\/p>\n                        <\/div>\n\n                    <\/div>\n\n                <\/div><!-- .elementskit-card END -->\n\n                \n                <div class=\"elementskit-card \">\n                    <div class=\"elementskit-card-header\" id=\"primaryHeading-1-a3a3bd7\">\n                        <a href=\"#collapse-d8ed75e69ddc08defcda\" class=\"ekit-accordion--toggler elementskit-btn-link collapsed\" data-ekit-toggle=\"collapse\" data-target=\"#Collapse-d8ed75e69ddc08defcda\" aria-expanded=\"false\" aria-controls=\"Collapse-d8ed75e69ddc08defcda\">\n                                                            <div class=\"ekit_accordion_icon_left_group\">\n                                    <div class=\"ekit_accordion_normal_icon\">\n                                        <!-- Normal Icon -->\n                                        <i class=\"icon icon-plus\"><\/i>                                    <\/div>\n\n                                    <div class=\"ekit_accordion_active_icon\">\n                                        <!-- Active Icon -->\n\t\t\t\t\t\t\t\t\t\t<i class=\"icon icon-up-arrow\"><\/i>                                    <\/div>\n                                <\/div>\n\n                            \n                            <span class=\"ekit-accordion-title\">Obst-Set<\/span>\n\n                            \n                                                    <\/a>\n                    <\/div>\n\n                    <div id=\"Collapse-d8ed75e69ddc08defcda\" class=\" collapse\" aria-labelledby=\"primaryHeading-1-a3a3bd7\" data-parent=\"#accordion-69ddc08defcda\">\n\n                        <div class=\"elementskit-card-body ekit-accordion--content\">\n                            <p>Am Ende der Bl\u00fctezeit ist es die Anfangsphase, in der sich die kleinen gr\u00fcnen Fr\u00fcchte bilden.<\/p>\n<p>Der Baum muss in dieser Zeit richtig gegossen und gen\u00e4hrt werden.<br \/>Stickstoff (N), Kalium (K), aber auch zus\u00e4tzliche Mineralien wie Eisen (Fe), Mangan (Mg) werden ben\u00f6tigt. Mist, Kotpellets, Asche oder Kaffeesatz enthalten alle diese Elemente (Siehe D\u00fcngung).<\/p>\n<p>Einige Zitrusartentragen anfangs viele kleine Fr\u00fcchte, entledigen sich aber sp\u00e4ter von dem \u00dcberfluss. Machen Sie sich keine Sorgen, wenn Sie unreife Fr\u00fcchte finden, die auf den Boden fallen, das ist ein normales Verhalten.<\/p>\n                        <\/div>\n\n                    <\/div>\n\n                <\/div><!-- .elementskit-card END -->\n\n                \n                <div class=\"elementskit-card \">\n                    <div class=\"elementskit-card-header\" id=\"primaryHeading-2-a3a3bd7\">\n                        <a href=\"#collapse-55ec68469ddc08defcda\" class=\"ekit-accordion--toggler elementskit-btn-link collapsed\" data-ekit-toggle=\"collapse\" data-target=\"#Collapse-55ec68469ddc08defcda\" aria-expanded=\"false\" aria-controls=\"Collapse-55ec68469ddc08defcda\">\n                                                            <div class=\"ekit_accordion_icon_left_group\">\n                                    <div class=\"ekit_accordion_normal_icon\">\n                                        <!-- Normal Icon -->\n                                        <i class=\"icon icon-plus\"><\/i>                                    <\/div>\n\n                                    <div class=\"ekit_accordion_active_icon\">\n                                        <!-- Active Icon -->\n\t\t\t\t\t\t\t\t\t\t<i class=\"icon icon-up-arrow\"><\/i>                                    <\/div>\n                                <\/div>\n\n                            \n                            <span class=\"ekit-accordion-title\">Reifung<\/span>\n\n                            \n                                                    <\/a>\n                    <\/div>\n\n                    <div id=\"Collapse-55ec68469ddc08defcda\" class=\" collapse\" aria-labelledby=\"primaryHeading-2-a3a3bd7\" data-parent=\"#accordion-69ddc08defcda\">\n\n                        <div class=\"elementskit-card-body ekit-accordion--content\">\n                            <p>Zitrusfr\u00fcchte reifen im Herbst und Winter. Sie nehmen ihre gelbe oder orange Farbe durch die K\u00e4lte an.<\/p>\n<p>Bei vielen Sorten k\u00f6nnen die Fr\u00fcchte lange am Ast bleiben. Sie sind bereits fr\u00fch in der Saison reif, werden sich aber noch weiterentwickeln. Im Allgemeinen verlieren Zitrusfr\u00fcchte an S\u00e4ure und gewinnen an Zucker, je l\u00e4nger sie am Baum bleiben.<\/p>\n<p>Besonders aromatische Fr\u00fcchte wie Yuzu und Sudachi werden von K\u00f6chen noch gr\u00fcne vor allem wegen ihrer w\u00fcrzigen Schale gesch\u00e4tzt.<\/p><\/p>\n                        <\/div>\n\n                    <\/div>\n\n                <\/div><!-- .elementskit-card END -->\n\n                                        <\/div>\n    <\/div>\t\t\t\t<\/div>\n\t\t\t\t\t<\/div>\n\t\t<\/div>\n\t\t\t\t\t<\/div>\n\t\t<\/section>\n\t\t\t\t<section class=\"elementor-section elementor-top-section elementor-element elementor-element-20ffc44 elementor-section-boxed elementor-section-height-default elementor-section-height-default\" data-id=\"20ffc44\" data-element_type=\"section\" data-e-type=\"section\">\n\t\t\t\t\t\t<div class=\"elementor-container elementor-column-gap-default\">\n\t\t\t\t\t<div class=\"elementor-column elementor-col-100 elementor-top-column elementor-element elementor-element-e815b03\" data-id=\"e815b03\" data-element_type=\"column\" data-e-type=\"column\">\n\t\t\t<div class=\"elementor-widget-wrap elementor-element-populated\">\n\t\t\t\t\t\t<div class=\"elementor-element elementor-element-e8e5e46 elementor-widget elementor-widget-heading\" data-id=\"e8e5e46\" data-element_type=\"widget\" data-e-type=\"widget\" data-widget_type=\"heading.default\">\n\t\t\t\t\t<h2 class=\"elementor-heading-title elementor-size-large\">Fruchtbarkeitsmerkmale von Zitrusfruchtsorten<\/h2>\t\t\t\t<\/div>\n\t\t\t\t\t<\/div>\n\t\t<\/div>\n\t\t\t\t\t<\/div>\n\t\t<\/section>\n\t\t\t\t<section class=\"elementor-section elementor-top-section elementor-element elementor-element-ce7432d elementor-section-boxed elementor-section-height-default elementor-section-height-default\" data-id=\"ce7432d\" data-element_type=\"section\" data-e-type=\"section\">\n\t\t\t\t\t\t<div class=\"elementor-container elementor-column-gap-default\">\n\t\t\t\t\t<div class=\"elementor-column elementor-col-100 elementor-top-column elementor-element elementor-element-bb4338a\" data-id=\"bb4338a\" data-element_type=\"column\" data-e-type=\"column\">\n\t\t\t<div class=\"elementor-widget-wrap elementor-element-populated\">\n\t\t\t\t\t\t<div class=\"elementor-element elementor-element-d91c788 elementor-widget elementor-widget-text-editor\" data-id=\"d91c788\" data-element_type=\"widget\" data-e-type=\"widget\" data-widget_type=\"text-editor.default\">\n\t\t\t\t\t\t\t\t\t<p>Die Fr\u00fcchte haben eine geringere K\u00e4lteresistenz als der Baum<span class=\"ExempleDefinition\">selbst<\/span>, bei starkem Frost (unter -5 Grad C) sind sie anf\u00e4llig.  <br \/><strong>Bei vielen Sorten ist die Ernte jedoch vor dem ersten Frost<\/strong>, z. B. bei der Satsuma-Mandarine und der Navelina-Orange. <br \/>W\u00e4hlen Sie fr\u00fch reifende Zitrusfr\u00fcchte, wenn es in Ihrer Region zu Beginn des Winters h\u00e4ufig zu Frost kommt. <br \/>Fr\u00fcchte mit einer dicken Albedo (der wei\u00dfe Teil unter der Schale) und gr\u00f6\u00dfere Fr\u00fcchte wie Pomelos haben eine bessere Widerstandsf\u00e4higkeit als kleine Fr\u00fcchte mit d\u00fcnner Schale wie Kumquats. <br \/>Einige Fr\u00fcchte, wie Yuzu, Sudachi oder Ichang-Zitrone, werden am besten gr\u00fcn geerntet, wenn sie mehr Aromen konzentrieren (vor der in der Tabelle unten angegebenen Erntezeit).<\/p>\n<p>Achten Sie w\u00e4hrend der Erntezeit auf die Wettervorhersage und wenn ein starker K\u00e4lteeinbruch (unter -5 Grad C) angek\u00fcndigt ist, ernten Sie die meisten Fr\u00fcchte, bevor sie darunter leiden. Wir empfehlen Ihnen, immer ein paar am Baum zu lassen, um zu sehen, wie stark sie sind. <br \/>Sehen Sie sich die untenstehende Tabelle an, um einen Baum auszuw\u00e4hlen, der Ihren \u00f6rtlichen Bedingungen entspricht, auch im Hinblick auf die Ernte der Fr\u00fcchte.<\/p>\n\t\t\t\t\t\t\t\t<\/div>\n\t\t\t\t\t<\/div>\n\t\t<\/div>\n\t\t\t\t\t<\/div>\n\t\t<\/section>\n\t\t<div class=\"elementor-element elementor-element-c6ce569 e-flex e-con-boxed e-con e-parent\" data-id=\"c6ce569\" data-element_type=\"container\" data-e-type=\"container\">\n\t\t\t\t\t<div class=\"e-con-inner\">\n\t\t\t\t<div class=\"elementor-element elementor-element-a8ca539 elementor-widget elementor-widget-image\" data-id=\"a8ca539\" data-element_type=\"widget\" data-e-type=\"widget\" data-widget_type=\"image.default\">\n\t\t\t\t\t\t\t\t\t\t\t\t\t\t\t<img fetchpriority=\"high\" decoding=\"async\" width=\"1536\" height=\"2048\" src=\"https:\/\/alpagrumi.ch\/wp-content\/uploads\/sites\/78\/2024\/07\/Table-Fructification-1-DE-1536x2048.jpg\" class=\"attachment-2048x2048 size-2048x2048 wp-image-15315\" alt=\"\" srcset=\"https:\/\/alpagrumi.ch\/wp-content\/uploads\/sites\/78\/2024\/07\/Table-Fructification-1-DE-1536x2048.jpg.webp 1536w, https:\/\/alpagrumi.ch\/wp-content\/uploads\/sites\/78\/2024\/07\/Table-Fructification-1-DE-225x300.jpg.webp 225w, https:\/\/alpagrumi.ch\/wp-content\/uploads\/sites\/78\/2024\/07\/Table-Fructification-1-DE-768x1024.jpg.webp 768w, https:\/\/alpagrumi.ch\/wp-content\/uploads\/sites\/78\/2024\/07\/Table-Fructification-1-DE-1152x1536.jpg.webp 1152w, https:\/\/alpagrumi.ch\/wp-content\/uploads\/sites\/78\/2024\/07\/Table-Fructification-1-DE-1320x1760.jpg.webp 1320w, https:\/\/alpagrumi.ch\/wp-content\/uploads\/sites\/78\/2024\/07\/Table-Fructification-1-DE-600x800.jpg.webp 600w, https:\/\/alpagrumi.ch\/wp-content\/uploads\/sites\/78\/2024\/07\/Table-Fructification-1-DE-scaled.jpg.webp 1920w\" sizes=\"(max-width: 1536px) 100vw, 1536px\" \/>\t\t\t\t\t\t\t\t\t\t\t\t\t\t\t<\/div>\n\t\t\t\t\t<\/div>\n\t\t\t\t<\/div>\n\t\t\t\t<section class=\"elementor-section elementor-top-section elementor-element elementor-element-f9ae286 elementor-section-boxed elementor-section-height-default elementor-section-height-default\" data-id=\"f9ae286\" data-element_type=\"section\" data-e-type=\"section\">\n\t\t\t\t\t\t<div class=\"elementor-container elementor-column-gap-default\">\n\t\t\t\t\t<div class=\"elementor-column elementor-col-100 elementor-top-column elementor-element elementor-element-dda4003\" data-id=\"dda4003\" data-element_type=\"column\" data-e-type=\"column\">\n\t\t\t<div class=\"elementor-widget-wrap elementor-element-populated\">\n\t\t\t\t\t\t<div class=\"elementor-element elementor-element-e67dbcf elementor-widget elementor-widget-heading\" data-id=\"e67dbcf\" data-element_type=\"widget\" data-e-type=\"widget\" data-widget_type=\"heading.default\">\n\t\t\t\t\t<h2 class=\"elementor-heading-title elementor-size-large\">Die ersten Jahre der Fruchtbildung<\/h2>\t\t\t\t<\/div>\n\t\t\t\t\t<\/div>\n\t\t<\/div>\n\t\t\t\t\t<\/div>\n\t\t<\/section>\n\t\t\t\t<section class=\"elementor-section elementor-top-section elementor-element elementor-element-7199385 elementor-section-boxed elementor-section-height-default elementor-section-height-default\" data-id=\"7199385\" data-element_type=\"section\" data-e-type=\"section\">\n\t\t\t\t\t\t<div class=\"elementor-container elementor-column-gap-default\">\n\t\t\t\t\t<div class=\"elementor-column elementor-col-100 elementor-top-column elementor-element elementor-element-ebe7b61\" data-id=\"ebe7b61\" data-element_type=\"column\" data-e-type=\"column\">\n\t\t\t<div class=\"elementor-widget-wrap elementor-element-populated\">\n\t\t\t\t\t\t<div class=\"elementor-element elementor-element-667b983 elementor-widget elementor-widget-text-editor\" data-id=\"667b983\" data-element_type=\"widget\" data-e-type=\"widget\" data-widget_type=\"text-editor.default\">\n\t\t\t\t\t\t\t\t\t<p>Wenn Ihr Baum schon im ersten Jahr nach der Pflanzung im Freiland viele Fr\u00fcchte tr\u00e4gt, kann er auslaugen. In diesem Fall ist es besser, die Fr\u00fcchte zu pfl\u00fccken, bevor sie gr\u00f6\u00dfer werden. Der Baum wird seine Energie auf das Wachstum richten.<\/p>\n<p>Es dauert drei Jahre, bis der Baum ein vollst\u00e4ndiges Wurzelsystem aufgebaut hat. Die Fr\u00fcchte eines unreifen Baumes haben noch nicht ihren authentischen Geschmack entwickelt. Geben Sie ihm Zeit, um sich im Gel\u00e4nde zu etablieren und sein volles Potenzial zu entfalten.<\/p>\n\t\t\t\t\t\t\t\t<\/div>\n\t\t\t\t\t<\/div>\n\t\t<\/div>\n\t\t\t\t\t<\/div>\n\t\t<\/section>\n\t\t\t\t<\/div>\n\t\t","protected":false},"excerpt":{"rendered":"<p>Die auf dieser Website angebotenen B\u00e4ume wurden aufgrund der Qualit\u00e4t ihrer Fr\u00fcchte ausgew\u00e4hlt, die alle frisch gegessen werden k\u00f6nnen und schmackhaft sind (mit Ausnahme der Yuzu, die gekocht werden muss).Durch das Pfropfen auf kr\u00e4ftige Sorten kann man bereits 2-3 Jahre nach der Pflanzung ernten. Bl\u00fctezeit Die Zitrusb\u00e4ume sind mit einer F\u00fclle von Bl\u00fcten bedeckt, die [&hellip;]<\/p>\n","protected":false},"author":1630,"featured_media":0,"parent":0,"menu_order":0,"comment_status":"closed","ping_status":"open","template":"elementor_header_footer","meta":{"_seopress_robots_primary_cat":"","_seopress_titles_title":"","_seopress_titles_desc":"","_seopress_robots_index":"","footnotes":""},"class_list":["post-841","page","type-page","status-publish","hentry"],"_links":{"self":[{"href":"https:\/\/alpagrumi.ch\/de\/wp-json\/wp\/v2\/pages\/841","targetHints":{"allow":["GET"]}}],"collection":[{"href":"https:\/\/alpagrumi.ch\/de\/wp-json\/wp\/v2\/pages"}],"about":[{"href":"https:\/\/alpagrumi.ch\/de\/wp-json\/wp\/v2\/types\/page"}],"author":[{"embeddable":true,"href":"https:\/\/alpagrumi.ch\/de\/wp-json\/wp\/v2\/users\/1630"}],"replies":[{"embeddable":true,"href":"https:\/\/alpagrumi.ch\/de\/wp-json\/wp\/v2\/comments?post=841"}],"version-history":[{"count":0,"href":"https:\/\/alpagrumi.ch\/de\/wp-json\/wp\/v2\/pages\/841\/revisions"}],"wp:attachment":[{"href":"https:\/\/alpagrumi.ch\/de\/wp-json\/wp\/v2\/media?parent=841"}],"curies":[{"name":"wp","href":"https:\/\/api.w.org\/{rel}","templated":true}]}}