{"id":875,"date":"2023-01-16T14:32:34","date_gmt":"2023-01-16T13:32:34","guid":{"rendered":"https:\/\/ticinoweb02.jcloud.ik-server.com\/alpagrum\/rustikale-zitrusfruechte\/"},"modified":"2025-10-29T22:32:18","modified_gmt":"2025-10-29T21:32:18","slug":"rustikale-zitrusfruechte","status":"publish","type":"page","link":"https:\/\/alpagrumi.ch\/de\/rustikale-zitrusfruechte\/","title":{"rendered":"Winterharte Zitrusb\u00e4ume"},"content":{"rendered":"\t\t<div data-elementor-type=\"wp-page\" data-elementor-id=\"875\" class=\"elementor elementor-875 elementor-587\" data-elementor-post-type=\"page\">\n\t\t\t\t\t\t<section class=\"elementor-section elementor-top-section elementor-element elementor-element-b4533ab elementor-section-boxed elementor-section-height-default elementor-section-height-default\" data-id=\"b4533ab\" data-element_type=\"section\" data-e-type=\"section\" data-settings=\"{&quot;background_background&quot;:&quot;classic&quot;}\">\n\t\t\t\t\t\t\t<div class=\"elementor-background-overlay\"><\/div>\n\t\t\t\t\t\t\t<div class=\"elementor-container elementor-column-gap-default\">\n\t\t\t\t\t<div class=\"elementor-column elementor-col-100 elementor-top-column elementor-element elementor-element-1404580\" data-id=\"1404580\" data-element_type=\"column\" data-e-type=\"column\">\n\t\t\t<div class=\"elementor-widget-wrap elementor-element-populated\">\n\t\t\t\t\t\t<div class=\"elementor-element elementor-element-98a7bc3 elementor-widget elementor-widget-heading\" data-id=\"98a7bc3\" data-element_type=\"widget\" data-e-type=\"widget\" data-widget_type=\"heading.default\">\n\t\t\t\t\t<h1 class=\"elementor-heading-title elementor-size-xxl\">Winterharte Zitrusb\u00e4ume<\/h1>\t\t\t\t<\/div>\n\t\t\t\t\t<\/div>\n\t\t<\/div>\n\t\t\t\t\t<\/div>\n\t\t<\/section>\n\t\t\t\t<section class=\"elementor-section elementor-top-section elementor-element elementor-element-ce559a9 elementor-section-boxed elementor-section-height-default elementor-section-height-default\" data-id=\"ce559a9\" data-element_type=\"section\" data-e-type=\"section\">\n\t\t\t\t\t\t<div class=\"elementor-container elementor-column-gap-default\">\n\t\t\t\t\t<div class=\"elementor-column elementor-col-100 elementor-top-column elementor-element elementor-element-afb4e8f\" data-id=\"afb4e8f\" data-element_type=\"column\" data-e-type=\"column\" data-settings=\"{&quot;animation&quot;:&quot;none&quot;}\">\n\t\t\t<div class=\"elementor-widget-wrap elementor-element-populated\">\n\t\t\t\t\t\t<div class=\"elementor-element elementor-element-d47a7f6 elementor-widget elementor-widget-heading\" data-id=\"d47a7f6\" data-element_type=\"widget\" data-e-type=\"widget\" data-widget_type=\"heading.default\">\n\t\t\t\t\t<h2 class=\"elementor-heading-title elementor-size-default\">Winterharte Zitrusb\u00e4ume<\/h2>\t\t\t\t<\/div>\n\t\t\t\t<div class=\"elementor-element elementor-element-f049c32 elementor-widget elementor-widget-text-editor\" data-id=\"f049c32\" data-element_type=\"widget\" data-e-type=\"widget\" data-widget_type=\"text-editor.default\">\n\t\t\t\t\t\t\t\t\t<p>Die Zitrusb\u00e4ume, die auf dieser Website zum Verkauf angeboten werden, sind alle winterhart, von -8 C bis -16 C f\u00fcr die winterh\u00e4rtesten.<\/p><p>Die verwendeten Unterlagen bieten die besten Kombinationen aus Frostresistenz und Vitalit\u00e4t.<\/p><p>Die Edelreiser wurden Mutterb\u00e4umen entnommen, die im Freien starken K\u00e4ltewellen ausgesetzt waren, meist bei Baumschulen oder Landwirten, manchmal auch in Privatg\u00e4rten. Ihre Auswahl ist das Ergebnis sorgf\u00e4ltiger Beobachtungen im Laufe der Jahrzehnte durch G\u00e4rtner mit aufmerksamem Auge, aber auch durch den vielf\u00e4ltigen Austausch zwischen Liebhabern. Alle diese Mutterb\u00e4ume wuchsen im Freiland, mit guter Belichtung, in windgesch\u00fctzter Lage, gut versorgt und bew\u00e4ssert.<\/p><p>Die Angaben zur Winterh\u00e4rte sind nur Richtwerte und gelten f\u00fcr ausgewachsene B\u00e4ume, die sich im Hochwinter in einer windgesch\u00fctzten Position in der Ruhephase befinden.<\/p>\t\t\t\t\t\t\t\t<\/div>\n\t\t\t\t<div class=\"elementor-element elementor-element-3033fe7 elementor-widget elementor-widget-heading\" data-id=\"3033fe7\" data-element_type=\"widget\" data-e-type=\"widget\" data-widget_type=\"heading.default\">\n\t\t\t\t\t<h4 class=\"elementor-heading-title elementor-size-default\">K\u00e4lteresistenz erwachsener B\u00e4ume<\/h4>\t\t\t\t<\/div>\n\t\t\t\t<div class=\"elementor-element elementor-element-1e9e01e elementor-widget elementor-widget-image\" data-id=\"1e9e01e\" data-element_type=\"widget\" data-e-type=\"widget\" data-widget_type=\"image.default\">\n\t\t\t\t\t\t\t\t\t\t\t\t\t\t\t<img fetchpriority=\"high\" decoding=\"async\" width=\"930\" height=\"2000\" src=\"https:\/\/alpagrumi.ch\/wp-content\/uploads\/sites\/78\/2025\/10\/Table-Varietes-arbres-6-DE.jpg\" class=\"attachment-2048x2048 size-2048x2048 wp-image-17515\" alt=\"Tabelle Rustizit\u00e4t Zitrusfr\u00fcchte\" srcset=\"https:\/\/alpagrumi.ch\/wp-content\/uploads\/sites\/78\/2025\/10\/Table-Varietes-arbres-6-DE.jpg 930w, https:\/\/alpagrumi.ch\/wp-content\/uploads\/sites\/78\/2025\/10\/Table-Varietes-arbres-6-DE-140x300.jpg 140w, https:\/\/alpagrumi.ch\/wp-content\/uploads\/sites\/78\/2025\/10\/Table-Varietes-arbres-6-DE-476x1024.jpg 476w, https:\/\/alpagrumi.ch\/wp-content\/uploads\/sites\/78\/2025\/10\/Table-Varietes-arbres-6-DE-768x1652.jpg 768w, https:\/\/alpagrumi.ch\/wp-content\/uploads\/sites\/78\/2025\/10\/Table-Varietes-arbres-6-DE-714x1536.jpg 714w, https:\/\/alpagrumi.ch\/wp-content\/uploads\/sites\/78\/2025\/10\/Table-Varietes-arbres-6-DE-600x1290.jpg 600w\" sizes=\"(max-width: 930px) 100vw, 930px\" \/>\t\t\t\t\t\t\t\t\t\t\t\t\t\t\t<\/div>\n\t\t\t\t<div class=\"elementor-element elementor-element-e29c802 elementor-widget elementor-widget-text-editor\" data-id=\"e29c802\" data-element_type=\"widget\" data-e-type=\"widget\" data-widget_type=\"text-editor.default\">\n\t\t\t\t\t\t\t\t\t<p>Die Klimazonen des USDA <em>(U.S. Department of Agriculture<\/em>) zeigen die thermischen Minima der letzten 30 Jahre.<br>Die Klimazonen in der Schweiz reichen von 5a (k\u00e4lter) bis 9a (w\u00e4rmer).<\/p><p>Die Winterh\u00e4rte wird f\u00fcr ausgewachsene B\u00e4ume im Freiland und in windgesch\u00fctzten Lagen angegeben, f\u00fcr starken, aber kurzen Frost.<br>B\u00e4ume k\u00f6nnen Nachtfrost \u00fcberstehen,<span class=\"BxUVEf ILfuVd\" lang=\"fr\">sogar<\/span>mehrere N\u00e4chte hintereinander, vorausgesetzt, dass die Tagestemperatur mindestens auf 4-5 Grad \u00fcber Null steigt.<\/p><p>Es ist das Holz, der Stamm und die Haupt\u00e4ste, die die Widerstandsf\u00e4higkeit gegen gro\u00dfe K\u00e4lte garantieren.<br>B\u00e4ume, die starkem und lang anhaltendem Frost ausgesetzt sind, k\u00f6nnen Sch\u00e4den an den jungen Trieben erleiden.<br>In diesem Fall m\u00fcssen die besch\u00e4digten kleinen \u00c4ste kurz vor dem Fr\u00fchjahr geschnitten werden, sie werden mit dem ersten Wachstum im April\/Mai regeneriert. <br>Ein au\u00dfergew\u00f6hnlicher K\u00e4lteeinbruch ist immer m\u00f6glich und f\u00fchrt zu Sch\u00e4den an den sekund\u00e4ren \u00c4sten. <br>In diesem Fall ist ein drastischerer R\u00fcckschnitt erforderlich, um einen guten Neustart zu erm\u00f6glichen.<\/p><p>Bei jungen B\u00e4umen, wenn starker Frost vorhergesagt wird, f\u00fcgen Sie Mulch hinzu oder verst\u00e4rken Sie ihn.<br>Es ist m\u00f6glich, ein Vlies zu verlegen, aber es muss nach der K\u00e4ltewelle wieder entfernt werden. Achtung der Schleier darf die Bl\u00e4tter nicht ber\u00fchren. Installiere ihn auf 4 St\u00f6cken, die um den jungen Baum herum gesteckt werden.<\/p>\t\t\t\t\t\t\t\t<\/div>\n\t\t\t\t<div class=\"elementor-element elementor-element-e692245 elementor-widget elementor-widget-heading\" data-id=\"e692245\" data-element_type=\"widget\" data-e-type=\"widget\" data-widget_type=\"heading.default\">\n\t\t\t\t\t<h3 class=\"elementor-heading-title elementor-size-xl\">USDA-Klimazonen in der Schweiz<\/h3>\t\t\t\t<\/div>\n\t\t\t\t<div class=\"elementor-element elementor-element-33c1e7a elementor-widget elementor-widget-text-editor\" data-id=\"33c1e7a\" data-element_type=\"widget\" data-e-type=\"widget\" data-widget_type=\"text-editor.default\">\n\t\t\t\t\t\t\t\t\t<p>Um herauszufinden, welche Sorten Sie in Ihrer Region pflanzen k\u00f6nnen, pr\u00fcfen Sie zun\u00e4chst, welche Klimazone USDA<\/p>\t\t\t\t\t\t\t\t<\/div>\n\t\t\t\t<div class=\"elementor-element elementor-element-3e75dd7 elementor-widget elementor-widget-text-editor\" data-id=\"3e75dd7\" data-element_type=\"widget\" data-e-type=\"widget\" data-widget_type=\"text-editor.default\">\n\t\t\t\t\t\t\t\t\t<p>Um die n\u00e4chstgelegene Stadt zu finden, besuchen Sie bitte die Website:<\/p><p><em><a href=\"https:\/\/www.plantmaps.com\/interactive-switzerland-plant-hardiness-zone-map-celsius.php\">https:\/\/www.plantmaps.com\/interactive-switzerland-plant-hardiness-zone-map-celsius.php<\/a><\/em><\/p><p><em> <\/em>Auf der interaktiven Karte k\u00f6nnen Sie in Ihre Gemeinde hineinzoomen und die USDA-Klimazone der geplanten Pflanzung ermitteln.<\/p><p>Eine detaillierte \u00dcbersicht \u00fcber die seit 1991 gemessenen thermischen Minima finden Sie unter folgendem Link:<\/p><p><a href=\"https:\/\/www.meteosuisse.admin.ch\/services-et-publications\/applications\/valeurs-mesurees-et-reseaux-de-mesure.html#param=messwerte-lufttemperatur-10min&amp;table=false&amp;station=PAY&amp;chart=day&amp;compare=y\"><em>MeteoSchweiz &#8211; Temperatur<\/em><\/a><\/p><p>Klicken Sie auf die n\u00e4chstgelegene Wetterstation, um auf die Daten zuzugreifen, indem Sie &#8222;Vergleich mit Klimadaten&#8220; w\u00e4hlen.<\/p>\t\t\t\t\t\t\t\t<\/div>\n\t\t\t\t<div class=\"elementor-element elementor-element-336b2cd elementor-widget elementor-widget-elementskit-accordion\" data-id=\"336b2cd\" data-element_type=\"widget\" data-e-type=\"widget\" data-widget_type=\"elementskit-accordion.default\">\n\t\t\t\t\t<div class=\"ekit-wid-con\" >\n        <div class=\"elementskit-accordion floating-style\" id=\"accordion-69dd6428631bf\">\n\n            \n                <div class=\"elementskit-card \">\n                    <div class=\"elementskit-card-header\" id=\"primaryHeading-0-336b2cd\">\n                        <a href=\"#collapse-a55b8af69dd6428631bf\" class=\"ekit-accordion--toggler elementskit-btn-link collapsed\" data-ekit-toggle=\"collapse\" data-target=\"#Collapse-a55b8af69dd6428631bf\" aria-expanded=\"false\" aria-controls=\"Collapse-a55b8af69dd6428631bf\">\n                                                            <div class=\"ekit_accordion_icon_left_group\">\n                                    <div class=\"ekit_accordion_normal_icon\">\n                                        <!-- Normal Icon -->\n                                        <i class=\"icon icon-plus\"><\/i>                                    <\/div>\n\n                                    <div class=\"ekit_accordion_active_icon\">\n                                        <!-- Active Icon -->\n\t\t\t\t\t\t\t\t\t\t<i class=\"icon icon-up-arrow\"><\/i>                                    <\/div>\n                                <\/div>\n\n                            \n                            <span class=\"ekit-accordion-title\">Lokale Bedingungen und Mikroklima<\/span>\n\n                            \n                                                    <\/a>\n                    <\/div>\n\n                    <div id=\"Collapse-a55b8af69dd6428631bf\" class=\" collapse\" aria-labelledby=\"primaryHeading-0-336b2cd\" data-parent=\"#accordion-69dd6428631bf\">\n\n                        <div class=\"elementskit-card-body ekit-accordion--content\">\n                            <p>Die USDA-Klimazonen werden durch die Temperaturminima definiert, die im Laufe des Jahres erreicht werden (normalerweise im Januar oder Februar).<\/p>\n<p>In einer bestimmten Region k\u00f6nnen sich die Tiefsttemperaturen jedoch erheblich \u00e4ndern, manchmal innerhalb von wenigen Kilometern oder sogar nur einigen hundert Metern.<\/p>\n<p>Faktoren, die die thermischen Minima positiv beeinflussen, sind zum Beispiel :<\/p>\n<ul>\n<li>Die Ausrichtung des Grundst\u00fccks<\/li>\n<\/ul>\n<p>Eine S\u00fcdexposition schw\u00e4cht die Minima und ihre Dauer stark ab<\/p>\n<ul>\n<li>Schutz vor Wind<\/li>\n<\/ul>\n<p>Ein gesch\u00fctztes Gebiet wird an W\u00e4rme gewinnen, extreme K\u00e4lte wird dort k\u00fcrzer sein.<\/p>\n<ul>\n<li>Das Vorhandensein eines Sees<\/li>\n<\/ul>\n<p>Ein Teich wird, wenn er gro\u00df genug ist, die K\u00e4lteperioden abfedern und verk\u00fcrzen.<\/p>\n<ul>\n<li>Die st\u00e4dtische Umwelt<\/li>\n<\/ul>\n<p>In St\u00e4dten und Vororten senkt der Stadtblaseneffekt die n\u00e4chtlichen Minima im Winter um mehrere Grad.  <\/p>\n<p>Diese Faktoren k\u00f6nnen zusammengenommen zu Inseln 8a\/8b <em>(-12.2 C bis -6.7 C)<\/em> inmitten einer Region 7a\/7b <em>(-17.8 C bis -12.2<\/em> C) f\u00fchren.<\/p>\n                        <\/div>\n\n                    <\/div>\n\n                <\/div><!-- .elementskit-card END -->\n\n                \n                <div class=\"elementskit-card \">\n                    <div class=\"elementskit-card-header\" id=\"primaryHeading-1-336b2cd\">\n                        <a href=\"#collapse-ff13fb169dd6428631bf\" class=\"ekit-accordion--toggler elementskit-btn-link collapsed\" data-ekit-toggle=\"collapse\" data-target=\"#Collapse-ff13fb169dd6428631bf\" aria-expanded=\"false\" aria-controls=\"Collapse-ff13fb169dd6428631bf\">\n                                                            <div class=\"ekit_accordion_icon_left_group\">\n                                    <div class=\"ekit_accordion_normal_icon\">\n                                        <!-- Normal Icon -->\n                                        <i class=\"icon icon-plus\"><\/i>                                    <\/div>\n\n                                    <div class=\"ekit_accordion_active_icon\">\n                                        <!-- Active Icon -->\n\t\t\t\t\t\t\t\t\t\t<i class=\"icon icon-up-arrow\"><\/i>                                    <\/div>\n                                <\/div>\n\n                            \n                            <span class=\"ekit-accordion-title\">G\u00fcnstige Orte zum Pflanzen<\/span>\n\n                            \n                                                    <\/a>\n                    <\/div>\n\n                    <div id=\"Collapse-ff13fb169dd6428631bf\" class=\" collapse\" aria-labelledby=\"primaryHeading-1-336b2cd\" data-parent=\"#accordion-69dd6428631bf\">\n\n                        <div class=\"elementskit-card-body ekit-accordion--content\">\n                            <p>Um ein optimales Wachstum eines Zitrusbaums zu gew\u00e4hrleisten, sollte er an einem windgesch\u00fctzten Ort stehen, der vor allem am Morgen gut von der Sonne beschienen wird.<\/p>\n<p>Sie k\u00f6nnen bedenkenlos in der N\u00e4he eines Hauses pflanzen, da die Hauptwurzel einer Zitrusfrucht senkrecht in den Boden eintauchen wird. Kein Risiko f\u00fcr das Fundament. Horizontale Oberfl\u00e4chenwurzeln sind nicht durchdringend. Die von den W\u00e4nden abgestrahlte W\u00e4rme wird Sie um mehrere Grad w\u00e4rmer machen.<\/p>\n<p>Eine dichte Hecke oder eine Mauer haben ebenfalls einen m\u00e4\u00dfigenden Effekt auf die Extreme.<\/p>\n<p>Wenn Sie in einem Obstgarten pflanzen, sollten die B\u00e4ume nicht zu weit auseinander stehen.<br \/>\u00dcberpr\u00fcfen Sie den empfohlenen Pflanzabstand in der Beschreibung der Zitrusfrucht Ihrer Wahl.<\/p>\n                        <\/div>\n\n                    <\/div>\n\n                <\/div><!-- .elementskit-card END -->\n\n                \n                <div class=\"elementskit-card \">\n                    <div class=\"elementskit-card-header\" id=\"primaryHeading-2-336b2cd\">\n                        <a href=\"#collapse-a90af5e69dd6428631bf\" class=\"ekit-accordion--toggler elementskit-btn-link collapsed\" data-ekit-toggle=\"collapse\" data-target=\"#Collapse-a90af5e69dd6428631bf\" aria-expanded=\"false\" aria-controls=\"Collapse-a90af5e69dd6428631bf\">\n                                                            <div class=\"ekit_accordion_icon_left_group\">\n                                    <div class=\"ekit_accordion_normal_icon\">\n                                        <!-- Normal Icon -->\n                                        <i class=\"icon icon-plus\"><\/i>                                    <\/div>\n\n                                    <div class=\"ekit_accordion_active_icon\">\n                                        <!-- Active Icon -->\n\t\t\t\t\t\t\t\t\t\t<i class=\"icon icon-up-arrow\"><\/i>                                    <\/div>\n                                <\/div>\n\n                            \n                            <span class=\"ekit-accordion-title\">Wenn Sie Ihre B\u00e4ume in T\u00f6pfen halten m\u00fcssen <\/span>\n\n                            \n                                                    <\/a>\n                    <\/div>\n\n                    <div id=\"Collapse-a90af5e69dd6428631bf\" class=\" collapse\" aria-labelledby=\"primaryHeading-2-336b2cd\" data-parent=\"#accordion-69dd6428631bf\">\n\n                        <div class=\"elementskit-card-body ekit-accordion--content\">\n                            <p>Ein Zitrusbaum wird sein volles Potenzial nur dann entfalten, wenn er im Freiland gepflanzt wird.<\/p>\n<p>Wenn bei den von Ihnen gew\u00e4hlten Sorten die Mindesttemperaturen in Ihrer Region dies nicht zulassen, m\u00fcssen Sie sie dennoch in T\u00f6pfen halten.<\/p>\n<p>Die B\u00e4ume werden einen Teil ihrer Winterh\u00e4rte verlieren, wenn sie in einem Topf bleiben. In einem klassischen Topf mit starren W\u00e4nden konzentrieren sich die Wurzeln an diesen W\u00e4nden und sind dem Frost sehr ausgesetzt.<br \/>In einem Air-Pot sind die Wurzeln \u00fcber das gesamte Volumen verteilt und besser gesch\u00fctzt. In diesem Fall kann man den Verlust an K\u00e4lteresistenz auf 5 bis 6 Grad sch\u00e4tzen.<br \/>Die beste L\u00f6sung ist es, die Pflanzen im Winter in einem Gew\u00e4chshaus mit einer Temperatur von mindestens -5 Grad (nachts) und h\u00f6chstens +10 bis +15 Grad (tags\u00fcber) zu sch\u00fctzen und sie dann im Fr\u00fchjahr herauszunehmen.<br \/>Alternativ k\u00f6nnen Sie den Topf mit einer doppelten Schicht dicker Jute umwickeln.  F\u00fcgen Sie dicken Mulch auf dem Boden um den Topf herum hinzu. Wenn es die Gr\u00f6\u00dfe des Baumes noch zul\u00e4sst, bringen Sie ein TNT-Vlies mit einer St\u00e4rke von mindestens 19 g\/m2 auf, ohne es auf die Bl\u00e4tter zu kleben. Verwenden Sie vier St\u00f6cke, um einen Kasten um die Pflanze herum zu bauen, dr\u00fccken Sie das Vlies mit gro\u00dfen Steinen oder Ziegelsteinen fest auf den Boden.<\/p>\n<p>Alle B\u00e4ume, die auf dieser Website verkauft werden, sind in Air-Pots aufgezogen (<a href=\"https:\/\/air-pot.com\/\"><br \/>\n  siehe die Website des Herstellers<br \/>\n<\/a>), speziell geformte T\u00f6pfe, die die Unversehrtheit der Wurzeln langfristig gew\u00e4hrleisten.<\/p>\n<p>Mit zunehmendem Wachstum sollte der Baum in einen gr\u00f6\u00dferen Air-Pot umgepflanzt werden. Theoretisch gibt es keine Begrenzung f\u00fcr die Gr\u00f6\u00dfe der Air-Pots, da das System so konzipiert ist, dass es erweiterbar ist. In der Praxis wird es aufgrund ihres Gewichts relativ schnell schwierig werden, die B\u00e4ume zu bewegen. Ein j\u00e4hrlicher R\u00fcckschnitt wird daher unvermeidlich sein, es sei denn, Sie k\u00f6nnen direkt im Gew\u00e4chshaus pflanzen.<\/p>\n<p><em>Anmerkung :<br \/><\/em><em>Werfen Sie die Air-Pots auf keinen Fall weg. Sie k\u00f6nnen sie wiederverwenden oder an uns zur\u00fcckschicken.  <br \/><\/em><\/p>\n                        <\/div>\n\n                    <\/div>\n\n                <\/div><!-- .elementskit-card END -->\n\n                                        <\/div>\n    <\/div>\t\t\t\t<\/div>\n\t\t\t\t<div class=\"elementor-element elementor-element-6a894e6 elementor-widget elementor-widget-heading\" data-id=\"6a894e6\" data-element_type=\"widget\" data-e-type=\"widget\" data-widget_type=\"heading.default\">\n\t\t\t\t\t<h2 class=\"elementor-heading-title elementor-size-xl\">Wie Sie Ihren Zitrusbaum ausw\u00e4hlen auf AlpAgrumi.ch<\/h2>\t\t\t\t<\/div>\n\t\t\t\t<div class=\"elementor-element elementor-element-6c848e2 elementor-widget elementor-widget-text-editor\" data-id=\"6c848e2\" data-element_type=\"widget\" data-e-type=\"widget\" data-widget_type=\"text-editor.default\">\n\t\t\t\t\t\t\t\t\t<ol><li>Pr\u00fcfen Sie zuerst, welche <strong>USDA-Klimazone<\/strong> Sie haben.<br>Siehe oben :<br><em><u>USDA-Klimazonen in der Schweiz<br><\/u><\/em><em><u><a href=\"https:\/\/www.plantmaps.com\/interactive-switzerland-plant-hardiness-zone-map-celsius.php\">Karte der USDA-Klimazonen in der Schweiz<\/a><br><\/u><\/em><em> <\/em><\/li><li>Sind die Bedingungen auf <strong>lokaler<\/strong> Ebene eher <strong>g\u00fcnstig <\/strong>?<br>Wenn Sie in einem Tal wohnen, ist der Hang in der Sonne oder im Schatten?<br>Sind Sie in der Ebene durch H\u00fcgel oder Wald gesch\u00fctzt?<br>Gibt es einen See in der N\u00e4he?<br>Siehe oben :<br><u><u><u><u><u><u><u><u><u>Lokale Bedingungen und Mikroklima<\/u><\/u><\/u><\/u><\/u><\/u><\/u><\/u><\/u><p> <\/p><\/li><li>Haben Sie einen <strong>gesch\u00fctzten Ort<\/strong> zum Pflanzen?<br>K\u00f6nnen Sie in der N\u00e4he eines Hauses, einer Mauer oder hinter einer Hecke pflanzen?<br>Und dabei sicherstellen, dass Ihr Baum eine gute Sonneneinstrahlung hat, vor allem am Morgen?<br>Siehe oben:<br><u>G\u00fcnstige Orte zum Pflanzen<br><\/u><em> <br><\/em><\/li><li>Schauen Sie sich die Liste der Zitrusfr\u00fcchte auf dieser Seite an.<br>W\u00e4hlen Sie <strong>B\u00e4ume<\/strong>, die mit Ihren lokalen klimatischen Bedingungen <strong>kompatibel<\/strong> sind.<br>Vergessen Sie nicht, auch die Art des Bodens und damit die am besten geeignete Unterlage zu ber\u00fccksichtigen (siehe <a href=\"https:\/\/alpagrumi.ch\/de\/unterlagen\/\"><u>Unterlagen<\/u><\/a>)<\/li><li>Besuchen Sie unseren <a href=\"https:\/\/alpagrumi.ch\/boutique\/\"><u>eShop<\/u><\/a> um zu bestellen und zwischen Versand und Abholung zu w\u00e4hlen. <br>Wenn Sie Ihre B\u00e4ume in unserem Gesch\u00e4ft in Monte Carasso (Bellinzona) abholen m\u00f6chten, denken Sie bitte daran, dass Sie sich anmelden. <a href=\"https:\/\/alpagrumi.ch\/de\/einen-termin-buchen\/\"><u>Ihren Termin zu reservieren<\/u><\/a>  <\/li><\/ol>\t\t\t\t\t\t\t\t<\/div>\n\t\t\t\t\t<\/div>\n\t\t<\/div>\n\t\t\t\t\t<\/div>\n\t\t<\/section>\n\t\t\t\t<\/div>\n\t\t","protected":false},"excerpt":{"rendered":"<p>Winterharte Zitrusb\u00e4ume Winterharte Zitrusb\u00e4ume Die Zitrusb\u00e4ume, die auf dieser Website zum Verkauf angeboten werden, sind alle winterhart, von -8 C bis -16 C f\u00fcr die winterh\u00e4rtesten. Die verwendeten Unterlagen bieten die besten Kombinationen aus Frostresistenz und Vitalit\u00e4t. Die Edelreiser wurden Mutterb\u00e4umen entnommen, die im Freien starken K\u00e4ltewellen ausgesetzt waren, meist bei Baumschulen oder Landwirten, manchmal [&hellip;]<\/p>\n","protected":false},"author":1630,"featured_media":0,"parent":0,"menu_order":0,"comment_status":"closed","ping_status":"closed","template":"elementor_header_footer","meta":{"_seopress_robots_primary_cat":"","_seopress_titles_title":"","_seopress_titles_desc":"","_seopress_robots_index":"","footnotes":""},"class_list":["post-875","page","type-page","status-publish","hentry"],"_links":{"self":[{"href":"https:\/\/alpagrumi.ch\/de\/wp-json\/wp\/v2\/pages\/875","targetHints":{"allow":["GET"]}}],"collection":[{"href":"https:\/\/alpagrumi.ch\/de\/wp-json\/wp\/v2\/pages"}],"about":[{"href":"https:\/\/alpagrumi.ch\/de\/wp-json\/wp\/v2\/types\/page"}],"author":[{"embeddable":true,"href":"https:\/\/alpagrumi.ch\/de\/wp-json\/wp\/v2\/users\/1630"}],"replies":[{"embeddable":true,"href":"https:\/\/alpagrumi.ch\/de\/wp-json\/wp\/v2\/comments?post=875"}],"version-history":[{"count":5,"href":"https:\/\/alpagrumi.ch\/de\/wp-json\/wp\/v2\/pages\/875\/revisions"}],"predecessor-version":[{"id":19703,"href":"https:\/\/alpagrumi.ch\/de\/wp-json\/wp\/v2\/pages\/875\/revisions\/19703"}],"wp:attachment":[{"href":"https:\/\/alpagrumi.ch\/de\/wp-json\/wp\/v2\/media?parent=875"}],"curies":[{"name":"wp","href":"https:\/\/api.w.org\/{rel}","templated":true}]}}