{"id":990,"date":"2023-01-16T15:24:16","date_gmt":"2023-01-16T14:24:16","guid":{"rendered":"https:\/\/ticinoweb02.jcloud.ik-server.com\/alpagrum\/datenschutzrichtlinie\/"},"modified":"2023-01-23T16:36:47","modified_gmt":"2023-01-23T15:36:47","slug":"datenschutzrichtlinie","status":"publish","type":"page","link":"https:\/\/alpagrumi.ch\/de\/datenschutzrichtlinie\/","title":{"rendered":"Datenschutzrichtlinie"},"content":{"rendered":"\t\t<div data-elementor-type=\"wp-page\" data-elementor-id=\"990\" class=\"elementor elementor-990 elementor-850\" data-elementor-post-type=\"page\">\n\t\t\t\t\t\t<section class=\"elementor-section elementor-top-section elementor-element elementor-element-b03a915 elementor-section-boxed elementor-section-height-default elementor-section-height-default\" data-id=\"b03a915\" data-element_type=\"section\" data-e-type=\"section\" data-settings=\"{&quot;background_background&quot;:&quot;classic&quot;}\">\n\t\t\t\t\t\t\t<div class=\"elementor-background-overlay\"><\/div>\n\t\t\t\t\t\t\t<div class=\"elementor-container elementor-column-gap-default\">\n\t\t\t\t\t<div class=\"elementor-column elementor-col-100 elementor-top-column elementor-element elementor-element-bdd498c\" data-id=\"bdd498c\" data-element_type=\"column\" data-e-type=\"column\">\n\t\t\t<div class=\"elementor-widget-wrap elementor-element-populated\">\n\t\t\t\t\t\t<div class=\"elementor-element elementor-element-c2bad19 elementor-widget elementor-widget-heading\" data-id=\"c2bad19\" data-element_type=\"widget\" data-e-type=\"widget\" data-settings=\"{&quot;_animation&quot;:&quot;none&quot;}\" data-widget_type=\"heading.default\">\n\t\t\t\t\t<h2 class=\"elementor-heading-title elementor-size-default\">Datenschutzrichtlinie<\/h2>\t\t\t\t<\/div>\n\t\t\t\t\t<\/div>\n\t\t<\/div>\n\t\t\t\t\t<\/div>\n\t\t<\/section>\n\t\t\t\t<section class=\"elementor-section elementor-top-section elementor-element elementor-element-646663b8 elementor-section-boxed elementor-section-height-default elementor-section-height-default\" data-id=\"646663b8\" data-element_type=\"section\" data-e-type=\"section\">\n\t\t\t\t\t\t<div class=\"elementor-container elementor-column-gap-default\">\n\t\t\t\t\t<div class=\"elementor-column elementor-col-100 elementor-top-column elementor-element elementor-element-47a34056\" data-id=\"47a34056\" data-element_type=\"column\" data-e-type=\"column\">\n\t\t\t<div class=\"elementor-widget-wrap elementor-element-populated\">\n\t\t\t\t\t\t<div class=\"elementor-element elementor-element-790e658a elementor-widget elementor-widget-text-editor\" data-id=\"790e658a\" data-element_type=\"widget\" data-e-type=\"widget\" data-widget_type=\"text-editor.default\">\n\t\t\t\t\t\t\t\t\t<p>Januar 2022<br \/>1. Allgemein<\/p>\n<p>Diese Website sammelt und verarbeitet personenbezogene Daten. Diese Richtlinie gilt zus\u00e4tzlich zu unseren Allgemeinen Gesch\u00e4ftsbedingungen. Personenbezogene Daten sind alle Daten, die sich auf eine identifizierte oder identifizierbare Person beziehen. Wenn Sie uns personenbezogene Daten anderer Personen (z. B. Familienmitglieder oder Arbeitskollegen) zur Verf\u00fcgung stellen, stellen Sie sicher, dass diese Personen diese Datenschutzrichtlinie kennen, und \u00fcbermitteln Sie uns ihre personenbezogenen Daten nur, wenn Sie dazu befugt sind.<\/p>\n<p>2. Verantwortlicher f\u00fcr die Verarbeitung<\/p>\n<p>Der Verantwortliche f\u00fcr die Verarbeitung der Daten, die wir hier beschreiben, ist die Akpagrumi Sagl, sofern im Einzelfall nichts anderes angegeben ist. Wenn Sie Fragen zum Datenschutzrecht haben, k\u00f6nnen Sie uns diese an die Kontaktadresse Alpagrumi Sagl, Via El Temeris 3, 6513 Monte Carasso (Bellinzona) \u00fcbermitteln. Bitte legen Sie Ihren Fragen eine Kopie Ihres Personalausweises oder eines anderen best\u00e4tigenden Dokuments bei. Sie k\u00f6nnen uns Ihre Fragen auch per E-Mail an contact@alpagrumi.ch schicken.<\/p>\n<p>3. Erhebung und Verarbeitung personenbezogener Daten<\/p>\n<p>Zu den pers\u00f6nlichen Daten, die wir direkt von Ihnen erheben, geh\u00f6ren: Vor- und Nachname, E-Mail-Adresse, Telefonnummer, Adresse, Kaufhistorie, Zahlungsdaten sowie alle Informationen, die Sie uns mitteilen, wenn Sie mit uns Kontakt aufnehmen.<br \/>Wenn Sie unsere Website mit einem Mobilger\u00e4t besuchen oder dort Pflanzen (oder andere Produkte) kaufen, k\u00f6nnen wir bestimmte Daten wie Ihre IP-Adresse und andere Daten \u00fcber das Mobilger\u00e4t erfassen.<br \/>Wir k\u00f6nnen personenbezogene Daten \u00fcber Sie erfassen, wenn :<br \/>&#8211; Sie kaufen Pflanzen (oder andere Produkte) \u00fcber den eShop.<br \/>&#8211; Sie besuchen unsere Website.<br \/>&#8211; Sie wenden sich per E-Mail an uns.<\/p>\n<p>4. Cookies und andere Tracking-Technologien<\/p>\n<p>Die Websites www.alpagrumi.ch und www.alpagrumi.com legen in Ihrem Webbrowser &#8222;Cookies&#8220; ab, die einer kleinen Textdatei entsprechen und es erm\u00f6glichen, Sie zu identifizieren, indem sie Ihrem Computer eine eindeutige Nummer zuweisen. Diese Funktion erm\u00f6glicht es Alpagrumi Sagl, Informationen \u00fcber Ihre Eink\u00e4ufe zu speichern, die Sie dann einsehen k\u00f6nnen, wenn Sie sich zu einem sp\u00e4teren Zeitpunkt in Ihr Konto einloggen. Diese Cookies erm\u00f6glichen es uns nicht, andere Informationen als die, die Sie uns bei Bestellungen \u00fcber den eShop mitteilen, abzurufen.<br \/>Unsere Website benutzt au\u00dferdem Google Analytics, einen Webanalysedienst der Google Inc. (&#8222;Google&#8220;). Google Analytics verwendet Cookies, d. h. Textdateien, die auf Ihrem Computer abgelegt werden, um der Website dabei zu helfen, die Nutzung der Website durch ihre Nutzer zu analysieren. Die von den Cookies erzeugten Daten \u00fcber Ihre Nutzung der Website (einschlie\u00dflich Ihrer IP-Adresse) werden von Google an Server in den USA weitergeleitet und dort gespeichert. Google wird diese Informationen benutzen, um Ihre Nutzung der Website auszuwerten, um Reports \u00fcber die Websiteaktivit\u00e4ten f\u00fcr die Websitebetreiber zusammenzustellen und um weitere mit der Websiteaktivit\u00e4t und der Internetnutzung verbundene Dienstleistungen zu erbringen. Google kann diese Daten an Dritte weitergeben, wenn dies gesetzlich vorgeschrieben ist oder wenn diese Dritten die Daten im Auftrag von Google verarbeiten, einschlie\u00dflich insbesondere des Herausgebers dieser Website. Google wird Ihre IP-Adresse nicht mit anderen Daten, die sich im Besitz von Google befinden, in Verbindung bringen.<\/p>\n<p>Sie k\u00f6nnen die Verwendung von Cookies deaktivieren, indem Sie die entsprechenden Einstellungen in Ihrem Browser w\u00e4hlen. Eine solche Deaktivierung k\u00f6nnte jedoch die Nutzung bestimmter Funktionen dieser Website verhindern. Durch die Nutzung dieser Website erkl\u00e4ren Sie sich ausdr\u00fccklich damit einverstanden, dass Ihre Daten unter den oben beschriebenen Bedingungen und zu den oben genannten Zwecken verarbeitet werden.<\/p>\n<p>5. \u00dcbermittlung und Weitergabe von pers\u00f6nlichen Daten<\/p>\n<p>Die von Alpagrumi Sagl im Rahmen unserer Einzelhandelsaktivit\u00e4ten (einschlie\u00dflich \u00fcber unsere Website) erhobenen Daten k\u00f6nnen an befugtes Personal des Unternehmens sowie an unsere externen Partner weitergegeben werden, einschlie\u00dflich :<br \/>Die Verarbeitung Ihrer Finanz- und Zahlungsdaten, um die Sicherheit Ihrer Zahlungen zu gew\u00e4hrleisten und einen betr\u00fcgerischen Missbrauch Ihrer Daten zu verhindern.<br \/>Andere Dienste wie unser IT-Hosting-Unternehmen<br \/>Auf der Grundlage Ihrer Zustimmung bei der Einrichtung eines Kontos bei uns k\u00f6nnen wir (und unsere befugten Dienstleister) Ihnen auch Werbe-E-Mailings, Newsletter oder Umfragen zur Kundenzufriedenheit zusenden, je nachdem, was Sie gew\u00e4hlt haben.<\/p>\n<p>6. Dauer der Speicherung personenbezogener Daten<\/p>\n<p>Wir verarbeiten und speichern Ihre personenbezogenen Daten so lange, wie es f\u00fcr die Erf\u00fcllung unserer vertraglichen und gesetzlichen Pflichten oder zur Erreichung der mit der Verarbeitung verfolgten Zwecke erforderlich ist, f\u00fcr die Dauer der Gesch\u00e4ftsbeziehung und dar\u00fcber hinaus gem\u00e4\u00df den gesetzlichen Aufbewahrungs- und Dokumentationspflichten. Es ist m\u00f6glich, dass personenbezogene Daten f\u00fcr den Zeitraum aufbewahrt werden, in dem Anspr\u00fcche gegen unser Unternehmen geltend gemacht werden k\u00f6nnen, und in dem Umfang, in dem wir gesetzlich oder aufgrund berechtigter Gesch\u00e4ftsinteressen dazu verpflichtet sind (z. B. zu Beweis- und Dokumentationszwecken).<\/p>\n<p>7. Sicherheit der Daten<\/p>\n<p>Die Sicherheit der pers\u00f6nlichen Daten unserer Kunden und Besucher ist uns sehr wichtig. Wir ergreifen angemessene technische und organisatorische Ma\u00dfnahmen, um Ihre personenbezogenen Daten vor unbefugtem Zugriff und Missbrauch zu sch\u00fctzen.<\/p>\n<p>8. Pflicht zur Bereitstellung personenbezogener Daten<\/p>\n<p>Im Rahmen unserer Gesch\u00e4ftsbeziehung m\u00fcssen Sie, um eine Bestellung auf unserer Website best\u00e4tigen zu k\u00f6nnen, die personenbezogenen Daten bereitstellen, die f\u00fcr die Aufnahme und Durchf\u00fchrung der Gesch\u00e4ftsleistung und die Erf\u00fcllung aller sich daraus ergebenden vertraglichen Verpflichtungen erforderlich sind (in der Regel sind Sie nicht gesetzlich verpflichtet, uns Daten zur Verf\u00fcgung zu stellen). Ohne diese Daten ist es uns in der Regel nicht m\u00f6glich, einen Vertrag mit Ihnen (oder der Einrichtung oder Person, die Sie vertritt) zu schlie\u00dfen oder zu erf\u00fcllen. Au\u00dferdem kann unsere Website nicht genutzt werden, wenn bestimmte Informationen, die zur Gew\u00e4hrleistung des Datenverkehrs erforderlich sind, nicht offengelegt werden.<\/p>\n<p>9. Rechte der betroffenen Person<\/p>\n<p>Im Rahmen des f\u00fcr Sie geltenden Datenschutzrechts und soweit dies in diesem Recht vorgesehen ist, z. B. im Fall der DSGVO (https:\/\/eur-lex.europa.eu\/legal-content\/FR\/TXT\/?uri=CELEX%3A32016R0679), haben Sie das Recht auf Auskunft, Berichtigung, L\u00f6schung, Einschr\u00e4nkung der Datenverarbeitung, Widerspruch gegen unsere Datenverarbeitung sowie das Recht, bestimmte personenbezogene Daten zur \u00dcbertragung an einen Dritten zu ver\u00f6ffentlichen (Daten\u00fcbertragbarkeit).<br \/>Bitte beachten Sie jedoch, dass wir uns das Recht vorbehalten, gesetzlich vorgeschriebene Einschr\u00e4nkungen geltend zu machen, z. B. wenn wir verpflichtet sind, bestimmte Daten aufzubewahren oder zu \u00e4ndern, wenn ein \u00fcberwiegendes Interesse besteht (soweit wir uns darauf berufen k\u00f6nnen) oder wenn sie zur Durchsetzung von Rechten erforderlich sind. Anfragen sind grunds\u00e4tzlich kostenlos. Wenn kein schutzw\u00fcrdiges Interesse vorliegt, k\u00f6nnen Kosten f\u00fcr eine besonders hohe Arbeitsbelastung, einen \u00fcberm\u00e4\u00dfigen oder notorischen Informationsbedarf verlangt werden. Wenn in Ihrem Fall Geb\u00fchren anfallen, werden wir Sie vorab dar\u00fcber informieren. Wir verweisen auf Ziffer 4 bez\u00fcglich der M\u00f6glichkeit, Ihre Einwilligung zu widerrufen. Bitte beachten Sie, dass die Aus\u00fcbung dieser Rechte mit vertraglichen Vereinbarungen kollidieren und Folgen wie eine vorzeitige Beendigung des Vertrags oder finanzielle Auswirkungen haben kann. Wir werden Sie vorab dar\u00fcber informieren, wenn dies nicht bereits im Vertrag geregelt ist.  <br \/>Um diese Rechte auszu\u00fcben, m\u00fcssen Sie in der Lage sein, Ihre Identit\u00e4t eindeutig nachzuweisen, z. B. durch eine Kopie Ihres Personalausweises, wenn Ihre Identit\u00e4t nicht eindeutig ist oder nicht \u00fcberpr\u00fcft werden kann. Um Ihre Rechte geltend zu machen, k\u00f6nnen Sie sich unter der in Ziffer 2 angegebenen Adresse an uns wenden.<br \/>Jede betroffene Person ist auch berechtigt, ihre Rechte vor Gericht geltend zu machen oder eine Beschwerde bei der zust\u00e4ndigen Datenschutzbeh\u00f6rde einzureichen. In der Schweiz ist die zust\u00e4ndige Beh\u00f6rde f\u00fcr den Datenschutz der Eidgen\u00f6ssische Datenschutz- und \u00d6ffentlichkeitsbeauftragte (www.edoeb.admin.ch).<\/p>\n<p>10. \u00c4nderungen<\/p>\n<p>Wir behalten uns das Recht vor, diese Datenschutzrichtlinie jederzeit ohne Vorank\u00fcndigung zu \u00e4ndern. Es gilt die aktuell auf unserer Website ver\u00f6ffentlichte Version.<\/p><\/p>\n\t\t\t\t\t\t\t\t<\/div>\n\t\t\t\t\t<\/div>\n\t\t<\/div>\n\t\t\t\t\t<\/div>\n\t\t<\/section>\n\t\t\t\t<\/div>\n\t\t","protected":false},"excerpt":{"rendered":"<p>Januar 20221. Allgemein Diese Website sammelt und verarbeitet personenbezogene Daten. Diese Richtlinie gilt zus\u00e4tzlich zu unseren Allgemeinen Gesch\u00e4ftsbedingungen. Personenbezogene Daten sind alle Daten, die sich auf eine identifizierte oder identifizierbare Person beziehen. Wenn Sie uns personenbezogene Daten anderer Personen (z. B. Familienmitglieder oder Arbeitskollegen) zur Verf\u00fcgung stellen, stellen Sie sicher, dass diese Personen diese Datenschutzrichtlinie [&hellip;]<\/p>\n","protected":false},"author":1630,"featured_media":0,"parent":0,"menu_order":0,"comment_status":"closed","ping_status":"open","template":"elementor_header_footer","meta":{"_seopress_robots_primary_cat":"","_seopress_titles_title":"","_seopress_titles_desc":"","_seopress_robots_index":"","footnotes":""},"class_list":["post-990","page","type-page","status-publish","hentry"],"_links":{"self":[{"href":"https:\/\/alpagrumi.ch\/de\/wp-json\/wp\/v2\/pages\/990","targetHints":{"allow":["GET"]}}],"collection":[{"href":"https:\/\/alpagrumi.ch\/de\/wp-json\/wp\/v2\/pages"}],"about":[{"href":"https:\/\/alpagrumi.ch\/de\/wp-json\/wp\/v2\/types\/page"}],"author":[{"embeddable":true,"href":"https:\/\/alpagrumi.ch\/de\/wp-json\/wp\/v2\/users\/1630"}],"replies":[{"embeddable":true,"href":"https:\/\/alpagrumi.ch\/de\/wp-json\/wp\/v2\/comments?post=990"}],"version-history":[{"count":0,"href":"https:\/\/alpagrumi.ch\/de\/wp-json\/wp\/v2\/pages\/990\/revisions"}],"wp:attachment":[{"href":"https:\/\/alpagrumi.ch\/de\/wp-json\/wp\/v2\/media?parent=990"}],"curies":[{"name":"wp","href":"https:\/\/api.w.org\/{rel}","templated":true}]}}