{"id":12155,"date":"2023-02-11T12:10:32","date_gmt":"2023-02-11T11:10:32","guid":{"rendered":"https:\/\/alpagrumi.ch\/?post_type=product&#038;p=12155"},"modified":"2026-03-30T13:55:47","modified_gmt":"2026-03-30T11:55:47","slug":"kabosu","status":"publish","type":"product","link":"https:\/\/alpagrumi.ch\/de\/produkt\/kabosu\/","title":{"rendered":"Kabosu"},"content":{"rendered":"<p>Kabosu ist eine komplexe nat\u00fcrliche Hybride aus Yuzu- und Mandarinenb\u00e4umen. Er wird seit dem 18. Jahrhundert auf der Insel Kyushu angebaut und ist selbst in Japan selten. Die Fr\u00fcchte sind kleine, sehr aromatische Limetten, die noch gr\u00fcn verwendet werden sollten, um ein Maximum an Aroma zu erhalten.<br \/>\nDer ausgewachsene Baum hat eine gute Winterh\u00e4rte, ist sehr produktiv und beh\u00e4lt dennoch einen kompakten Wuchs.<\/p>\n<p>Referenzen:<br \/>\n<a href=\"https:\/\/citrusvariety.ucr.edu\/crc3943\">https:\/\/citrusvariety.ucr.edu\/crc3943<\/a><\/p>\n<p>&nbsp;<\/p>\n","protected":false},"excerpt":{"rendered":"<p><em>(Citrus sphaerocarpa<\/em>) <em><br \/>\n Auf Forner-Alcaide 5 (FA5) Unterlage<\/em><\/p>\n","protected":false},"featured_media":12292,"comment_status":"closed","ping_status":"closed","template":"","meta":{"_seopress_robots_primary_cat":"none","_seopress_titles_title":"","_seopress_titles_desc":"","_seopress_robots_index":""},"product_brand":[],"product_cat":[54],"product_tag":[],"class_list":{"0":"post-12155","1":"product","2":"type-product","3":"status-publish","4":"has-post-thumbnail","6":"product_cat-nicht-klassifiziert","7":"pa_taille-grosse","8":"pa_taille-kleine","9":"pa_taille-mittel","11":"first","12":"instock","13":"purchasable","14":"product-type-variable","15":"has-default-attributes"},"_links":{"self":[{"href":"https:\/\/alpagrumi.ch\/de\/wp-json\/wp\/v2\/product\/12155","targetHints":{"allow":["GET"]}}],"collection":[{"href":"https:\/\/alpagrumi.ch\/de\/wp-json\/wp\/v2\/product"}],"about":[{"href":"https:\/\/alpagrumi.ch\/de\/wp-json\/wp\/v2\/types\/product"}],"replies":[{"embeddable":true,"href":"https:\/\/alpagrumi.ch\/de\/wp-json\/wp\/v2\/comments?post=12155"}],"wp:featuredmedia":[{"embeddable":true,"href":"https:\/\/alpagrumi.ch\/de\/wp-json\/wp\/v2\/media\/12292"}],"wp:attachment":[{"href":"https:\/\/alpagrumi.ch\/de\/wp-json\/wp\/v2\/media?parent=12155"}],"wp:term":[{"taxonomy":"product_brand","embeddable":true,"href":"https:\/\/alpagrumi.ch\/de\/wp-json\/wp\/v2\/product_brand?post=12155"},{"taxonomy":"product_cat","embeddable":true,"href":"https:\/\/alpagrumi.ch\/de\/wp-json\/wp\/v2\/product_cat?post=12155"},{"taxonomy":"product_tag","embeddable":true,"href":"https:\/\/alpagrumi.ch\/de\/wp-json\/wp\/v2\/product_tag?post=12155"}],"curies":[{"name":"wp","href":"https:\/\/api.w.org\/{rel}","templated":true}]}}