{"id":12391,"date":"2023-02-18T18:20:07","date_gmt":"2023-02-18T17:20:07","guid":{"rendered":"https:\/\/alpagrumi.ch\/?post_type=product&#038;p=12391"},"modified":"2026-03-21T10:02:29","modified_gmt":"2026-03-21T09:02:29","slug":"shiranui","status":"publish","type":"product","link":"https:\/\/alpagrumi.ch\/de\/produkt\/shiranui\/","title":{"rendered":"Shiranui"},"content":{"rendered":"<p>Die Japaner entwickelten diesen Hybriden in den 1970er Jahren. Auf der Suche nach absoluter S\u00fc\u00dfe kreuzten sie einen Tangor Kyomi und einen Mandarinenbaum Ponkan.<br \/>\nDie daraus resultierenden Fr\u00fcchte werden Dekopon genannt (eine gesch\u00fctzte Marke), aber nur die s\u00fc\u00dfesten, ohne eine Spur von S\u00e4ure.<br \/>\nDiese Fr\u00fcchte sind gro\u00df mit einem typischen Auswuchs, s\u00fc\u00df und aromatisch mit einem schmelzenden Fruchtfleisch. Sie werden ab M\u00e4rz geerntet und wenn man sie einige Wochen k\u00fchl lagert, gewinnen sie noch an Zucker.<\/p>\n<p>Der ausgewachsene Baum bleibt kompakt und ist ziemlich k\u00e4ltebest\u00e4ndig.<br \/>\nEr eignet sich auch f\u00fcr den Anbau im Gew\u00e4chshaus, wo die Ernte auf Ende Dezember vorgezogen werden kann.<\/p>\n<p>Referenzen:<br \/>\n<a href=\"https:\/\/idtools.org\/tools\/1076\/index.cfm?packageID=1179&amp;entityID=8814\">https:\/\/idtools.org\/tools\/1076\/index.cfm?packageID=1179&amp;entityID=8814<\/a><br \/>\n<a href=\"https:\/\/citrusvariety.ucr.edu\/crc4249\">https:\/\/citrusvariety.ucr.edu\/crc4249<\/a><\/p>\n<p>&nbsp;<\/p>\n","protected":false},"excerpt":{"rendered":"<p>(Citrus unshiu x Citrus sinensis) x Citrus reticulata<\/p>\n<p>Auf Forner-Alcaide 5 (FA5) Unterlage<\/p>\n<p>&nbsp;<\/p>\n","protected":false},"featured_media":12389,"comment_status":"closed","ping_status":"closed","template":"","meta":{"_seopress_robots_primary_cat":"none","_seopress_titles_title":"","_seopress_titles_desc":"","_seopress_robots_index":""},"product_brand":[],"product_cat":[54],"product_tag":[],"class_list":{"0":"post-12391","1":"product","2":"type-product","3":"status-publish","4":"has-post-thumbnail","6":"product_cat-nicht-klassifiziert","7":"pa_taille-kleine","8":"pa_taille-mittel","10":"first","11":"instock","12":"purchasable","13":"product-type-variable","14":"has-default-attributes"},"_links":{"self":[{"href":"https:\/\/alpagrumi.ch\/de\/wp-json\/wp\/v2\/product\/12391","targetHints":{"allow":["GET"]}}],"collection":[{"href":"https:\/\/alpagrumi.ch\/de\/wp-json\/wp\/v2\/product"}],"about":[{"href":"https:\/\/alpagrumi.ch\/de\/wp-json\/wp\/v2\/types\/product"}],"replies":[{"embeddable":true,"href":"https:\/\/alpagrumi.ch\/de\/wp-json\/wp\/v2\/comments?post=12391"}],"wp:featuredmedia":[{"embeddable":true,"href":"https:\/\/alpagrumi.ch\/de\/wp-json\/wp\/v2\/media\/12389"}],"wp:attachment":[{"href":"https:\/\/alpagrumi.ch\/de\/wp-json\/wp\/v2\/media?parent=12391"}],"wp:term":[{"taxonomy":"product_brand","embeddable":true,"href":"https:\/\/alpagrumi.ch\/de\/wp-json\/wp\/v2\/product_brand?post=12391"},{"taxonomy":"product_cat","embeddable":true,"href":"https:\/\/alpagrumi.ch\/de\/wp-json\/wp\/v2\/product_cat?post=12391"},{"taxonomy":"product_tag","embeddable":true,"href":"https:\/\/alpagrumi.ch\/de\/wp-json\/wp\/v2\/product_tag?post=12391"}],"curies":[{"name":"wp","href":"https:\/\/api.w.org\/{rel}","templated":true}]}}