{"id":12403,"date":"2023-02-13T19:26:25","date_gmt":"2023-02-13T18:26:25","guid":{"rendered":"https:\/\/alpagrumi.ch\/?post_type=product&#038;p=12403"},"modified":"2026-03-16T19:40:53","modified_gmt":"2026-03-16T18:40:53","slug":"citradia","status":"publish","type":"product","link":"https:\/\/alpagrumi.ch\/de\/produkt\/citradia\/","title":{"rendered":"Citradia"},"content":{"rendered":"<p>Die Citradia ist eine Hybride aus Poncirus und Bitterorange, eine der vielen Hybriden, die von WT Swingle Anfang des 20. Jahrhunderts gez\u00fcchtet wurden.<br \/>\nDie Fr\u00fcchte haben einen zitronen\u00e4hnlichen Geschmack mit einer aromatischen Schale und wenig Kernen. Diese kleinen Zitronen mit abgeflachtem Boden bleiben lange am Baum und verlieren langsam ihre S\u00e4ure, indem sie sich gelb und sp\u00e4ter orange f\u00e4rben.<br \/>\nDer Baum bleibt kompakt und kann bei Bedarf in einem Topf gehalten werden. <\/p>\n<p>Referenzen:<br \/>\n<a href=\"https:\/\/citrusvariety.ucr.edu\/crc1436\">https:\/\/citrusvariety.ucr.edu\/crc1436<\/a><br \/>\n<a href=\"https:\/\/idtools.org\/tools\/1076\/index.cfm?packageID=1179&amp;entityID=8387\">https:\/\/idtools.org\/tools\/1076\/index.cfm?packageID=1179&amp;entityID=8387<\/a><\/p>\n<p>&nbsp;<\/p>\n<p>&nbsp;<\/p>\n","protected":false},"excerpt":{"rendered":"<p>(Citrus aurantium x Poncirus trifoliata)<\/p>\n<p>Auf FA5-Unterlage<\/p>\n","protected":false},"featured_media":20038,"comment_status":"closed","ping_status":"closed","template":"","meta":{"_seopress_robots_primary_cat":"none","_seopress_titles_title":"","_seopress_titles_desc":"","_seopress_robots_index":""},"product_brand":[],"product_cat":[54],"product_tag":[],"class_list":{"0":"post-12403","1":"product","2":"type-product","3":"status-publish","4":"has-post-thumbnail","6":"product_cat-nicht-klassifiziert","7":"pa_taille-kleine","8":"pa_taille-mittel","10":"first","11":"outofstock","12":"purchasable","13":"product-type-variable","14":"has-default-attributes"},"_links":{"self":[{"href":"https:\/\/alpagrumi.ch\/de\/wp-json\/wp\/v2\/product\/12403","targetHints":{"allow":["GET"]}}],"collection":[{"href":"https:\/\/alpagrumi.ch\/de\/wp-json\/wp\/v2\/product"}],"about":[{"href":"https:\/\/alpagrumi.ch\/de\/wp-json\/wp\/v2\/types\/product"}],"replies":[{"embeddable":true,"href":"https:\/\/alpagrumi.ch\/de\/wp-json\/wp\/v2\/comments?post=12403"}],"wp:featuredmedia":[{"embeddable":true,"href":"https:\/\/alpagrumi.ch\/de\/wp-json\/wp\/v2\/media\/20038"}],"wp:attachment":[{"href":"https:\/\/alpagrumi.ch\/de\/wp-json\/wp\/v2\/media?parent=12403"}],"wp:term":[{"taxonomy":"product_brand","embeddable":true,"href":"https:\/\/alpagrumi.ch\/de\/wp-json\/wp\/v2\/product_brand?post=12403"},{"taxonomy":"product_cat","embeddable":true,"href":"https:\/\/alpagrumi.ch\/de\/wp-json\/wp\/v2\/product_cat?post=12403"},{"taxonomy":"product_tag","embeddable":true,"href":"https:\/\/alpagrumi.ch\/de\/wp-json\/wp\/v2\/product_tag?post=12403"}],"curies":[{"name":"wp","href":"https:\/\/api.w.org\/{rel}","templated":true}]}}