{"id":12815,"date":"2023-01-15T20:15:31","date_gmt":"2023-01-15T19:15:31","guid":{"rendered":"https:\/\/alpagrumi.ch\/produit\/eremorange\/"},"modified":"2026-04-12T18:21:16","modified_gmt":"2026-04-12T16:21:16","slug":"eremorange","status":"publish","type":"product","link":"https:\/\/alpagrumi.ch\/de\/produkt\/eremorange\/","title":{"rendered":"Eremorange (Kaviar-Zitrone)"},"content":{"rendered":"<p>Eine Kaviar-Zitrone aus Australien, die selbst extremer K\u00e4lte bis -15\u00b0C standh\u00e4lt.<br \/>\nDie Eremorange ist eine nat\u00fcrliche Hybride zwischen der W\u00fcstenlimette (Citrus glauca) und dem Orangenbaum (Citrus sinensis).<br \/>\nDie Frucht ist sehr klein und rund (weniger als 20 Gramm), mit aromatischer Schale und Bl\u00e4schen, die wie winzige, duftende Orangenkugeln aussehen, typisch f\u00fcr australische Sorten.<br \/>\nDie Frucht wird ab September geerntet und kann frisch gegessen werden, wird aber wegen ihres komplexen und \u00fcberraschenden Geschmacks oft zu Marmelade verarbeitet.<\/p>\n<p>Der Baum ist kr\u00e4ftig, produktiv und wenig bedornt. Ihr Laub ist untypisch f\u00fcr eine Zitrusfrucht und \u00e4hnelt dem des Olivenbaums.<\/p>\n<p>&nbsp;<\/p>\n","protected":false},"excerpt":{"rendered":"<p><em>(Eremocitrus sinensis)<\/em><br \/>\nAuf Forner-Alcaide 5 (FA5) Unterlage<\/p>\n","protected":false},"featured_media":12818,"comment_status":"open","ping_status":"closed","template":"","meta":{"_seopress_robots_primary_cat":"none","_seopress_titles_title":"","_seopress_titles_desc":"","_seopress_robots_index":""},"product_brand":[],"product_cat":[54],"product_tag":[],"class_list":{"0":"post-12815","1":"product","2":"type-product","3":"status-publish","4":"has-post-thumbnail","6":"product_cat-nicht-klassifiziert","7":"pa_taille-grosse","8":"pa_taille-kleine","9":"pa_taille-mittel","11":"first","12":"instock","13":"purchasable","14":"product-type-variable","15":"has-default-attributes"},"_links":{"self":[{"href":"https:\/\/alpagrumi.ch\/de\/wp-json\/wp\/v2\/product\/12815","targetHints":{"allow":["GET"]}}],"collection":[{"href":"https:\/\/alpagrumi.ch\/de\/wp-json\/wp\/v2\/product"}],"about":[{"href":"https:\/\/alpagrumi.ch\/de\/wp-json\/wp\/v2\/types\/product"}],"replies":[{"embeddable":true,"href":"https:\/\/alpagrumi.ch\/de\/wp-json\/wp\/v2\/comments?post=12815"}],"wp:featuredmedia":[{"embeddable":true,"href":"https:\/\/alpagrumi.ch\/de\/wp-json\/wp\/v2\/media\/12818"}],"wp:attachment":[{"href":"https:\/\/alpagrumi.ch\/de\/wp-json\/wp\/v2\/media?parent=12815"}],"wp:term":[{"taxonomy":"product_brand","embeddable":true,"href":"https:\/\/alpagrumi.ch\/de\/wp-json\/wp\/v2\/product_brand?post=12815"},{"taxonomy":"product_cat","embeddable":true,"href":"https:\/\/alpagrumi.ch\/de\/wp-json\/wp\/v2\/product_cat?post=12815"},{"taxonomy":"product_tag","embeddable":true,"href":"https:\/\/alpagrumi.ch\/de\/wp-json\/wp\/v2\/product_tag?post=12815"}],"curies":[{"name":"wp","href":"https:\/\/api.w.org\/{rel}","templated":true}]}}