{"id":12862,"date":"2023-02-18T13:56:06","date_gmt":"2023-02-18T12:56:06","guid":{"rendered":"https:\/\/alpagrumi.ch\/?post_type=product&#038;p=12862"},"modified":"2026-03-31T20:45:56","modified_gmt":"2026-03-31T18:45:56","slug":"orangenbaum-fragola","status":"publish","type":"product","link":"https:\/\/alpagrumi.ch\/de\/produkt\/orangenbaum-fragola\/","title":{"rendered":"Orangenbaum Fragola"},"content":{"rendered":"<p>Diese Orangensorte hat ein Fruchtfleisch mit feinem Erdbeeraroma, eine d\u00fcnne Schale und wenig Kerne.<br \/>\nDie Orangen sind mittelgro\u00df (200 Gramm), saftig und s\u00fc\u00df, reif im Dezember, k\u00f6nnen aber lange am Zweig bleiben und halb blutend werden.<br \/>\nDie Fr\u00fcchte sind an der Pflanze gut k\u00e4ltebest\u00e4ndig und bleiben auch nach dem Pfl\u00fccken lange haltbar.<\/p>\n<p>Der Baum ist kr\u00e4ftig und produktiv mit sehr dunkelgr\u00fcnem Laub.<\/p>\n<p>&nbsp;<\/p>\n","protected":false},"excerpt":{"rendered":"<p><em>(Citrus sinensis)<br \/>\n<\/em>Auf Forner-Alcaide 5 (FA5) Unterlage<\/p>\n","protected":false},"featured_media":12854,"comment_status":"open","ping_status":"closed","template":"","meta":{"_seopress_robots_primary_cat":"none","_seopress_titles_title":"","_seopress_titles_desc":"","_seopress_robots_index":""},"product_brand":[],"product_cat":[54],"product_tag":[],"class_list":{"0":"post-12862","1":"product","2":"type-product","3":"status-publish","4":"has-post-thumbnail","6":"product_cat-nicht-klassifiziert","7":"pa_taille-kleine","8":"pa_taille-mittel","10":"first","11":"instock","12":"purchasable","13":"product-type-variable","14":"has-default-attributes"},"_links":{"self":[{"href":"https:\/\/alpagrumi.ch\/de\/wp-json\/wp\/v2\/product\/12862","targetHints":{"allow":["GET"]}}],"collection":[{"href":"https:\/\/alpagrumi.ch\/de\/wp-json\/wp\/v2\/product"}],"about":[{"href":"https:\/\/alpagrumi.ch\/de\/wp-json\/wp\/v2\/types\/product"}],"replies":[{"embeddable":true,"href":"https:\/\/alpagrumi.ch\/de\/wp-json\/wp\/v2\/comments?post=12862"}],"wp:featuredmedia":[{"embeddable":true,"href":"https:\/\/alpagrumi.ch\/de\/wp-json\/wp\/v2\/media\/12854"}],"wp:attachment":[{"href":"https:\/\/alpagrumi.ch\/de\/wp-json\/wp\/v2\/media?parent=12862"}],"wp:term":[{"taxonomy":"product_brand","embeddable":true,"href":"https:\/\/alpagrumi.ch\/de\/wp-json\/wp\/v2\/product_brand?post=12862"},{"taxonomy":"product_cat","embeddable":true,"href":"https:\/\/alpagrumi.ch\/de\/wp-json\/wp\/v2\/product_cat?post=12862"},{"taxonomy":"product_tag","embeddable":true,"href":"https:\/\/alpagrumi.ch\/de\/wp-json\/wp\/v2\/product_tag?post=12862"}],"curies":[{"name":"wp","href":"https:\/\/api.w.org\/{rel}","templated":true}]}}