{"id":13508,"date":"2023-02-12T18:37:00","date_gmt":"2023-02-12T17:37:00","guid":{"rendered":"https:\/\/alpagrumi.ch\/?post_type=product&#038;p=13508"},"modified":"2026-03-31T20:45:56","modified_gmt":"2026-03-31T18:45:56","slug":"zitronenbaum-pavlovo","status":"publish","type":"product","link":"https:\/\/alpagrumi.ch\/de\/produkt\/zitronenbaum-pavlovo\/","title":{"rendered":"Zitronenbaum Pavlovo"},"content":{"rendered":"<p>Ausgew\u00e4hlt im 19. Jahrhundert von russischen Liebhabern in Pavlovo, in der N\u00e4he von Nischni Nowgorod, gez\u00fcchtet.<br \/>\nW\u00e4hrend ein herk\u00f6mmlicher Zitronenbaum im Winter die Zimmertemperaturen nicht vertr\u00e4gt, alle Bl\u00e4tter verliert und verk\u00fcmmert, kommt der Pavlovo sehr gut damit zurecht.<br \/>\nSie ist klein, kann in einem Topf gehalten werden und produziert auch im Winter auf einer Veranda oder hinter einem Fenster Zitronen, wenn sie nicht unbedingt viel Sonne abbekommt.<br \/>\nDer Zitronenbaum Pavlovo ist ein perfektes Beispiel f\u00fcr die extreme Anpassungsf\u00e4higkeit von Zitrusb\u00e4umen.<br \/>\nDas geht so weit, dass die Russen jetzt versuchen, sie halb im Freien anzubauen, in Gruben, die im Winter zu Minigew\u00e4chsh\u00e4usern umfunktioniert werden.<br \/>\nDie Fr\u00fcchte sind sehr gute Zitronen, sch\u00f6n gelb und saftig.<\/p>\n<p>Der Zitronenbaum Pavlovo ist ein schwacher, aber produktiver Baum, der sich perfekt f\u00fcr die Kultur in T\u00f6pfen und Gew\u00e4chsh\u00e4usern eignet.<br \/>\nEr vertr\u00e4gt Temperaturschwankungen sehr gut, hat aber nur eine mittlere K\u00e4ltebest\u00e4ndigkeit.<br \/>\nIm Haus kann er zu jeder Jahreszeit bl\u00fchen, wenn er nur wenige Stunden Sonne bekommt. Er wird dann Fr\u00fcchte und Blumen zur gleichen Zeit tragen.<\/p>\n<p><strong>In der Schweiz nicht f\u00fcr den Freilandanbau geeignet.<br \/>\nIn T\u00f6pfen kultivieren und den Winter \u00fcber in geschlossenen R\u00e4umen an einem beheizten Ort mit mittlerer Helligkeit halten.<\/strong><\/p>\n<p>Referenzen:<br \/>\n<a href=\"https:\/\/idtools.org\/tools\/1076\/index.cfm?packageID=1179&amp;entityID=8637\">https:\/\/idtools.org\/tools\/1076\/index.cfm?packageID=1179&amp;entityID=8637<\/a><br \/>\n<a href=\"https:\/\/citrusvariety.ucr.edu\/crc3500\">https:\/\/citrusvariety.ucr.edu\/crc3500<\/a><\/p>\n","protected":false},"excerpt":{"rendered":"<p><em>(Citrus limon)<br \/>\n<\/em>Auf Forner-Alcaide 5 (FA5) Unterlage<\/p>\n","protected":false},"featured_media":13433,"comment_status":"closed","ping_status":"closed","template":"","meta":{"_seopress_robots_primary_cat":"none","_seopress_titles_title":"","_seopress_titles_desc":"","_seopress_robots_index":""},"product_brand":[],"product_cat":[54],"product_tag":[],"class_list":{"0":"post-13508","1":"product","2":"type-product","3":"status-publish","4":"has-post-thumbnail","6":"product_cat-nicht-klassifiziert","7":"pa_taille-grosse","8":"pa_taille-kleine","9":"pa_taille-mittel","11":"first","12":"instock","13":"shipping-taxable","14":"purchasable","15":"product-type-variable","16":"has-default-attributes"},"_links":{"self":[{"href":"https:\/\/alpagrumi.ch\/de\/wp-json\/wp\/v2\/product\/13508","targetHints":{"allow":["GET"]}}],"collection":[{"href":"https:\/\/alpagrumi.ch\/de\/wp-json\/wp\/v2\/product"}],"about":[{"href":"https:\/\/alpagrumi.ch\/de\/wp-json\/wp\/v2\/types\/product"}],"replies":[{"embeddable":true,"href":"https:\/\/alpagrumi.ch\/de\/wp-json\/wp\/v2\/comments?post=13508"}],"wp:featuredmedia":[{"embeddable":true,"href":"https:\/\/alpagrumi.ch\/de\/wp-json\/wp\/v2\/media\/13433"}],"wp:attachment":[{"href":"https:\/\/alpagrumi.ch\/de\/wp-json\/wp\/v2\/media?parent=13508"}],"wp:term":[{"taxonomy":"product_brand","embeddable":true,"href":"https:\/\/alpagrumi.ch\/de\/wp-json\/wp\/v2\/product_brand?post=13508"},{"taxonomy":"product_cat","embeddable":true,"href":"https:\/\/alpagrumi.ch\/de\/wp-json\/wp\/v2\/product_cat?post=13508"},{"taxonomy":"product_tag","embeddable":true,"href":"https:\/\/alpagrumi.ch\/de\/wp-json\/wp\/v2\/product_tag?post=13508"}],"curies":[{"name":"wp","href":"https:\/\/api.w.org\/{rel}","templated":true}]}}