{"id":13511,"date":"2023-02-17T08:01:56","date_gmt":"2023-02-17T07:01:56","guid":{"rendered":"https:\/\/alpagrumi.ch\/?post_type=product&#038;p=13511"},"modified":"2026-03-28T21:01:13","modified_gmt":"2026-03-28T20:01:13","slug":"honghe-papeda","status":"publish","type":"product","link":"https:\/\/alpagrumi.ch\/de\/produkt\/honghe-papeda\/","title":{"rendered":"Honghe Papeda"},"content":{"rendered":"<p>Als halbwilde Art, die 1976 in den Bergen di Yunan in S\u00fcdchina identifiziert wurde, gilt der Honghe Papeda als vom Aussterben bedroht.<br \/>\nEr w\u00e4chst in einer H\u00f6he von 1700 bis 2000 Metern und kann bis zu 10 Meter hoch werden. Sie ist ein Cousin der Grapefruit (Citrus Maxima) und der Ichang Papeda.<br \/>\nIhre gro\u00dfe Frucht (600 g) hat riesige, bis zu 1 cm gro\u00dfe Bl\u00e4schen, die sie saftig und schmelzend machen, mit einer aromatischen S\u00e4ure.<br \/>\nDie Schale ist auch sehr aromatisch und erinnert an ihre genetischen Nachbarn Ichang Lemon und Yuzu.<\/p>\n<p>Der Baum ist sehr kr\u00e4ftig und produktiv. Sie w\u00e4chst stark in die H\u00f6he und Breite und ist gut k\u00e4ltebest\u00e4ndig.<br \/>\nSeine Bl\u00e4tter, die in der traditionellen chinesischen Medizin verwendet werden, haben besonders lange Blattstiele.<br \/>\nIm Honghe Papeda ist alles superlativisch.<\/p>\n<p>Referenzen:<br \/>\n<a href=\"https:\/\/citrusvariety.ucr.edu\/crc3797\">https:\/\/citrusvariety.ucr.edu\/crc3797<\/a><\/p>\n","protected":false},"excerpt":{"rendered":"<p><em>Citrus hongheensis<br \/>\n<\/em>Auf Citrumelo-Unterlage (C4475)<\/p>\n","protected":false},"featured_media":13410,"comment_status":"closed","ping_status":"closed","template":"","meta":{"_seopress_robots_primary_cat":"none","_seopress_titles_title":"","_seopress_titles_desc":"","_seopress_robots_index":""},"product_brand":[],"product_cat":[54],"product_tag":[],"class_list":{"0":"post-13511","1":"product","2":"type-product","3":"status-publish","4":"has-post-thumbnail","6":"product_cat-nicht-klassifiziert","7":"pa_taille-grosse","8":"pa_taille-kleine","9":"pa_taille-mittel","11":"first","12":"instock","13":"shipping-taxable","14":"purchasable","15":"product-type-variable","16":"has-default-attributes"},"_links":{"self":[{"href":"https:\/\/alpagrumi.ch\/de\/wp-json\/wp\/v2\/product\/13511","targetHints":{"allow":["GET"]}}],"collection":[{"href":"https:\/\/alpagrumi.ch\/de\/wp-json\/wp\/v2\/product"}],"about":[{"href":"https:\/\/alpagrumi.ch\/de\/wp-json\/wp\/v2\/types\/product"}],"replies":[{"embeddable":true,"href":"https:\/\/alpagrumi.ch\/de\/wp-json\/wp\/v2\/comments?post=13511"}],"wp:featuredmedia":[{"embeddable":true,"href":"https:\/\/alpagrumi.ch\/de\/wp-json\/wp\/v2\/media\/13410"}],"wp:attachment":[{"href":"https:\/\/alpagrumi.ch\/de\/wp-json\/wp\/v2\/media?parent=13511"}],"wp:term":[{"taxonomy":"product_brand","embeddable":true,"href":"https:\/\/alpagrumi.ch\/de\/wp-json\/wp\/v2\/product_brand?post=13511"},{"taxonomy":"product_cat","embeddable":true,"href":"https:\/\/alpagrumi.ch\/de\/wp-json\/wp\/v2\/product_cat?post=13511"},{"taxonomy":"product_tag","embeddable":true,"href":"https:\/\/alpagrumi.ch\/de\/wp-json\/wp\/v2\/product_tag?post=13511"}],"curies":[{"name":"wp","href":"https:\/\/api.w.org\/{rel}","templated":true}]}}