{"id":15858,"date":"2023-02-01T18:22:10","date_gmt":"2023-02-01T17:22:10","guid":{"rendered":"https:\/\/alpagrumi.ch\/?post_type=product&#038;p=15858"},"modified":"2026-03-18T20:16:02","modified_gmt":"2026-03-18T19:16:02","slug":"kumquat-nameiwa","status":"publish","type":"product","link":"https:\/\/alpagrumi.ch\/de\/produkt\/kumquat-nameiwa\/","title":{"rendered":"Kumquat Nameiwa"},"content":{"rendered":"<p>Nameiwa ist eine Hybride der beiden beliebtesten Kumquat-Sorten: Meiwa (rund) und Nagami (oval).<br \/>\nDas Ergebnis ist ein kr\u00e4ftiger Baum mit kleinen, runden oder ovalen Fr\u00fcchten (2-3 cm), die k\u00f6stlich mit der Schale zu essen sind.<br \/>\nDies ist die winterh\u00e4rteste Kumquat-Sorte, aber die Fr\u00fcchte bleiben frostanf\u00e4llig.<\/p>\n<p>Nameiwa w\u00e4chst sehr schnell und tr\u00e4gt von Januar bis M\u00e4rz viele reife, orangefarbene Fr\u00fcchte.<\/p>\n<p>Referenzen Meiwa:<br \/>\n<a href=\"https:\/\/idtools.org\/tools\/1076\/index.cfm?packageID=1179&amp;entityID=8673\">https:\/\/idtools.org\/tools\/1076\/index.cfm?packageID=1179&amp;entityID=8673<\/a><br \/>\n<a href=\"https:\/\/citrusvariety.ucr.edu\/crc1471\">https:\/\/citrusvariety.ucr.edu\/crc1471<\/a><\/p>\n<p>Referenzen Nagami:<br \/>\n<a href=\"https:\/\/idtools.org\/tools\/1076\/index.cfm?packageID=1179&amp;entityID=8695\">https:\/\/idtools.org\/tools\/1076\/index.cfm?packageID=1179&amp;entityID=8695<\/a><br \/>\n<a href=\"https:\/\/citrusvariety.ucr.edu\/crc3877\">https:\/\/citrusvariety.ucr.edu\/crc3877<\/a><\/p>\n","protected":false},"excerpt":{"rendered":"<p><em>(Fortunella crassifolia)<\/em><\/p>\n<p>Auf Forner-Alcaide 5 (FA5) Unterlage<\/p>\n","protected":false},"featured_media":15838,"comment_status":"closed","ping_status":"closed","template":"","meta":{"_seopress_robots_primary_cat":"none","_seopress_titles_title":"","_seopress_titles_desc":"","_seopress_robots_index":""},"product_brand":[],"product_cat":[54],"product_tag":[],"class_list":{"0":"post-15858","1":"product","2":"type-product","3":"status-publish","4":"has-post-thumbnail","6":"product_cat-nicht-klassifiziert","7":"pa_taille-kleine","8":"pa_taille-mittel","10":"first","11":"outofstock","12":"shipping-taxable","13":"purchasable","14":"product-type-variable","15":"has-default-attributes"},"_links":{"self":[{"href":"https:\/\/alpagrumi.ch\/de\/wp-json\/wp\/v2\/product\/15858","targetHints":{"allow":["GET"]}}],"collection":[{"href":"https:\/\/alpagrumi.ch\/de\/wp-json\/wp\/v2\/product"}],"about":[{"href":"https:\/\/alpagrumi.ch\/de\/wp-json\/wp\/v2\/types\/product"}],"replies":[{"embeddable":true,"href":"https:\/\/alpagrumi.ch\/de\/wp-json\/wp\/v2\/comments?post=15858"}],"wp:featuredmedia":[{"embeddable":true,"href":"https:\/\/alpagrumi.ch\/de\/wp-json\/wp\/v2\/media\/15838"}],"wp:attachment":[{"href":"https:\/\/alpagrumi.ch\/de\/wp-json\/wp\/v2\/media?parent=15858"}],"wp:term":[{"taxonomy":"product_brand","embeddable":true,"href":"https:\/\/alpagrumi.ch\/de\/wp-json\/wp\/v2\/product_brand?post=15858"},{"taxonomy":"product_cat","embeddable":true,"href":"https:\/\/alpagrumi.ch\/de\/wp-json\/wp\/v2\/product_cat?post=15858"},{"taxonomy":"product_tag","embeddable":true,"href":"https:\/\/alpagrumi.ch\/de\/wp-json\/wp\/v2\/product_tag?post=15858"}],"curies":[{"name":"wp","href":"https:\/\/api.w.org\/{rel}","templated":true}]}}