{"id":15896,"date":"2023-02-19T12:18:47","date_gmt":"2023-02-19T11:18:47","guid":{"rendered":"https:\/\/alpagrumi.ch\/produit\/mandarinenbaum-satsuma-silverhill\/"},"modified":"2026-03-30T13:55:47","modified_gmt":"2026-03-30T11:55:47","slug":"mandarinenbaum-satsuma-silverhill","status":"publish","type":"product","link":"https:\/\/alpagrumi.ch\/de\/produkt\/mandarinenbaum-satsuma-silverhill\/","title":{"rendered":"Mandarinenbaum Satsuma Silverhill"},"content":{"rendered":"<p>Satsuma-Mandarinen sind die am meisten verzehrten Fr\u00fcchte der Japaner.<br \/>\nSie werden seit Anfang des 20. Jahrhunderts in den USA kommerziell angebaut.<br \/>\nDiese Sorte ist eine nat\u00fcrliche Mutation, die in Siverhill, Alabama, in einem Obstgarten von Satsumas Owari identifiziert und 1931 von Walter T. Swingle aufgrund ihrer au\u00dfergew\u00f6hnlichen K\u00e4ltebest\u00e4ndigkeit gez\u00fcchtet wurde.<\/p>\n<p>Die Ernte erfolgt recht fr\u00fch, ab November oder Dezember, und die Mandarinen k\u00f6nnen bereits reif sein, wenn die Schale noch gr\u00fcn ist.<br \/>\nDie Fr\u00fcchte sind saftig, haben wenig Kerne und lassen sich leicht sch\u00e4len. Sie k\u00f6nnen ab Oktober als Saft verzehrt werden.<br \/>\nDie Ernte beginnt, wenn die Fr\u00fcchte weniger hart sind und unter den Fingern etwas nachgeben.<br \/>\nWenn die Frucht teilweise orange wird, ist sie s\u00fc\u00df und mild mit einem intensiven Mandarinenaroma. <\/p>\n<p>Der Baum der Sorte Silverhill ist sehr stark, hat keine Dornen, w\u00e4chst gerade und kann viele Fr\u00fcchte tragen.<br \/>\nDies ist die winterh\u00e4rteste aller Satsuma-Sorten.<\/p>\n<p>Referenzen:<br \/>\n<a href=\"https:\/\/idtools.org\/tools\/1076\/index.cfm?packageID=1179&amp;entityID=8820\">https:\/\/idtools.org\/tools\/1076\/index.cfm?packageID=1179&amp;entityID=8820<\/a><br \/>\n<a href=\"https:\/\/citrusvariety.ucr.edu\/crc4072\">https:\/\/citrusvariety.ucr.edu\/crc4072<\/a><\/p>\n","protected":false},"excerpt":{"rendered":"<p><em>(Citrus unshiu)<br \/>\n<\/em>Auf Forner-Alcaide 5 (FA5) Unterlage oder Carrizo<\/p>\n<p>&nbsp;<\/p>\n","protected":false},"featured_media":15877,"comment_status":"closed","ping_status":"closed","template":"","meta":{"_seopress_robots_primary_cat":"none","_seopress_titles_title":"","_seopress_titles_desc":"","_seopress_robots_index":""},"product_brand":[],"product_cat":[54],"product_tag":[],"class_list":{"0":"post-15896","1":"product","2":"type-product","3":"status-publish","4":"has-post-thumbnail","6":"product_cat-nicht-klassifiziert","7":"pa_taille-grosse","8":"pa_taille-kleine","9":"pa_taille-mittel","11":"first","12":"outofstock","13":"shipping-taxable","14":"purchasable","15":"product-type-variable","16":"has-default-attributes"},"_links":{"self":[{"href":"https:\/\/alpagrumi.ch\/de\/wp-json\/wp\/v2\/product\/15896","targetHints":{"allow":["GET"]}}],"collection":[{"href":"https:\/\/alpagrumi.ch\/de\/wp-json\/wp\/v2\/product"}],"about":[{"href":"https:\/\/alpagrumi.ch\/de\/wp-json\/wp\/v2\/types\/product"}],"replies":[{"embeddable":true,"href":"https:\/\/alpagrumi.ch\/de\/wp-json\/wp\/v2\/comments?post=15896"}],"wp:featuredmedia":[{"embeddable":true,"href":"https:\/\/alpagrumi.ch\/de\/wp-json\/wp\/v2\/media\/15877"}],"wp:attachment":[{"href":"https:\/\/alpagrumi.ch\/de\/wp-json\/wp\/v2\/media?parent=15896"}],"wp:term":[{"taxonomy":"product_brand","embeddable":true,"href":"https:\/\/alpagrumi.ch\/de\/wp-json\/wp\/v2\/product_brand?post=15896"},{"taxonomy":"product_cat","embeddable":true,"href":"https:\/\/alpagrumi.ch\/de\/wp-json\/wp\/v2\/product_cat?post=15896"},{"taxonomy":"product_tag","embeddable":true,"href":"https:\/\/alpagrumi.ch\/de\/wp-json\/wp\/v2\/product_tag?post=15896"}],"curies":[{"name":"wp","href":"https:\/\/api.w.org\/{rel}","templated":true}]}}