{"id":15936,"date":"2023-02-18T19:30:05","date_gmt":"2023-02-18T18:30:05","guid":{"rendered":"https:\/\/alpagrumi.ch\/produit\/mandarinenbaum-robinson\/"},"modified":"2026-03-15T15:34:22","modified_gmt":"2026-03-15T14:34:22","slug":"mandarinenbaum-robinson","status":"publish","type":"product","link":"https:\/\/alpagrumi.ch\/de\/produkt\/mandarinenbaum-robinson\/","title":{"rendered":"Mandarinenbaum Robinson"},"content":{"rendered":"<p>Der Mandarinenbaum Robinson ist eine Hybride aus Clementine und Tangelo Orlando, die 1942 vom USDA (US Department of Agriculture) in Florida gez\u00fcchtet wurde.<br \/>\nDie Frucht ist eine flache Mandarine, sehr saftig, s\u00fc\u00df und aromatisch, mit schmelzendem Fruchtfleisch.<\/p>\n<p>Der Baum bleibt klein, ist aber sehr produktiv mit einer fr\u00fchen Ernte.<br \/>\nDer Robinson geh\u00f6rt zu den k\u00e4lteresistentesten Mandarinenb\u00e4umen.<\/p>\n<p>Referenzen:<br \/>\n<a href=\"https:\/\/idtools.org\/tools\/1076\/index.cfm?packageID=1179&amp;entityID=8778\">https:\/\/idtools.org\/tools\/1076\/index.cfm?packageID=1179&amp;entityID=8778<\/a><br \/>\n<a href=\"https:\/\/citrusvariety.ucr.edu\/crc3850\">https:\/\/citrusvariety.ucr.edu\/crc3850<\/a><\/p>\n<p>&nbsp;<\/p>\n","protected":false},"excerpt":{"rendered":"<p><em>(Citrus reticulata)<\/em><\/p>\n<p>Auf Forner-Alcaide 5 (FA5) Unterlage<\/p>\n","protected":false},"featured_media":15916,"comment_status":"closed","ping_status":"closed","template":"","meta":{"_seopress_robots_primary_cat":"none","_seopress_titles_title":"","_seopress_titles_desc":"","_seopress_robots_index":""},"product_brand":[],"product_cat":[54],"product_tag":[],"class_list":{"0":"post-15936","1":"product","2":"type-product","3":"status-publish","4":"has-post-thumbnail","6":"product_cat-nicht-klassifiziert","7":"pa_taille-grosse","8":"pa_taille-kleine","9":"pa_taille-mittel","11":"first","12":"instock","13":"shipping-taxable","14":"purchasable","15":"product-type-variable","16":"has-default-attributes"},"_links":{"self":[{"href":"https:\/\/alpagrumi.ch\/de\/wp-json\/wp\/v2\/product\/15936","targetHints":{"allow":["GET"]}}],"collection":[{"href":"https:\/\/alpagrumi.ch\/de\/wp-json\/wp\/v2\/product"}],"about":[{"href":"https:\/\/alpagrumi.ch\/de\/wp-json\/wp\/v2\/types\/product"}],"replies":[{"embeddable":true,"href":"https:\/\/alpagrumi.ch\/de\/wp-json\/wp\/v2\/comments?post=15936"}],"wp:featuredmedia":[{"embeddable":true,"href":"https:\/\/alpagrumi.ch\/de\/wp-json\/wp\/v2\/media\/15916"}],"wp:attachment":[{"href":"https:\/\/alpagrumi.ch\/de\/wp-json\/wp\/v2\/media?parent=15936"}],"wp:term":[{"taxonomy":"product_brand","embeddable":true,"href":"https:\/\/alpagrumi.ch\/de\/wp-json\/wp\/v2\/product_brand?post=15936"},{"taxonomy":"product_cat","embeddable":true,"href":"https:\/\/alpagrumi.ch\/de\/wp-json\/wp\/v2\/product_cat?post=15936"},{"taxonomy":"product_tag","embeddable":true,"href":"https:\/\/alpagrumi.ch\/de\/wp-json\/wp\/v2\/product_tag?post=15936"}],"curies":[{"name":"wp","href":"https:\/\/api.w.org\/{rel}","templated":true}]}}