{"id":16010,"date":"2023-02-18T18:00:32","date_gmt":"2023-02-18T17:00:32","guid":{"rendered":"https:\/\/alpagrumi.ch\/produit\/haruka\/"},"modified":"2026-03-16T11:26:47","modified_gmt":"2026-03-16T10:26:47","slug":"haruka","status":"publish","type":"product","link":"https:\/\/alpagrumi.ch\/de\/produkt\/haruka\/","title":{"rendered":"Haruka"},"content":{"rendered":"<p>Haruka ist eine nat\u00fcrliche Hybride aus zwei in Japan endemischen Arten<em>(Huyganatsu x Natsumikan<\/em>).<br \/>\nEine seltene Sorte, die nur in einigen Pr\u00e4fekturen im S\u00fcden angebaut wird.<\/p>\n<p>Die Frucht ist gro\u00df, mit schmelzendem Fruchtfleisch, erfrischend und hat einen au\u00dfergew\u00f6hnlichen Geschmack, so komplex wie ihre Herkunft.<br \/>\nSie erinnert in ihrer Form, ihrer S\u00fc\u00dfe und ihrem Duft nach Zitrusfr\u00fcchten an einen gelben Dekopon.<\/p>\n<p>Diese Sorte wurde in Europa durch Aussaat neu gez\u00fcchtet.<br \/>\nDie Form ist unregelm\u00e4\u00dfig mit einer Haube auf der Oberseite, die raue Schale ist reich an Essenzen, die dicke Albedo ist essbar.<\/p>\n<p>Der Baum ist kr\u00e4ftig und produktiv.<br \/>\nErnte ab Februar.<\/p>\n<p>R\u00e9f\u00e9rences:<em><br \/>\n<a href=\"https:\/\/specialtyproduce.com\/produce\/Haruka_Citrus_17838.php\">https:\/\/specialtyproduce.com\/produce\/Haruka_Citrus_17838.php<\/a><br \/>\n<a href=\"https:\/\/www.kajuen.co.jp\/introduction\/haruka.htm\">https:\/\/www.kajuen.co.jp\/introduction\/haruka.htm<\/a><br \/>\n<\/em><\/p>\n<p>&nbsp;<\/p>\n","protected":false},"excerpt":{"rendered":"<p><em>(Citrus tamurana x Citrus natsudaidai)<br \/>\n<\/em>Auf Unterlage Forner-Alcaide 5 (FA5)<\/p>\n","protected":false},"featured_media":15991,"comment_status":"closed","ping_status":"closed","template":"","meta":{"_seopress_robots_primary_cat":"none","_seopress_titles_title":"","_seopress_titles_desc":"","_seopress_robots_index":""},"product_brand":[],"product_cat":[54],"product_tag":[],"class_list":{"0":"post-16010","1":"product","2":"type-product","3":"status-publish","4":"has-post-thumbnail","6":"product_cat-nicht-klassifiziert","7":"pa_taille-kleine","8":"pa_taille-mittel","10":"first","11":"instock","12":"shipping-taxable","13":"purchasable","14":"product-type-variable","15":"has-default-attributes"},"_links":{"self":[{"href":"https:\/\/alpagrumi.ch\/de\/wp-json\/wp\/v2\/product\/16010","targetHints":{"allow":["GET"]}}],"collection":[{"href":"https:\/\/alpagrumi.ch\/de\/wp-json\/wp\/v2\/product"}],"about":[{"href":"https:\/\/alpagrumi.ch\/de\/wp-json\/wp\/v2\/types\/product"}],"replies":[{"embeddable":true,"href":"https:\/\/alpagrumi.ch\/de\/wp-json\/wp\/v2\/comments?post=16010"}],"wp:featuredmedia":[{"embeddable":true,"href":"https:\/\/alpagrumi.ch\/de\/wp-json\/wp\/v2\/media\/15991"}],"wp:attachment":[{"href":"https:\/\/alpagrumi.ch\/de\/wp-json\/wp\/v2\/media?parent=16010"}],"wp:term":[{"taxonomy":"product_brand","embeddable":true,"href":"https:\/\/alpagrumi.ch\/de\/wp-json\/wp\/v2\/product_brand?post=16010"},{"taxonomy":"product_cat","embeddable":true,"href":"https:\/\/alpagrumi.ch\/de\/wp-json\/wp\/v2\/product_cat?post=16010"},{"taxonomy":"product_tag","embeddable":true,"href":"https:\/\/alpagrumi.ch\/de\/wp-json\/wp\/v2\/product_tag?post=16010"}],"curies":[{"name":"wp","href":"https:\/\/api.w.org\/{rel}","templated":true}]}}