{"id":17265,"date":"2023-02-03T22:02:17","date_gmt":"2023-02-03T21:02:17","guid":{"rendered":"https:\/\/alpagrumi.ch\/?post_type=product&#038;p=17265"},"modified":"2025-04-06T14:44:47","modified_gmt":"2025-04-06T12:44:47","slug":"combava-copie","status":"publish","type":"product","link":"https:\/\/alpagrumi.ch\/de\/produkt\/combava-copie\/","title":{"rendered":"Combava"},"content":{"rendered":"<p>Combava ist ein Strauch der Untergattung Papeda, der urspr\u00fcnglich aus dem indonesischen Archipel stammt.<br \/>\nHeute ist er von Sri Lanka bis zu den Westindischen Inseln verbreitet.<\/p>\n<p>Die Fr\u00fcchte sind mittelgro\u00df (10 cm), haben ein saures, leicht gr\u00fcnes Fruchtfleisch, sind sehr h\u00f6ckerig und oft sehr zahlreich.<br \/>\nSie sind bemerkenswert und werden wegen ihrer Schale gesch\u00e4tzt, die reich an stark duftenden \u00d6len ist, in denen das Zitronengras dominiert.<br \/>\nAlle Teile der Frucht und sogar die Bl\u00e4tter als Tee werden in der asiatischen K\u00fcche verwendet.<\/p>\n<p>Der Baum ist elegant, mit einem Stamm und ziemlich d\u00fcnnen \u00c4sten, mit dem f\u00fcr Papeda typischen zweilappigen Laub.<br \/>\nMit dem richtigen Schnitt kann er in einem Topf oder in einem temperaturkontrollierten Gew\u00e4chshaus gehalten werden.<\/p>\n<p><strong>Anmerkung:<\/strong><br \/>\nDie Winterh\u00e4rte ist nicht ausreichend f\u00fcr eine Freilandpflanzung in der Schweiz.<\/p>\n<p>Referenzen:<br \/>\n<a href=\"https:\/\/idtools.org\/tools\/1076\/index.cfm?packageID=1179&amp;entityID=8421\">https:\/\/idtools.org\/tools\/1076\/index.cfm?packageID=1179&amp;entityID=8421<\/a><br \/>\n<a href=\"https:\/\/citrusvariety.ucr.edu\/crc2454\">https:\/\/citrusvariety.ucr.edu\/crc2454<\/a><\/p>\n","protected":false},"excerpt":{"rendered":"<p>(Citrus hystrix)<br \/>\nAuf FA5-Unterlage<\/p>\n","protected":false},"featured_media":16904,"comment_status":"closed","ping_status":"closed","template":"","meta":{"_seopress_robots_primary_cat":"none","_seopress_titles_title":"","_seopress_titles_desc":"","_seopress_robots_index":""},"product_brand":[],"product_cat":[54],"product_tag":[],"class_list":{"0":"post-17265","1":"product","2":"type-product","3":"status-publish","4":"has-post-thumbnail","6":"product_cat-nicht-klassifiziert","7":"pa_taille-kleine","8":"pa_taille-mittel","10":"first","11":"outofstock","12":"shipping-taxable","13":"purchasable","14":"product-type-variable","15":"has-default-attributes"},"_links":{"self":[{"href":"https:\/\/alpagrumi.ch\/de\/wp-json\/wp\/v2\/product\/17265","targetHints":{"allow":["GET"]}}],"collection":[{"href":"https:\/\/alpagrumi.ch\/de\/wp-json\/wp\/v2\/product"}],"about":[{"href":"https:\/\/alpagrumi.ch\/de\/wp-json\/wp\/v2\/types\/product"}],"replies":[{"embeddable":true,"href":"https:\/\/alpagrumi.ch\/de\/wp-json\/wp\/v2\/comments?post=17265"}],"wp:featuredmedia":[{"embeddable":true,"href":"https:\/\/alpagrumi.ch\/de\/wp-json\/wp\/v2\/media\/16904"}],"wp:attachment":[{"href":"https:\/\/alpagrumi.ch\/de\/wp-json\/wp\/v2\/media?parent=17265"}],"wp:term":[{"taxonomy":"product_brand","embeddable":true,"href":"https:\/\/alpagrumi.ch\/de\/wp-json\/wp\/v2\/product_brand?post=17265"},{"taxonomy":"product_cat","embeddable":true,"href":"https:\/\/alpagrumi.ch\/de\/wp-json\/wp\/v2\/product_cat?post=17265"},{"taxonomy":"product_tag","embeddable":true,"href":"https:\/\/alpagrumi.ch\/de\/wp-json\/wp\/v2\/product_tag?post=17265"}],"curies":[{"name":"wp","href":"https:\/\/api.w.org\/{rel}","templated":true}]}}