{"id":18285,"date":"2023-02-17T12:00:57","date_gmt":"2023-02-17T11:00:57","guid":{"rendered":"https:\/\/alpagrumi.ch\/?post_type=product&#038;p=18285"},"modified":"2025-06-02T18:41:47","modified_gmt":"2025-06-02T16:41:47","slug":"natsumikan","status":"publish","type":"product","link":"https:\/\/alpagrumi.ch\/de\/produkt\/natsumikan\/","title":{"rendered":"Natsumikan"},"content":{"rendered":"<p>Die Natsumikan ist ein nat\u00fcrlicher Hybrid aus Grapefruit (Citrus maxima) und Mandarine (Citrus reticulata).<\/p>\n<p>Die Frucht ist gro\u00df (400 g+), etwas abgeflacht, mit rauer Schale und bei Reife sehr saftig.<br \/>\nDies ist die japanische Sommergrapefruit, die im April und Mai gepfl\u00fcckt wird, um sie frisch zu verzehren.<br \/>\nEinige Wochen aufbewahrt, gewinnt sie noch mehr an Geschmack.<br \/>\nIm Januar und Februar kann sie auch wie eine Limette ausgepresst werden.<br \/>\nDer Saft und vor allem die aromatische Schale (entweder gr\u00fcn oder orange, wenn sie reif ist) werden in der K\u00fcche und f\u00fcr Marmeladen verwendet.<\/p>\n<p>Der Baum ist sehr produktiv und kr\u00e4ftig, mit Dornen.<\/p>\n<p>Referenzen:<br \/>\n<a href=\"https:\/\/idtools.org\/tools\/1076\/index.cfm?packageID=1179&amp;entityID=8698\">https:\/\/idtools.org\/tools\/1076\/index.cfm?packageID=1179&amp;entityID=8698<\/a><br \/>\n<a href=\"https:\/\/fr.wikipedia.org\/wiki\/Natsumikan\">https:\/\/fr.wikipedia.org\/wiki\/Natsumikan<\/a><\/p>\n","protected":false},"excerpt":{"rendered":"<p><em>(Citrus natsudaidai)<br \/>\n<\/em>Auf Forner-Alcaide 5 (FA5) Unterlage<\/p>\n","protected":false},"featured_media":18267,"comment_status":"closed","ping_status":"open","template":"","meta":{"_seopress_robots_primary_cat":"none","_seopress_titles_title":"","_seopress_titles_desc":"","_seopress_robots_index":""},"product_brand":[],"product_cat":[54],"product_tag":[],"class_list":{"0":"post-18285","1":"product","2":"type-product","3":"status-publish","4":"has-post-thumbnail","6":"product_cat-nicht-klassifiziert","7":"pa_taille-kleine","8":"pa_taille-mittel","10":"first","11":"instock","12":"shipping-taxable","13":"purchasable","14":"product-type-variable","15":"has-default-attributes"},"_links":{"self":[{"href":"https:\/\/alpagrumi.ch\/de\/wp-json\/wp\/v2\/product\/18285","targetHints":{"allow":["GET"]}}],"collection":[{"href":"https:\/\/alpagrumi.ch\/de\/wp-json\/wp\/v2\/product"}],"about":[{"href":"https:\/\/alpagrumi.ch\/de\/wp-json\/wp\/v2\/types\/product"}],"replies":[{"embeddable":true,"href":"https:\/\/alpagrumi.ch\/de\/wp-json\/wp\/v2\/comments?post=18285"}],"wp:featuredmedia":[{"embeddable":true,"href":"https:\/\/alpagrumi.ch\/de\/wp-json\/wp\/v2\/media\/18267"}],"wp:attachment":[{"href":"https:\/\/alpagrumi.ch\/de\/wp-json\/wp\/v2\/media?parent=18285"}],"wp:term":[{"taxonomy":"product_brand","embeddable":true,"href":"https:\/\/alpagrumi.ch\/de\/wp-json\/wp\/v2\/product_brand?post=18285"},{"taxonomy":"product_cat","embeddable":true,"href":"https:\/\/alpagrumi.ch\/de\/wp-json\/wp\/v2\/product_cat?post=18285"},{"taxonomy":"product_tag","embeddable":true,"href":"https:\/\/alpagrumi.ch\/de\/wp-json\/wp\/v2\/product_tag?post=18285"}],"curies":[{"name":"wp","href":"https:\/\/api.w.org\/{rel}","templated":true}]}}