{"id":18322,"date":"2023-02-17T06:00:11","date_gmt":"2023-02-17T05:00:11","guid":{"rendered":"https:\/\/alpagrumi.ch\/produit\/huyou\/"},"modified":"2026-03-10T08:35:08","modified_gmt":"2026-03-10T07:35:08","slug":"huyou","status":"publish","type":"product","link":"https:\/\/alpagrumi.ch\/de\/produkt\/huyou\/","title":{"rendered":"Huyou"},"content":{"rendered":"<p>Huyou ist eine chinesische Hybrid-Zitrusfrucht, die seit Jahrhunderten in der K\u00fcstenprovinz Zhejiang angebaut wird.<br \/>\nIn einigen D\u00f6rfern in der Region Changshan gibt es noch ultrahundertj\u00e4hrige B\u00e4ume, die erforscht und gesch\u00fctzt werden.<br \/>\nDie getrockneten gr\u00fcnen Fr\u00fcchte werden in der traditionellen Medizin verwendet, insbesondere gegen Husten und Entz\u00fcndungen.<br \/>\nCitrus changshan-huyou ist heute Gegenstand zahlreicher pharmakologischer Studien.<\/p>\n<p>Sie ist eine begehrte Frucht in China, wo<span class=\"BxUVEf ILfuVd\" lang=\"fr\"><span class=\"hgKElc\">\u00f9<\/span><\/span><br \/>\n Von ihren Verwandten, der Grapefruit und der Orange, kombiniert die Huyou die Gr\u00f6\u00dfe (300 g) mit der S\u00fc\u00dfe.<br \/>\nDie Ernte erfolgt fr\u00fch, ab November, und die Fr\u00fcchte k\u00f6nnen mehrere Monate frisch und saftig gehalten werden.<\/p>\n<p>Der Baum ist kr\u00e4ftig und produktiv mit w\u00fcrzig riechendem Laub.<\/p>\n<p>Referenzen:<br \/>\n<a href=\"https:\/\/pmc.ncbi.nlm.nih.gov\/articles\/PMC9483622\/#s1\">https:\/\/pmc.ncbi.nlm.nih.gov\/articles\/PMC9483622\/#s1<\/a><br \/>\n<a href=\"https:\/\/fr.wikipedia.org\/wiki\/Huyou_(agrume)\">https:\/\/fr.wikipedia.org\/wiki\/Huyou_(agrume)<\/a><\/p>\n<p>&nbsp;<\/p>\n","protected":false},"excerpt":{"rendered":"<p><i>(Citrus changshan-huyou)<br \/>\n<\/i>Auf Forner-Alcaide 5 (FA5) Unterlage<\/p>\n","protected":false},"featured_media":18301,"comment_status":"closed","ping_status":"open","template":"","meta":{"_seopress_robots_primary_cat":"none","_seopress_titles_title":"","_seopress_titles_desc":"","_seopress_robots_index":""},"product_brand":[],"product_cat":[54],"product_tag":[],"class_list":{"0":"post-18322","1":"product","2":"type-product","3":"status-publish","4":"has-post-thumbnail","6":"product_cat-nicht-klassifiziert","7":"pa_taille-kleine","8":"pa_taille-mittel","10":"first","11":"instock","12":"shipping-taxable","13":"purchasable","14":"product-type-variable","15":"has-default-attributes"},"_links":{"self":[{"href":"https:\/\/alpagrumi.ch\/de\/wp-json\/wp\/v2\/product\/18322","targetHints":{"allow":["GET"]}}],"collection":[{"href":"https:\/\/alpagrumi.ch\/de\/wp-json\/wp\/v2\/product"}],"about":[{"href":"https:\/\/alpagrumi.ch\/de\/wp-json\/wp\/v2\/types\/product"}],"replies":[{"embeddable":true,"href":"https:\/\/alpagrumi.ch\/de\/wp-json\/wp\/v2\/comments?post=18322"}],"wp:featuredmedia":[{"embeddable":true,"href":"https:\/\/alpagrumi.ch\/de\/wp-json\/wp\/v2\/media\/18301"}],"wp:attachment":[{"href":"https:\/\/alpagrumi.ch\/de\/wp-json\/wp\/v2\/media?parent=18322"}],"wp:term":[{"taxonomy":"product_brand","embeddable":true,"href":"https:\/\/alpagrumi.ch\/de\/wp-json\/wp\/v2\/product_brand?post=18322"},{"taxonomy":"product_cat","embeddable":true,"href":"https:\/\/alpagrumi.ch\/de\/wp-json\/wp\/v2\/product_cat?post=18322"},{"taxonomy":"product_tag","embeddable":true,"href":"https:\/\/alpagrumi.ch\/de\/wp-json\/wp\/v2\/product_tag?post=18322"}],"curies":[{"name":"wp","href":"https:\/\/api.w.org\/{rel}","templated":true}]}}