{"id":18372,"date":"2023-02-18T13:37:44","date_gmt":"2023-02-18T12:37:44","guid":{"rendered":"https:\/\/alpagrumi.ch\/?post_type=product&#038;p=18372"},"modified":"2026-04-08T10:23:23","modified_gmt":"2026-04-08T08:23:23","slug":"orangenbaum-beni-madonna","status":"publish","type":"product","link":"https:\/\/alpagrumi.ch\/de\/produkt\/orangenbaum-beni-madonna\/","title":{"rendered":"Orangenbaum Beni Madonna"},"content":{"rendered":"<p>Die Beni Madonna Orange gilt als die saftigste aller Orangen, eine neue japanische Kreation, die seit 2010 der Stolz der Pr\u00e4fektur Ehime ist.<br \/>\nFr\u00fch (Dezember) und sehr s\u00fc\u00df, das gelatineartige Fruchtfleisch schmilzt auf der Zunge.<br \/>\nSie ist eine Tangor, eine Mehrfachhybride aus Mandarinen und Orangen, und die erste der &#8222;Jelly Citrus&#8220;.<br \/>\nIhr Anbau verbreitet sich heute in China und Korea und die Hybridisierung wird fortgesetzt, um neue Sorten mit zartschmelzender Textur zu erzeugen.<br \/>\nDiese Frucht mit ihrer sehr d\u00fcnnen Schale ist schwer zu sch\u00e4len und wird am besten mit dem Messer gegessen.<\/p>\n<p>Der Baum ist kr\u00e4ftig und produktiv.<br \/>\nBei Hagel oder starkem Regen sind die Fr\u00fcchte empfindlich.<\/p>\n<p>Referenzen:<br \/>\n<a href=\"https:\/\/fr.wikipedia.org\/wiki\/Beni_Madonna\">https:\/\/fr.wikipedia.org\/wiki\/Beni_Madonna<\/a><br \/>\n<a href=\"https:\/\/www.kankitsu.aifood.jp\/en\/about\/2\/\">https:\/\/www.kankitsu.aifood.jp\/en\/about\/2\/<\/a><br \/>\n<a href=\"https:\/\/jx.today\/products\/pre-order-beni-madonna-3-kg-1-box?variant=45987806085358\">https:\/\/jx.today\/products\/pre-order-beni-madonna-3-kg-1-box?variant=45987806085358<\/a><\/p>\n","protected":false},"excerpt":{"rendered":"<p><em>(Citrus x sinensis)<br \/>\n<\/em>Auf Forner-Alcaide 5 (FA5) Unterlage<\/p>\n","protected":false},"featured_media":18355,"comment_status":"closed","ping_status":"closed","template":"","meta":{"_seopress_robots_primary_cat":"none","_seopress_titles_title":"","_seopress_titles_desc":"","_seopress_robots_index":""},"product_brand":[],"product_cat":[54],"product_tag":[],"class_list":{"0":"post-18372","1":"product","2":"type-product","3":"status-publish","4":"has-post-thumbnail","6":"product_cat-nicht-klassifiziert","7":"pa_taille-kleine","8":"pa_taille-mittel","10":"first","11":"instock","12":"shipping-taxable","13":"purchasable","14":"product-type-variable","15":"has-default-attributes"},"_links":{"self":[{"href":"https:\/\/alpagrumi.ch\/de\/wp-json\/wp\/v2\/product\/18372","targetHints":{"allow":["GET"]}}],"collection":[{"href":"https:\/\/alpagrumi.ch\/de\/wp-json\/wp\/v2\/product"}],"about":[{"href":"https:\/\/alpagrumi.ch\/de\/wp-json\/wp\/v2\/types\/product"}],"replies":[{"embeddable":true,"href":"https:\/\/alpagrumi.ch\/de\/wp-json\/wp\/v2\/comments?post=18372"}],"wp:featuredmedia":[{"embeddable":true,"href":"https:\/\/alpagrumi.ch\/de\/wp-json\/wp\/v2\/media\/18355"}],"wp:attachment":[{"href":"https:\/\/alpagrumi.ch\/de\/wp-json\/wp\/v2\/media?parent=18372"}],"wp:term":[{"taxonomy":"product_brand","embeddable":true,"href":"https:\/\/alpagrumi.ch\/de\/wp-json\/wp\/v2\/product_brand?post=18372"},{"taxonomy":"product_cat","embeddable":true,"href":"https:\/\/alpagrumi.ch\/de\/wp-json\/wp\/v2\/product_cat?post=18372"},{"taxonomy":"product_tag","embeddable":true,"href":"https:\/\/alpagrumi.ch\/de\/wp-json\/wp\/v2\/product_tag?post=18372"}],"curies":[{"name":"wp","href":"https:\/\/api.w.org\/{rel}","templated":true}]}}