{"id":18496,"date":"2023-02-19T14:28:16","date_gmt":"2023-02-19T13:28:16","guid":{"rendered":"https:\/\/alpagrumi.ch\/?post_type=product&#038;p=18496"},"modified":"2026-03-17T23:03:32","modified_gmt":"2026-03-17T22:03:32","slug":"mandarinenbaum-satsuma-iwasaki-copie","status":"publish","type":"product","link":"https:\/\/alpagrumi.ch\/de\/produkt\/mandarinenbaum-satsuma-iwasaki-copie\/","title":{"rendered":"Mandarinenbaum Satsuma Iwasaki"},"content":{"rendered":"<p>Satsuma sind die am h\u00e4ufigsten verzehrten Zitrusfr\u00fcchte der Japaner unter dem Namen Mikan oder Unshu.<br \/>\nSatsuma ist der Name der alten Provinz in Japan, in der der Baum seit dem 16. Jahrhundert ausgew\u00e4hlt und angebaut wurde.<br \/>\nEine Million junger B\u00e4ume wurden Anfang des 20.<\/p>\n<p>Die Sorte Iwasaki ist die fr\u00fcheste aller Satsumas: Ernte ab November in der Schweiz, abh\u00e4ngig vom Klima.<\/p>\n<p>Die Fr\u00fcchte sind saftig, haben wenig Kerne und lassen sich leicht sch\u00e4len.<br \/>\nSie k\u00f6nnen auch noch etwas gr\u00fcn gegessen werden, wenn Sie mehr S\u00e4ure bevorzugen.<br \/>\nWenn die Frucht orange wird, ist sie s\u00fc\u00df und mild mit einem intensiven Mandarinenduft.<\/p>\n<p>Der Baum der Sorte Iwasaki ist nicht sehr stark, aber produktiv und ohne Dornen.<\/p>\n<p>Referenzen:<br \/>\n<a href=\"https:\/\/idtools.org\/tools\/1076\/index.cfm?packageID=1179&amp;entityID=8664\">https:\/\/idtools.org\/tools\/1076\/index.cfm?packageID=1179&amp;entityID=8664<\/a><br \/>\n<a href=\"https:\/\/edis.ifas.ufl.edu\/publication\/CH116\">https:\/\/edis.ifas.ufl.edu\/publication\/CH116<\/a><\/p>\n<p>&nbsp;<\/p>\n","protected":false},"excerpt":{"rendered":"<p><em>(Citrus unshiu)<\/em><br \/>\nAuf FA5-Unterlage<\/p>\n<p>&nbsp;<\/p>\n","protected":false},"featured_media":19840,"comment_status":"closed","ping_status":"closed","template":"","meta":{"_seopress_robots_primary_cat":"none","_seopress_titles_title":"","_seopress_titles_desc":"","_seopress_robots_index":""},"product_brand":[],"product_cat":[54],"product_tag":[],"class_list":{"0":"post-18496","1":"product","2":"type-product","3":"status-publish","4":"has-post-thumbnail","6":"product_cat-nicht-klassifiziert","7":"pa_taille-grosse","8":"pa_taille-kleine","9":"pa_taille-mittel","11":"first","12":"instock","13":"purchasable","14":"product-type-variable","15":"has-default-attributes"},"_links":{"self":[{"href":"https:\/\/alpagrumi.ch\/de\/wp-json\/wp\/v2\/product\/18496","targetHints":{"allow":["GET"]}}],"collection":[{"href":"https:\/\/alpagrumi.ch\/de\/wp-json\/wp\/v2\/product"}],"about":[{"href":"https:\/\/alpagrumi.ch\/de\/wp-json\/wp\/v2\/types\/product"}],"replies":[{"embeddable":true,"href":"https:\/\/alpagrumi.ch\/de\/wp-json\/wp\/v2\/comments?post=18496"}],"wp:featuredmedia":[{"embeddable":true,"href":"https:\/\/alpagrumi.ch\/de\/wp-json\/wp\/v2\/media\/19840"}],"wp:attachment":[{"href":"https:\/\/alpagrumi.ch\/de\/wp-json\/wp\/v2\/media?parent=18496"}],"wp:term":[{"taxonomy":"product_brand","embeddable":true,"href":"https:\/\/alpagrumi.ch\/de\/wp-json\/wp\/v2\/product_brand?post=18496"},{"taxonomy":"product_cat","embeddable":true,"href":"https:\/\/alpagrumi.ch\/de\/wp-json\/wp\/v2\/product_cat?post=18496"},{"taxonomy":"product_tag","embeddable":true,"href":"https:\/\/alpagrumi.ch\/de\/wp-json\/wp\/v2\/product_tag?post=18496"}],"curies":[{"name":"wp","href":"https:\/\/api.w.org\/{rel}","templated":true}]}}