{"id":2920,"date":"2023-02-16T11:30:59","date_gmt":"2023-02-16T10:30:59","guid":{"rendered":"https:\/\/ticinoweb02.jcloud.ik-server.com\/alpagrum\/produit\/yuzu-2\/"},"modified":"2026-03-13T18:44:58","modified_gmt":"2026-03-13T17:44:58","slug":"yuzu-2","status":"publish","type":"product","link":"https:\/\/alpagrumi.ch\/de\/produkt\/yuzu-2\/","title":{"rendered":"Yuzu Nr. 1"},"content":{"rendered":"<p>Yuzu Nr. 1 stammt aus derselben Selektion wie Yuzu Nr. 3, die in S\u00fcdfrankreich durchgef\u00fchrt wird.<br \/>\nYuzu wird auf viele verschiedene Arten zubereitet. Seine Schale, sein Saft und sogar das Albedo (der wei\u00dfe Teil einer Zitrusfrucht) werden in Fertiggerichten, Geb\u00e4ck, Eis, Gew\u00fcrzen usw. verwendet.<br \/>\nYuzu-Konfit\u00fcre ist zweifellos die beste Zitruskonfit\u00fcre, mit wenig Bitterkeit und sehr aromatisch.<br \/>\nMan kann sogar die vielen Kerne zur Aussaat verwenden, da die Yuzu im Gegensatz zu fast allen Zitrusfr\u00fcchten (deren Kerne zu 80% Hybriden sind) samenfest ist. <\/p>\n<p>Die Frucht ist etwas kleiner als die der Yuzu Nr. 3, enth\u00e4lt aber weniger Kerne.<br \/>\nErnte ab Oktober, etwa zwei Wochen vor der Yuzu Nr. 3.<\/p>\n<p>Der Baum ist kr\u00e4ftig, sehr stachelig und sehr ertragreich.<\/p>\n<p>Referenzen:<\/p>\n<p><a href=\"https:\/\/citrusvariety.ucr.edu\/crc1216\">https:\/\/citrusvariety.ucr.edu\/crc1216<\/a><\/p>\n<p><a href=\"https:\/\/idtools.org\/tools\/1076\/index.cfm?packageID=1179&amp;entityID=8922\">https:\/\/idtools.org\/tools\/1076\/index.cfm?packageID=1179&amp;entityID=8922<\/a><\/p>\n","protected":false},"excerpt":{"rendered":"<p><em>Citrus Junos<br \/>\n<\/em>Auf Forner-Alcaide 5 (FA5) Unterlage<em><br \/>\n<\/em><\/p>\n","protected":false},"featured_media":4608,"comment_status":"closed","ping_status":"closed","template":"","meta":{"_seopress_robots_primary_cat":"none","_seopress_titles_title":"","_seopress_titles_desc":"","_seopress_robots_index":""},"product_brand":[],"product_cat":[54],"product_tag":[],"class_list":{"0":"post-2920","1":"product","2":"type-product","3":"status-publish","4":"has-post-thumbnail","6":"product_cat-nicht-klassifiziert","7":"pa_taille-grosse","8":"pa_taille-kleine","9":"pa_taille-mittel","11":"first","12":"outofstock","13":"shipping-taxable","14":"purchasable","15":"product-type-variable","16":"has-default-attributes"},"_links":{"self":[{"href":"https:\/\/alpagrumi.ch\/de\/wp-json\/wp\/v2\/product\/2920","targetHints":{"allow":["GET"]}}],"collection":[{"href":"https:\/\/alpagrumi.ch\/de\/wp-json\/wp\/v2\/product"}],"about":[{"href":"https:\/\/alpagrumi.ch\/de\/wp-json\/wp\/v2\/types\/product"}],"replies":[{"embeddable":true,"href":"https:\/\/alpagrumi.ch\/de\/wp-json\/wp\/v2\/comments?post=2920"}],"wp:featuredmedia":[{"embeddable":true,"href":"https:\/\/alpagrumi.ch\/de\/wp-json\/wp\/v2\/media\/4608"}],"wp:attachment":[{"href":"https:\/\/alpagrumi.ch\/de\/wp-json\/wp\/v2\/media?parent=2920"}],"wp:term":[{"taxonomy":"product_brand","embeddable":true,"href":"https:\/\/alpagrumi.ch\/de\/wp-json\/wp\/v2\/product_brand?post=2920"},{"taxonomy":"product_cat","embeddable":true,"href":"https:\/\/alpagrumi.ch\/de\/wp-json\/wp\/v2\/product_cat?post=2920"},{"taxonomy":"product_tag","embeddable":true,"href":"https:\/\/alpagrumi.ch\/de\/wp-json\/wp\/v2\/product_tag?post=2920"}],"curies":[{"name":"wp","href":"https:\/\/api.w.org\/{rel}","templated":true}]}}