{"id":3152,"date":"2023-02-17T23:41:11","date_gmt":"2023-02-17T22:41:11","guid":{"rendered":"https:\/\/ticinoweb02.jcloud.ik-server.com\/alpagrum\/produit\/pomelo-star-ruby\/"},"modified":"2026-03-28T21:04:06","modified_gmt":"2026-03-28T20:04:06","slug":"pomelo-star-ruby","status":"publish","type":"product","link":"https:\/\/alpagrumi.ch\/de\/produkt\/pomelo-star-ruby\/","title":{"rendered":"Pink Pomelo"},"content":{"rendered":"<p lang=\"fr-CH\" align=\"left\">Die rosafarbene Pomelo der Sorte Star Ruby ist ein Klassiker. Gro\u00dfe Frucht (300 g +) mit rosafarbenem, aromatischem und s\u00fc\u00dfem Fruchtfleisch und sehr wenigen Kernen.<br \/>\nEine Sorte amerikanischen Ursprungs wie die meisten Pomelos, die 1930 in Texas entdeckt und in den 1970er Jahren gez\u00fcchtet wurde.<br \/>\nDank ihres einhelligen kommerziellen Erfolgs wird die Pomelo Star Ruby heute auf allen Kontinenten angebaut.<\/p>\n<p lang=\"fr-CH\" align=\"left\">Vom Winter bis Juni zu ernten.<\/p>\n<p lang=\"fr-CH\" align=\"left\">Der Baum ist kr\u00e4ftig und sehr ertragreich, bei voller Reife kann die Ernte mehr als 100 kg pro Jahr betragen.<\/p>\n<p lang=\"fr-CH\" align=\"left\">Referenzen:<br \/>\n<a href=\"https:\/\/idtools.org\/tools\/1076\/index.cfm?packageID=1179&amp;entityID=8831\">https:\/\/idtools.org\/tools\/1076\/index.cfm?packageID=1179&amp;entityID=8831<\/a><\/p>\n","protected":false},"excerpt":{"rendered":"<p><em>Citrus Paradisi<br \/>\n<\/em>Auf Forner-Alcaide 5 (FA5) Unterlage<\/p>\n","protected":false},"featured_media":8344,"comment_status":"closed","ping_status":"closed","template":"","meta":{"_seopress_robots_primary_cat":"none","_seopress_titles_title":"","_seopress_titles_desc":"","_seopress_robots_index":""},"product_brand":[],"product_cat":[54],"product_tag":[],"class_list":{"0":"post-3152","1":"product","2":"type-product","3":"status-publish","4":"has-post-thumbnail","6":"product_cat-nicht-klassifiziert","7":"pa_taille-grosse","8":"pa_taille-kleine","9":"pa_taille-mittel","10":"pa_taille-xl-de","12":"first","13":"instock","14":"purchasable","15":"product-type-variable","16":"has-default-attributes"},"_links":{"self":[{"href":"https:\/\/alpagrumi.ch\/de\/wp-json\/wp\/v2\/product\/3152","targetHints":{"allow":["GET"]}}],"collection":[{"href":"https:\/\/alpagrumi.ch\/de\/wp-json\/wp\/v2\/product"}],"about":[{"href":"https:\/\/alpagrumi.ch\/de\/wp-json\/wp\/v2\/types\/product"}],"replies":[{"embeddable":true,"href":"https:\/\/alpagrumi.ch\/de\/wp-json\/wp\/v2\/comments?post=3152"}],"wp:featuredmedia":[{"embeddable":true,"href":"https:\/\/alpagrumi.ch\/de\/wp-json\/wp\/v2\/media\/8344"}],"wp:attachment":[{"href":"https:\/\/alpagrumi.ch\/de\/wp-json\/wp\/v2\/media?parent=3152"}],"wp:term":[{"taxonomy":"product_brand","embeddable":true,"href":"https:\/\/alpagrumi.ch\/de\/wp-json\/wp\/v2\/product_brand?post=3152"},{"taxonomy":"product_cat","embeddable":true,"href":"https:\/\/alpagrumi.ch\/de\/wp-json\/wp\/v2\/product_cat?post=3152"},{"taxonomy":"product_tag","embeddable":true,"href":"https:\/\/alpagrumi.ch\/de\/wp-json\/wp\/v2\/product_tag?post=3152"}],"curies":[{"name":"wp","href":"https:\/\/api.w.org\/{rel}","templated":true}]}}