{"id":631,"date":"2023-02-20T15:50:35","date_gmt":"2023-02-20T14:50:35","guid":{"rendered":"https:\/\/ticinoweb02.jcloud.ik-server.com\/alpagrum\/produit\/satsuma-owari\/"},"modified":"2026-04-11T16:58:40","modified_gmt":"2026-04-11T14:58:40","slug":"satsuma-owari","status":"publish","type":"product","link":"https:\/\/alpagrumi.ch\/de\/produkt\/satsuma-owari\/","title":{"rendered":"Mandarinenbaum Satsuma Owari"},"content":{"rendered":"<p>Satsuma-Mandarinen sind die am h\u00e4ufigsten verzehrten Fr\u00fcchte der Japaner. Sie nennen sie Mikan oder Unshu.<br \/>\nSatsuma ist der Name der alten Provinz in Japan, wo der Baum seit dem 16. Jahrhundert selektiert und angebaut wurde.<br \/>\nEine Million junger B\u00e4ume wurden Anfang des 20. Jahrhunderts auf dem Seeweg exportiert, um in Florida angepflanzt zu werden.<br \/>\nDie Sorte Owari ist dort in den gro\u00dfen Plantagen am weitesten verbreitet.<\/p>\n<p>Die Ernte erfolgt recht fr\u00fch, je nach Klima bereits im November oder Dezember.<br \/>\nDie Fr\u00fcchte sind saftig mit wenigen Kernen und lassen sich leicht sch\u00e4len.<br \/>\nSie sind oft <span class=\"ExempleDefinition\">reif<\/span>, wenn die Schale teilweise noch gr\u00fcn ist.<br \/>\nDie Ernte beginnt, wenn die Fr\u00fcchte weniger hart sind und unter den Fingern etwas nachgeben.<br \/>\nDie Fr\u00fcchte sind dann s\u00fc\u00df und mild mit einem intensiven Mandarinenduft.<\/p>\n<p>&nbsp;<\/p>\n<p>Der Baum der Sorte Owari ist sehr kr\u00e4ftig und ertragreich, hat keine Dornen und einen weinenden Wuchs.<\/p>\n<p>Referenzen:<br \/>\n<a href=\"https:\/\/idtools.org\/tools\/1076\/index.cfm?packageID=1179&amp;entityID=8664\">https:\/\/idtools.org\/tools\/1076\/index.cfm?packageID=1179&amp;entityID=8664<\/a><br \/>\n<a href=\"https:\/\/edis.ifas.ufl.edu\/publication\/CH116\">https:\/\/edis.ifas.ufl.edu\/publication\/CH116<\/a><\/p>\n","protected":false},"excerpt":{"rendered":"<p><em>(Citrus unshiu)<br \/>\n<\/em>Auf Forner-Alcaide 5 (FA5) Unterlage<\/p>\n<p>&nbsp;<\/p>\n","protected":false},"featured_media":4736,"comment_status":"closed","ping_status":"closed","template":"","meta":{"_seopress_robots_primary_cat":"none","_seopress_titles_title":"","_seopress_titles_desc":"","_seopress_robots_index":""},"product_brand":[],"product_cat":[54],"product_tag":[],"class_list":{"0":"post-631","1":"product","2":"type-product","3":"status-publish","4":"has-post-thumbnail","6":"product_cat-nicht-klassifiziert","7":"pa_taille-grosse","8":"pa_taille-kleine","9":"pa_taille-mittel","11":"first","12":"instock","13":"purchasable","14":"product-type-variable","15":"has-default-attributes"},"_links":{"self":[{"href":"https:\/\/alpagrumi.ch\/de\/wp-json\/wp\/v2\/product\/631","targetHints":{"allow":["GET"]}}],"collection":[{"href":"https:\/\/alpagrumi.ch\/de\/wp-json\/wp\/v2\/product"}],"about":[{"href":"https:\/\/alpagrumi.ch\/de\/wp-json\/wp\/v2\/types\/product"}],"replies":[{"embeddable":true,"href":"https:\/\/alpagrumi.ch\/de\/wp-json\/wp\/v2\/comments?post=631"}],"wp:featuredmedia":[{"embeddable":true,"href":"https:\/\/alpagrumi.ch\/de\/wp-json\/wp\/v2\/media\/4736"}],"wp:attachment":[{"href":"https:\/\/alpagrumi.ch\/de\/wp-json\/wp\/v2\/media?parent=631"}],"wp:term":[{"taxonomy":"product_brand","embeddable":true,"href":"https:\/\/alpagrumi.ch\/de\/wp-json\/wp\/v2\/product_brand?post=631"},{"taxonomy":"product_cat","embeddable":true,"href":"https:\/\/alpagrumi.ch\/de\/wp-json\/wp\/v2\/product_cat?post=631"},{"taxonomy":"product_tag","embeddable":true,"href":"https:\/\/alpagrumi.ch\/de\/wp-json\/wp\/v2\/product_tag?post=631"}],"curies":[{"name":"wp","href":"https:\/\/api.w.org\/{rel}","templated":true}]}}