{"id":636,"date":"2023-02-18T16:40:44","date_gmt":"2023-02-18T15:40:44","guid":{"rendered":"https:\/\/ticinoweb02.jcloud.ik-server.com\/alpagrum\/produit\/orange-cara-cara\/"},"modified":"2026-04-12T10:03:55","modified_gmt":"2026-04-12T08:03:55","slug":"orange-cara-cara","status":"publish","type":"product","link":"https:\/\/alpagrumi.ch\/de\/produkt\/orange-cara-cara\/","title":{"rendered":"Orangenbaum Cara-Cara"},"content":{"rendered":"<p>Die Cara-Cara-Orange ist eine spontane Mutation der Washington Navel-Orange, die 1976 im Obstgarten der Hacienda Caracara in der Provinz Valencia in Venezuela entdeckt wurde.<br \/>\nSie wurde sehr schnell in Kalifornien erfolgreich und ist dort immer noch eine der beliebtesten Sorten.<br \/>\nDie Frucht ist weniger sauer und s\u00fc\u00dfer als die Navelina und hat einen subtilen Duft von s\u00fc\u00dfer Grapefruit.<br \/>\nEs ist eine sch\u00f6ne Orange (150 g +) mit saftigem rosa Fruchtfleisch zu Beginn der Ernte, das sich sp\u00e4ter leicht rot f\u00e4rbt und sehr aromatisch ist.<br \/>\nDie Cara-Cara Orange kann bis Mai auf dem Zweig bleiben, aber nur wenn der Winter mild ist.<\/p>\n<p>Der Baum ist sehr kr\u00e4ftig und produktiv, mit einigen kurzen Dornen.<\/p>\n<p>Referenzen:<br \/>\n<a href=\"https:\/\/idtools.org\/tools\/1076\/index.cfm?packageID=1179&amp;entityID=8344\">https:\/\/idtools.org\/tools\/1076\/index.cfm?packageID=1179&amp;entityID=8344<\/a><br \/>\n<a href=\"https:\/\/citrusvariety.ucr.edu\/crc3994\">https:\/\/citrusvariety.ucr.edu\/crc3994<\/a><\/p>\n","protected":false},"excerpt":{"rendered":"<p><em>(Citrus sinensis)<br \/>\n<\/em>Auf Forner-Alcaide 5 (FA5) Unterlage<br \/>\n<em><span style=\"color: #ff6600\"><br \/>\n<\/span><\/em><\/p>\n<p><span style=\"color: #ff6600\"><strong><br \/>\n<\/strong><\/span><span style=\"color: #ff6600\"><strong><br \/>\n<\/strong><\/span><\/p>\n<p>&nbsp;<\/p>\n","protected":false},"featured_media":4700,"comment_status":"closed","ping_status":"closed","template":"","meta":{"_seopress_robots_primary_cat":"none","_seopress_titles_title":"","_seopress_titles_desc":"","_seopress_robots_index":""},"product_brand":[],"product_cat":[54],"product_tag":[],"class_list":{"0":"post-636","1":"product","2":"type-product","3":"status-publish","4":"has-post-thumbnail","6":"product_cat-nicht-klassifiziert","7":"pa_taille-grosse","8":"pa_taille-kleine","9":"pa_taille-mittel","11":"first","12":"instock","13":"purchasable","14":"product-type-variable","15":"has-default-attributes"},"_links":{"self":[{"href":"https:\/\/alpagrumi.ch\/de\/wp-json\/wp\/v2\/product\/636","targetHints":{"allow":["GET"]}}],"collection":[{"href":"https:\/\/alpagrumi.ch\/de\/wp-json\/wp\/v2\/product"}],"about":[{"href":"https:\/\/alpagrumi.ch\/de\/wp-json\/wp\/v2\/types\/product"}],"replies":[{"embeddable":true,"href":"https:\/\/alpagrumi.ch\/de\/wp-json\/wp\/v2\/comments?post=636"}],"wp:featuredmedia":[{"embeddable":true,"href":"https:\/\/alpagrumi.ch\/de\/wp-json\/wp\/v2\/media\/4700"}],"wp:attachment":[{"href":"https:\/\/alpagrumi.ch\/de\/wp-json\/wp\/v2\/media?parent=636"}],"wp:term":[{"taxonomy":"product_brand","embeddable":true,"href":"https:\/\/alpagrumi.ch\/de\/wp-json\/wp\/v2\/product_brand?post=636"},{"taxonomy":"product_cat","embeddable":true,"href":"https:\/\/alpagrumi.ch\/de\/wp-json\/wp\/v2\/product_cat?post=636"},{"taxonomy":"product_tag","embeddable":true,"href":"https:\/\/alpagrumi.ch\/de\/wp-json\/wp\/v2\/product_tag?post=636"}],"curies":[{"name":"wp","href":"https:\/\/api.w.org\/{rel}","templated":true}]}}