{"id":678,"date":"2023-02-18T16:45:15","date_gmt":"2023-02-18T15:45:15","guid":{"rendered":"https:\/\/ticinoweb02.jcloud.ik-server.com\/alpagrum\/produit\/orange-navelina\/"},"modified":"2026-04-09T11:23:43","modified_gmt":"2026-04-09T09:23:43","slug":"orange-navelina","status":"publish","type":"product","link":"https:\/\/alpagrumi.ch\/de\/produkt\/orange-navelina\/","title":{"rendered":"Orangenbaum Navelina"},"content":{"rendered":"<p>Die klassischste aller Navel-Orangen, mit dem typischen Auswuchs.<br \/>\nDie Frucht ist gro\u00df (180 g +), s\u00fc\u00df und hat einen ausgezeichneten Geschmack.<br \/>\nDie Fr\u00fcchte bleiben lange am Baum und die Ernte kann \u00fcber mehrere Monate verteilt werden, von Dezember bis Februar und dar\u00fcber hinaus.<\/p>\n<p>Der Baum ist kr\u00e4ftig mit guter Fruchtproduktion.<br \/>\nEr ist einer der k\u00e4lteresistentesten unter den echten Orangenb\u00e4umen (keine Hybriden) und einer der fr\u00fchesten in der Ernte.<\/p>\n<p>Referenzen:<br \/>\n<a href=\"https:\/\/idtools.org\/tools\/1076\/index.cfm?packageID=1179&amp;entityID=8703\">https:\/\/idtools.org\/tools\/1076\/index.cfm?packageID=1179&amp;entityID=8703<\/a><\/p>\n","protected":false},"excerpt":{"rendered":"<p><em>(Citrus sinensis)<\/em><br \/>\nAuf FA5-Unterlage<span style=\"color: #ff6600\"><em><br \/>\n<\/em><\/span><\/p>\n<p>&nbsp;<\/p>\n<p>&nbsp;<\/p>\n","protected":false},"featured_media":5553,"comment_status":"closed","ping_status":"closed","template":"","meta":{"_seopress_robots_primary_cat":"none","_seopress_titles_title":"","_seopress_titles_desc":"","_seopress_robots_index":""},"product_brand":[],"product_cat":[54],"product_tag":[],"class_list":{"0":"post-678","1":"product","2":"type-product","3":"status-publish","4":"has-post-thumbnail","6":"product_cat-nicht-klassifiziert","7":"pa_taille-grosse","8":"pa_taille-kleine","9":"pa_taille-mittel","11":"first","12":"instock","13":"purchasable","14":"product-type-variable","15":"has-default-attributes"},"_links":{"self":[{"href":"https:\/\/alpagrumi.ch\/de\/wp-json\/wp\/v2\/product\/678","targetHints":{"allow":["GET"]}}],"collection":[{"href":"https:\/\/alpagrumi.ch\/de\/wp-json\/wp\/v2\/product"}],"about":[{"href":"https:\/\/alpagrumi.ch\/de\/wp-json\/wp\/v2\/types\/product"}],"replies":[{"embeddable":true,"href":"https:\/\/alpagrumi.ch\/de\/wp-json\/wp\/v2\/comments?post=678"}],"wp:featuredmedia":[{"embeddable":true,"href":"https:\/\/alpagrumi.ch\/de\/wp-json\/wp\/v2\/media\/5553"}],"wp:attachment":[{"href":"https:\/\/alpagrumi.ch\/de\/wp-json\/wp\/v2\/media?parent=678"}],"wp:term":[{"taxonomy":"product_brand","embeddable":true,"href":"https:\/\/alpagrumi.ch\/de\/wp-json\/wp\/v2\/product_brand?post=678"},{"taxonomy":"product_cat","embeddable":true,"href":"https:\/\/alpagrumi.ch\/de\/wp-json\/wp\/v2\/product_cat?post=678"},{"taxonomy":"product_tag","embeddable":true,"href":"https:\/\/alpagrumi.ch\/de\/wp-json\/wp\/v2\/product_tag?post=678"}],"curies":[{"name":"wp","href":"https:\/\/api.w.org\/{rel}","templated":true}]}}