{"id":685,"date":"2023-02-14T00:05:25","date_gmt":"2023-02-13T23:05:25","guid":{"rendered":"https:\/\/ticinoweb02.jcloud.ik-server.com\/alpagrum\/produit\/karna-katha\/"},"modified":"2026-04-13T10:02:11","modified_gmt":"2026-04-13T08:02:11","slug":"karna-katha","status":"publish","type":"product","link":"https:\/\/alpagrumi.ch\/de\/produkt\/karna-katha\/","title":{"rendered":"Zitronenbaum Karna"},"content":{"rendered":"<p>Die Karna-Zitrone ist eine nat\u00fcrliche indische Hybride (Bitterorange x Zitrone), die im Bundesstaat Himachal Pradesh und in den Ausl\u00e4ufern des Himalaya sehr verbreitet ist.<\/p>\n<p>Die Frucht ist gro\u00df (300gr bis 500gr) mit einer dicken Schale und \u00e4hnelt bei voller Reife einer orangefarbenen Zitrone. Der Geschmack ist sauer, etwas bitter mit einem leichten Orangenaroma. Sie ist eine gute Zitrone aus der K\u00e4lte und gro\u00dfz\u00fcgig im Saft.<\/p>\n<p>Der Baum ist mittelstark, hat dunkelgr\u00fcnes Laub und rote junge Triebe.<\/p>\n<p>Referenzen:<br \/>\n<a href=\"https:\/\/idtools.org\/tools\/1076\/index.cfm?packageID=1179&amp;entityID=8613\">https:\/\/idtools.org\/tools\/1076\/index.cfm?packageID=1179&amp;entityID=8613<\/a><\/p>\n","protected":false},"excerpt":{"rendered":"<p><em>(Citrus dimorphocarpa) oder (Citrus Aurantium var. Karna)<br \/>\n<\/em>Auf Unterlage Citrumelo Swingle (C4475)<\/p>\n","protected":false},"featured_media":4528,"comment_status":"closed","ping_status":"closed","template":"","meta":{"_seopress_robots_primary_cat":"none","_seopress_titles_title":"","_seopress_titles_desc":"","_seopress_robots_index":""},"product_brand":[],"product_cat":[54],"product_tag":[],"class_list":{"0":"post-685","1":"product","2":"type-product","3":"status-publish","4":"has-post-thumbnail","6":"product_cat-nicht-klassifiziert","7":"pa_taille-grosse","8":"pa_taille-kleine","9":"pa_taille-mittel","11":"first","12":"instock","13":"purchasable","14":"product-type-variable","15":"has-default-attributes"},"_links":{"self":[{"href":"https:\/\/alpagrumi.ch\/de\/wp-json\/wp\/v2\/product\/685","targetHints":{"allow":["GET"]}}],"collection":[{"href":"https:\/\/alpagrumi.ch\/de\/wp-json\/wp\/v2\/product"}],"about":[{"href":"https:\/\/alpagrumi.ch\/de\/wp-json\/wp\/v2\/types\/product"}],"replies":[{"embeddable":true,"href":"https:\/\/alpagrumi.ch\/de\/wp-json\/wp\/v2\/comments?post=685"}],"wp:featuredmedia":[{"embeddable":true,"href":"https:\/\/alpagrumi.ch\/de\/wp-json\/wp\/v2\/media\/4528"}],"wp:attachment":[{"href":"https:\/\/alpagrumi.ch\/de\/wp-json\/wp\/v2\/media?parent=685"}],"wp:term":[{"taxonomy":"product_brand","embeddable":true,"href":"https:\/\/alpagrumi.ch\/de\/wp-json\/wp\/v2\/product_brand?post=685"},{"taxonomy":"product_cat","embeddable":true,"href":"https:\/\/alpagrumi.ch\/de\/wp-json\/wp\/v2\/product_cat?post=685"},{"taxonomy":"product_tag","embeddable":true,"href":"https:\/\/alpagrumi.ch\/de\/wp-json\/wp\/v2\/product_tag?post=685"}],"curies":[{"name":"wp","href":"https:\/\/api.w.org\/{rel}","templated":true}]}}