{"id":691,"date":"2023-02-17T23:46:20","date_gmt":"2023-02-17T22:46:20","guid":{"rendered":"https:\/\/ticinoweb02.jcloud.ik-server.com\/alpagrum\/produit\/pomelo-enzo\/"},"modified":"2026-03-29T13:15:35","modified_gmt":"2026-03-29T11:15:35","slug":"pomelo-enzo","status":"publish","type":"product","link":"https:\/\/alpagrumi.ch\/de\/produkt\/pomelo-enzo\/","title":{"rendered":"Pomelo Enzo"},"content":{"rendered":"<p>Eine ausgezeichnete Pomelo-Sorte, die von der Pomelo Duncan abstammt. Sie wurde in den Cevennen in S\u00fcdfrankreich entdeckt und ausgew\u00e4hlt.<\/p>\n<p>Gro\u00dfe Frucht (250gr, Durchmesser 10cm), mit gelbem, s\u00fc\u00dfem, sehr saftigem und aromatischem Fruchtfleisch. Sie wird sp\u00e4t geerntet, im sp\u00e4ten Fr\u00fchjahr oder fr\u00fchen Sommer. Die Fr\u00fcchte k\u00f6nnen am Baum \u00fcberwintern und halten bis zu -12 \u00b0C aus.<\/p>\n<p>Der Baum hat kurze Dornen. Sie ist mittelstark und ertragreich.<\/p>\n<p>Referenzen:<\/p>\n<p><a href=\"https:\/\/idtools.org\/tools\/1076\/index.cfm?packageID=1179&amp;entityID=8489\">https:\/\/idtools.org\/tools\/1076\/index.cfm?packageID=1179&amp;entityID=8489<\/a><br \/>\n<a href=\"https:\/\/citrusvariety.ucr.edu\/crc3832\">https:\/\/citrusvariety.ucr.edu\/crc3832<\/a><\/p>\n<p>&nbsp;<\/p>\n","protected":false},"excerpt":{"rendered":"<p class=\"Standard\"><i>(Citrus paradisi)<br \/>\n<\/i>Auf Unterlage Forner-Alcaide 5 (FA5) oder Citrumelo Swingle (CPB-4475)<\/p>\n<p>&nbsp;<\/p>\n<p>&nbsp;<\/p>\n","protected":false},"featured_media":4684,"comment_status":"closed","ping_status":"closed","template":"","meta":{"_seopress_robots_primary_cat":"none","_seopress_titles_title":"","_seopress_titles_desc":"","_seopress_robots_index":""},"product_brand":[],"product_cat":[54],"product_tag":[],"class_list":{"0":"post-691","1":"product","2":"type-product","3":"status-publish","4":"has-post-thumbnail","6":"product_cat-nicht-klassifiziert","7":"pa_taille-grosse","8":"pa_taille-kleine","9":"pa_taille-mittel","10":"pa_taille-xl-de","12":"first","13":"outofstock","14":"purchasable","15":"product-type-variable","16":"has-default-attributes"},"_links":{"self":[{"href":"https:\/\/alpagrumi.ch\/de\/wp-json\/wp\/v2\/product\/691","targetHints":{"allow":["GET"]}}],"collection":[{"href":"https:\/\/alpagrumi.ch\/de\/wp-json\/wp\/v2\/product"}],"about":[{"href":"https:\/\/alpagrumi.ch\/de\/wp-json\/wp\/v2\/types\/product"}],"replies":[{"embeddable":true,"href":"https:\/\/alpagrumi.ch\/de\/wp-json\/wp\/v2\/comments?post=691"}],"wp:featuredmedia":[{"embeddable":true,"href":"https:\/\/alpagrumi.ch\/de\/wp-json\/wp\/v2\/media\/4684"}],"wp:attachment":[{"href":"https:\/\/alpagrumi.ch\/de\/wp-json\/wp\/v2\/media?parent=691"}],"wp:term":[{"taxonomy":"product_brand","embeddable":true,"href":"https:\/\/alpagrumi.ch\/de\/wp-json\/wp\/v2\/product_brand?post=691"},{"taxonomy":"product_cat","embeddable":true,"href":"https:\/\/alpagrumi.ch\/de\/wp-json\/wp\/v2\/product_cat?post=691"},{"taxonomy":"product_tag","embeddable":true,"href":"https:\/\/alpagrumi.ch\/de\/wp-json\/wp\/v2\/product_tag?post=691"}],"curies":[{"name":"wp","href":"https:\/\/api.w.org\/{rel}","templated":true}]}}