{"id":7075,"date":"2023-02-13T12:35:36","date_gmt":"2023-02-13T11:35:36","guid":{"rendered":"https:\/\/alpagrumi.ch\/produit\/zitronenbaum-meyer\/"},"modified":"2026-03-13T19:17:31","modified_gmt":"2026-03-13T18:17:31","slug":"citronnier-meyer","status":"publish","type":"product","link":"https:\/\/alpagrumi.ch\/de\/produkt\/citronnier-meyer\/","title":{"rendered":"Zitronenbaum Meyer"},"content":{"rendered":"<p>Der Meyer-Zitronenbaum ist seit \u00fcber einem Jahrhundert eine amerikanische Leidenschaft, wegen seines Geschmacks, seines intensiven Dufts und seiner \u00fcppigen Bl\u00fcte.<br \/>\nSein Name stammt von F.N.Meyer, einem Botaniker und Forscher in Asien f\u00fcr die USDA Anfang des 20.<\/p>\n<p>Der Zitronenbaum Meyer bl\u00fcht mehrmals im Jahr und kann zu jeder Jahreszeit Zitronen produzieren, wenn er ausgewachsen ist.<br \/>\nIn kalten Klimazonen ist dies jedoch nur in einem temperaturkontrollierten Gew\u00e4chshaus m\u00f6glich. Im Tessin im Freien angepflanzt, dauert die Ernte von November bis Februar.<br \/>\nDie Frucht ist ziemlich rund und gro\u00df, gelb mit d\u00fcnner Haut und sehr saftig. Sie ist s\u00fc\u00dfer und weniger sauer als eine klassische Zitrone und hat einen angenehmen und komplexen Duft, der zwischen Zitrone, Limette und Mandarine liegt.<br \/>\nDie Frucht wird orange, wenn sie reif ist.   Die Schale wird in der K\u00fcche oder f\u00fcr Backwaren verwendet.<\/p>\n<p>Der Baum ist sehr produktiv und kr\u00e4ftig, mit einer f\u00fcr Zitronen sehr guten Winterh\u00e4rte.<br \/>\nIm Freiland gepflanzt wird er f\u00fcr einen Zitronenbaum sehr gro\u00df, kann aber bei entsprechender Beschneidung auch im Topf bleiben.<\/p>\n<p><strong>Nicht geeignet f\u00fcr den Au\u00dfenbereich n\u00f6rdlich der Alpen.<br \/>\nNur f\u00fcr Tessin oder temperaturkontrolliertes Gew\u00e4chshaus.<\/strong><\/p>\n<p>Referenzen:<br \/>\n<a href=\"https:\/\/idtools.org\/tools\/1076\/index.cfm?packageID=1179&amp;entityID=8676\">https:\/\/idtools.org\/tools\/1076\/index.cfm?packageID=1179&amp;entityID=8676<\/a><\/p>\n","protected":false},"excerpt":{"rendered":"<p><em>(Citrus meyeri)<\/em><br \/>\nUnterlage Forner-Alcaide 5 (FA5)<\/p>\n<p><span style=\"color: #ff6600\"><strong> <\/strong><\/span><\/p>\n<p>&nbsp;<\/p>\n","protected":false},"featured_media":13453,"comment_status":"closed","ping_status":"closed","template":"","meta":{"_seopress_robots_primary_cat":"none","_seopress_titles_title":"","_seopress_titles_desc":"","_seopress_robots_index":""},"product_brand":[],"product_cat":[54],"product_tag":[],"class_list":{"0":"post-7075","1":"product","2":"type-product","3":"status-publish","4":"has-post-thumbnail","6":"product_cat-nicht-klassifiziert","7":"pa_taille-kleine","8":"pa_taille-mittel","10":"first","11":"instock","12":"purchasable","13":"product-type-variable","14":"has-default-attributes"},"_links":{"self":[{"href":"https:\/\/alpagrumi.ch\/de\/wp-json\/wp\/v2\/product\/7075","targetHints":{"allow":["GET"]}}],"collection":[{"href":"https:\/\/alpagrumi.ch\/de\/wp-json\/wp\/v2\/product"}],"about":[{"href":"https:\/\/alpagrumi.ch\/de\/wp-json\/wp\/v2\/types\/product"}],"replies":[{"embeddable":true,"href":"https:\/\/alpagrumi.ch\/de\/wp-json\/wp\/v2\/comments?post=7075"}],"wp:featuredmedia":[{"embeddable":true,"href":"https:\/\/alpagrumi.ch\/de\/wp-json\/wp\/v2\/media\/13453"}],"wp:attachment":[{"href":"https:\/\/alpagrumi.ch\/de\/wp-json\/wp\/v2\/media?parent=7075"}],"wp:term":[{"taxonomy":"product_brand","embeddable":true,"href":"https:\/\/alpagrumi.ch\/de\/wp-json\/wp\/v2\/product_brand?post=7075"},{"taxonomy":"product_cat","embeddable":true,"href":"https:\/\/alpagrumi.ch\/de\/wp-json\/wp\/v2\/product_cat?post=7075"},{"taxonomy":"product_tag","embeddable":true,"href":"https:\/\/alpagrumi.ch\/de\/wp-json\/wp\/v2\/product_tag?post=7075"}],"curies":[{"name":"wp","href":"https:\/\/api.w.org\/{rel}","templated":true}]}}