{"id":734,"date":"2023-02-15T01:01:33","date_gmt":"2023-02-15T00:01:33","guid":{"rendered":"https:\/\/ticinoweb02.jcloud.ik-server.com\/alpagrum\/produit\/hana-yuzu\/"},"modified":"2026-05-12T09:17:46","modified_gmt":"2026-05-12T07:17:46","slug":"hana-yuzu","status":"publish","type":"product","link":"https:\/\/alpagrumi.ch\/de\/produkt\/hana-yuzu\/","title":{"rendered":"Hana Yuzu"},"content":{"rendered":"<p>Hana-Yuzu ist eine kleinere, kompakte Yuzu-Sorte.<\/p>\n<p>Auch die Frucht ist etwas reduziert (50gr +), daf\u00fcr aber gro\u00dfz\u00fcgiger im Saft.<br \/>\nDer aromatische Reichtum des Saftes und der Schale ist identisch mit dem der klassischen Yuzu und kann in der K\u00fcche auf vielf\u00e4ltige Weise verwendet werden.<br \/>\nDie Fr\u00fcchte werden im Herbst geerntet, bevor sie f\u00fcr ein intensiveres Aroma voll ausgereift sind.<\/p>\n<p>Der Baum ist weniger kr\u00e4ftig und deutlich weniger stachelig als die klassische Yuzu.<\/p>\n","protected":false},"excerpt":{"rendered":"<p><em>(Citrus junos)<br \/>\n<\/em>Auf Unterlage Forner-Alcaide 5 (FA5) oder Poncirus Trifoliata<\/p>\n<p>&nbsp;<\/p>\n","protected":false},"featured_media":4628,"comment_status":"closed","ping_status":"closed","template":"","meta":{"_seopress_robots_primary_cat":"","_seopress_titles_title":"","_seopress_titles_desc":"","_seopress_robots_index":"","_seopress_analysis_target_kw":""},"product_brand":[],"product_cat":[54],"product_tag":[],"class_list":{"0":"post-734","1":"product","2":"type-product","3":"status-publish","4":"has-post-thumbnail","6":"product_cat-nicht-klassifiziert","7":"pa_taille-grosse","8":"pa_taille-kleine","9":"pa_taille-mittel","11":"first","12":"instock","13":"purchasable","14":"product-type-variable","15":"has-default-attributes"},"_links":{"self":[{"href":"https:\/\/alpagrumi.ch\/de\/wp-json\/wp\/v2\/product\/734","targetHints":{"allow":["GET"]}}],"collection":[{"href":"https:\/\/alpagrumi.ch\/de\/wp-json\/wp\/v2\/product"}],"about":[{"href":"https:\/\/alpagrumi.ch\/de\/wp-json\/wp\/v2\/types\/product"}],"replies":[{"embeddable":true,"href":"https:\/\/alpagrumi.ch\/de\/wp-json\/wp\/v2\/comments?post=734"}],"wp:featuredmedia":[{"embeddable":true,"href":"https:\/\/alpagrumi.ch\/de\/wp-json\/wp\/v2\/media\/4628"}],"wp:attachment":[{"href":"https:\/\/alpagrumi.ch\/de\/wp-json\/wp\/v2\/media?parent=734"}],"wp:term":[{"taxonomy":"product_brand","embeddable":true,"href":"https:\/\/alpagrumi.ch\/de\/wp-json\/wp\/v2\/product_brand?post=734"},{"taxonomy":"product_cat","embeddable":true,"href":"https:\/\/alpagrumi.ch\/de\/wp-json\/wp\/v2\/product_cat?post=734"},{"taxonomy":"product_tag","embeddable":true,"href":"https:\/\/alpagrumi.ch\/de\/wp-json\/wp\/v2\/product_tag?post=734"}],"curies":[{"name":"wp","href":"https:\/\/api.w.org\/{rel}","templated":true}]}}