{"id":742,"date":"2023-02-10T22:48:44","date_gmt":"2023-02-10T21:48:44","guid":{"rendered":"https:\/\/ticinoweb02.jcloud.ik-server.com\/alpagrum\/produit\/sudachi\/"},"modified":"2026-04-17T19:31:38","modified_gmt":"2026-04-17T17:31:38","slug":"sudachi","status":"publish","type":"product","link":"https:\/\/alpagrumi.ch\/de\/produkt\/sudachi\/","title":{"rendered":"Sudachi"},"content":{"rendered":"<p>Sudachi ist aus der japanischen K\u00fcche nicht wegzudenken. Sein Saft enth\u00fcllt den Umami-Geschmack und ist deshalb bei K\u00f6chen in Asien sehr begehrt. Sie verwenden die noch unreife Frucht, bevor sie voll ausgereift ist, f\u00fcr ihre Schale und ihren Saft mit au\u00dfergew\u00f6hnlichen Aromen.<\/p>\n<p>Die Frucht ist eine kleine, runde Limette (40 g), sauer und sehr saftig, die ab September gr\u00fcn gegessen wird.<\/p>\n<p>Der Baum ist kr\u00e4ftig, sehr dornig und buschig. Er produziert jedes Jahr eine gro\u00dfe Anzahl von Fr\u00fcchten (keine Alternanz). <\/p>\n<p>Referenzen:<br \/>\n<a href=\"https:\/\/idtools.org\/tools\/1076\/index.cfm?packageID=1179&amp;entityID=8832\">https:\/\/idtools.org\/tools\/1076\/index.cfm?packageID=1179&amp;entityID=8832<\/a><\/p>\n","protected":false},"excerpt":{"rendered":"<p class=\"Standard\"><i>(Citrus sudachi)<br \/>\n<\/i>Auf Unterlage Citrumelo (C4475) oder Forner-Alcaide 5 (FA5)<br \/>\n<i><\/i><span style=\"color: #ff6600\"><strong><br \/>\n<\/strong><\/span><\/p>\n<p class=\"Standard\">\n","protected":false},"featured_media":19855,"comment_status":"closed","ping_status":"closed","template":"","meta":{"_seopress_robots_primary_cat":"none","_seopress_titles_title":"","_seopress_titles_desc":"","_seopress_robots_index":""},"product_brand":[],"product_cat":[54],"product_tag":[],"class_list":{"0":"post-742","1":"product","2":"type-product","3":"status-publish","4":"has-post-thumbnail","6":"product_cat-nicht-klassifiziert","7":"pa_taille-grosse","8":"pa_taille-kleine","9":"pa_taille-mittel","11":"first","12":"instock","13":"purchasable","14":"product-type-variable","15":"has-default-attributes"},"_links":{"self":[{"href":"https:\/\/alpagrumi.ch\/de\/wp-json\/wp\/v2\/product\/742","targetHints":{"allow":["GET"]}}],"collection":[{"href":"https:\/\/alpagrumi.ch\/de\/wp-json\/wp\/v2\/product"}],"about":[{"href":"https:\/\/alpagrumi.ch\/de\/wp-json\/wp\/v2\/types\/product"}],"replies":[{"embeddable":true,"href":"https:\/\/alpagrumi.ch\/de\/wp-json\/wp\/v2\/comments?post=742"}],"wp:featuredmedia":[{"embeddable":true,"href":"https:\/\/alpagrumi.ch\/de\/wp-json\/wp\/v2\/media\/19855"}],"wp:attachment":[{"href":"https:\/\/alpagrumi.ch\/de\/wp-json\/wp\/v2\/media?parent=742"}],"wp:term":[{"taxonomy":"product_brand","embeddable":true,"href":"https:\/\/alpagrumi.ch\/de\/wp-json\/wp\/v2\/product_brand?post=742"},{"taxonomy":"product_cat","embeddable":true,"href":"https:\/\/alpagrumi.ch\/de\/wp-json\/wp\/v2\/product_cat?post=742"},{"taxonomy":"product_tag","embeddable":true,"href":"https:\/\/alpagrumi.ch\/de\/wp-json\/wp\/v2\/product_tag?post=742"}],"curies":[{"name":"wp","href":"https:\/\/api.w.org\/{rel}","templated":true}]}}