{"id":747,"date":"2023-02-16T11:00:52","date_gmt":"2023-02-16T10:00:52","guid":{"rendered":"https:\/\/ticinoweb02.jcloud.ik-server.com\/alpagrum\/produit\/yuzu\/"},"modified":"2026-04-03T14:30:46","modified_gmt":"2026-04-03T12:30:46","slug":"yuzu","status":"publish","type":"product","link":"https:\/\/alpagrumi.ch\/de\/produkt\/yuzu\/","title":{"rendered":"Yuzu Nr. 3"},"content":{"rendered":"<p>Yuzu Nr. 3 ist eine Yuzu-Sorte, die vor 15 Jahren in S\u00fcdfrankreich wegen ihrer K\u00e4ltebest\u00e4ndigkeit und intensiven Aromen gez\u00fcchtet wurde.<br \/>\nYuzu ist keine Tafelfrucht, doch in der japanischen K\u00fcche ist sie allgegenw\u00e4rtig.<br \/>\nIhre Schale, ihr Saft und sogar das Albedo (der wei\u00dfe Teil einer Zitrusfrucht) werden in Fertiggerichten, Backwaren, Eis, Gew\u00fcrzen usw. verwendet. Yuzu-Konfit\u00fcre ist die begehrteste aller Zitruskonfit\u00fcren, mit einem Hauch von Bitterkeit und sehr aromatisch.<\/p>\n<p>Man kann sogar die vielen Kerne zur Aussaat verwenden, denn die Yuzu ist samenfest, im Gegensatz zu fast allen Zitrusfr\u00fcchten (deren Samen zu 80% Hybride sind).<\/p>\n<p>Ernte im Herbst.<\/p>\n<p>Der Baum ist kr\u00e4ftig, sehr stachelig und sehr ertragreich. Diese besondere Sorte ist weniger anf\u00e4llig f\u00fcr Alternanz (kein schwacher Ertrag in jedem zweiten Jahr).<\/p>\n<p>Referenzen:<\/p>\n<p><a href=\"https:\/\/idtools.org\/tools\/1076\/index.cfm?packageID=1179&amp;entityID=8922\">https:\/\/idtools.org\/tools\/1076\/index.cfm?packageID=1179&amp;entityID=8922<\/a><\/p>\n<p><a href=\"https:\/\/citrusvariety.ucr.edu\/crc1216\">https:\/\/citrusvariety.ucr.edu\/crc1216<\/a><\/p>\n<p>&nbsp;<\/p>\n","protected":false},"excerpt":{"rendered":"<p><em>(Citrus junos)<br \/>\n<\/em>Auf Unterlage Forner-Alcaide 5 oder Citrumelo Swingle (C4475)<\/p>\n<p><span style=\"color: #ff6600\"><strong><br \/>\n<\/strong><strong><br \/>\n<\/strong><\/span><\/p>\n","protected":false},"featured_media":358,"comment_status":"closed","ping_status":"closed","template":"","meta":{"_seopress_robots_primary_cat":"none","_seopress_titles_title":"","_seopress_titles_desc":"","_seopress_robots_index":""},"product_brand":[],"product_cat":[54],"product_tag":[],"class_list":{"0":"post-747","1":"product","2":"type-product","3":"status-publish","4":"has-post-thumbnail","6":"product_cat-nicht-klassifiziert","7":"pa_taille-grosse","8":"pa_taille-kleine","9":"pa_taille-mittel","10":"pa_taille-xl-de","12":"first","13":"instock","14":"purchasable","15":"product-type-variable","16":"has-default-attributes"},"_links":{"self":[{"href":"https:\/\/alpagrumi.ch\/de\/wp-json\/wp\/v2\/product\/747","targetHints":{"allow":["GET"]}}],"collection":[{"href":"https:\/\/alpagrumi.ch\/de\/wp-json\/wp\/v2\/product"}],"about":[{"href":"https:\/\/alpagrumi.ch\/de\/wp-json\/wp\/v2\/types\/product"}],"replies":[{"embeddable":true,"href":"https:\/\/alpagrumi.ch\/de\/wp-json\/wp\/v2\/comments?post=747"}],"wp:featuredmedia":[{"embeddable":true,"href":"https:\/\/alpagrumi.ch\/de\/wp-json\/wp\/v2\/media\/358"}],"wp:attachment":[{"href":"https:\/\/alpagrumi.ch\/de\/wp-json\/wp\/v2\/media?parent=747"}],"wp:term":[{"taxonomy":"product_brand","embeddable":true,"href":"https:\/\/alpagrumi.ch\/de\/wp-json\/wp\/v2\/product_brand?post=747"},{"taxonomy":"product_cat","embeddable":true,"href":"https:\/\/alpagrumi.ch\/de\/wp-json\/wp\/v2\/product_cat?post=747"},{"taxonomy":"product_tag","embeddable":true,"href":"https:\/\/alpagrumi.ch\/de\/wp-json\/wp\/v2\/product_tag?post=747"}],"curies":[{"name":"wp","href":"https:\/\/api.w.org\/{rel}","templated":true}]}}