{"id":772,"date":"2023-02-14T10:03:00","date_gmt":"2023-02-14T09:03:00","guid":{"rendered":"https:\/\/ticinoweb02.jcloud.ik-server.com\/alpagrum\/produit\/ichang-lemon\/"},"modified":"2026-01-26T22:18:17","modified_gmt":"2026-01-26T21:18:17","slug":"ichang-lemon","status":"publish","type":"product","link":"https:\/\/alpagrumi.ch\/de\/produkt\/ichang-lemon\/","title":{"rendered":"Ichang Lemon (Shangyuan)"},"content":{"rendered":"<p>Die Ichang Lemon ist eine nat\u00fcrliche Hybride der Ichang Papeda, die Anfang des 20. Jahrhunderts von F.N. Meyer, einem Botaniker und Entdecker f\u00fcr das USDA (U.S. Department of Agriculture), in China identifiziert wurde.<\/p>\n<p>Die Frucht ist gro\u00df (300gr +) und \u00e4hnelt einer riesigen Orange mit gelbem Fruchtfleisch. Sie ist sehr saftig, sauer und aromatisch.<br \/>\nDie Schale ist ein au\u00dfergew\u00f6hnliches Gew\u00fcrz, das von den Chinesen jahrhundertelang als Parf\u00fcm verwendet wurde. Seine D\u00fcfte \u00e4hneln der Yuzu, der reichlich vorhandene Saft ist zitroniger.<br \/>\nSie kann wie eine Zitrone verwendet, aber auch wie Yuzu gekocht werden.<br \/>\nErnte im Herbst.<\/p>\n<p>Der Baum ist kr\u00e4ftig, hat gro\u00dfe Bl\u00e4tter und lange Dornen.<br \/>\nDie Sorte Shangyuan ist die am wenigsten dornige Sorte und neigt weniger zur Alternanz (weniger Ernte in jedem zweiten Jahr).<\/p>\n<p>Referenzen:<br \/>\n<a href=\"https:\/\/citrusvariety.ucr.edu\/crc1215\">https:\/\/citrusvariety.ucr.edu\/crc1215<\/a><\/p>\n","protected":false},"excerpt":{"rendered":"<p><em>Citrus wilsonii (Citrus ichangensis x Citrus sinensis)<br \/>\n<\/em>Auf Unterlage Forner-Alcaide 5 (FA5) oder Poncirus trifoliata<\/p>\n<p><span style=\"color: #ff9900\"><strong><em> <\/em><\/strong><\/span><\/p>\n<p><span style=\"color: #ff6600\"><strong> <\/strong><\/span><\/p>\n","protected":false},"featured_media":4620,"comment_status":"closed","ping_status":"closed","template":"","meta":{"_seopress_robots_primary_cat":"none","_seopress_titles_title":"","_seopress_titles_desc":"","_seopress_robots_index":""},"product_brand":[],"product_cat":[54],"product_tag":[],"class_list":{"0":"post-772","1":"product","2":"type-product","3":"status-publish","4":"has-post-thumbnail","6":"product_cat-nicht-klassifiziert","7":"pa_taille-grosse","8":"pa_taille-kleine","9":"pa_taille-mittel","11":"first","12":"instock","13":"purchasable","14":"product-type-variable","15":"has-default-attributes"},"_links":{"self":[{"href":"https:\/\/alpagrumi.ch\/de\/wp-json\/wp\/v2\/product\/772","targetHints":{"allow":["GET"]}}],"collection":[{"href":"https:\/\/alpagrumi.ch\/de\/wp-json\/wp\/v2\/product"}],"about":[{"href":"https:\/\/alpagrumi.ch\/de\/wp-json\/wp\/v2\/types\/product"}],"replies":[{"embeddable":true,"href":"https:\/\/alpagrumi.ch\/de\/wp-json\/wp\/v2\/comments?post=772"}],"wp:featuredmedia":[{"embeddable":true,"href":"https:\/\/alpagrumi.ch\/de\/wp-json\/wp\/v2\/media\/4620"}],"wp:attachment":[{"href":"https:\/\/alpagrumi.ch\/de\/wp-json\/wp\/v2\/media?parent=772"}],"wp:term":[{"taxonomy":"product_brand","embeddable":true,"href":"https:\/\/alpagrumi.ch\/de\/wp-json\/wp\/v2\/product_brand?post=772"},{"taxonomy":"product_cat","embeddable":true,"href":"https:\/\/alpagrumi.ch\/de\/wp-json\/wp\/v2\/product_cat?post=772"},{"taxonomy":"product_tag","embeddable":true,"href":"https:\/\/alpagrumi.ch\/de\/wp-json\/wp\/v2\/product_tag?post=772"}],"curies":[{"name":"wp","href":"https:\/\/api.w.org\/{rel}","templated":true}]}}