{"id":11475,"date":"2023-08-10T15:00:51","date_gmt":"2023-08-10T13:00:51","guid":{"rendered":"https:\/\/alpagrumi.ch\/consegne\/"},"modified":"2026-04-07T13:12:04","modified_gmt":"2026-04-07T11:12:04","slug":"consegne","status":"publish","type":"page","link":"https:\/\/alpagrumi.ch\/it\/consegne\/","title":{"rendered":"Consegne"},"content":{"rendered":"\t\t<div data-elementor-type=\"wp-page\" data-elementor-id=\"11475\" class=\"elementor elementor-11475 elementor-11466\" data-elementor-post-type=\"page\">\n\t\t\t\t\t\t<section class=\"elementor-section elementor-top-section elementor-element elementor-element-d9e5a71 elementor-section-boxed elementor-section-height-default elementor-section-height-default\" data-id=\"d9e5a71\" data-element_type=\"section\" data-e-type=\"section\" data-settings=\"{&quot;background_background&quot;:&quot;classic&quot;}\">\n\t\t\t\t\t\t\t<div class=\"elementor-background-overlay\"><\/div>\n\t\t\t\t\t\t\t<div class=\"elementor-container elementor-column-gap-default\">\n\t\t\t\t\t<div class=\"elementor-column elementor-col-100 elementor-top-column elementor-element elementor-element-0b3a2c3\" data-id=\"0b3a2c3\" data-element_type=\"column\" data-e-type=\"column\">\n\t\t\t<div class=\"elementor-widget-wrap elementor-element-populated\">\n\t\t\t\t\t\t<div class=\"elementor-element elementor-element-a3fefee elementor-widget elementor-widget-heading\" data-id=\"a3fefee\" data-element_type=\"widget\" data-e-type=\"widget\" data-settings=\"{&quot;_animation&quot;:&quot;none&quot;}\" data-widget_type=\"heading.default\">\n\t\t\t\t\t<h2 class=\"elementor-heading-title elementor-size-xxl\">Consegne in Svizzera<\/h2>\t\t\t\t<\/div>\n\t\t\t\t\t<\/div>\n\t\t<\/div>\n\t\t\t\t\t<\/div>\n\t\t<\/section>\n\t\t\t\t<section class=\"elementor-section elementor-top-section elementor-element elementor-element-9d59cf4 elementor-section-boxed elementor-section-height-default elementor-section-height-default\" data-id=\"9d59cf4\" data-element_type=\"section\" data-e-type=\"section\">\n\t\t\t\t\t\t<div class=\"elementor-container elementor-column-gap-default\">\n\t\t\t\t\t<div class=\"elementor-column elementor-col-100 elementor-top-column elementor-element elementor-element-3aa3cf5\" data-id=\"3aa3cf5\" data-element_type=\"column\" data-e-type=\"column\" data-settings=\"{&quot;animation&quot;:&quot;none&quot;}\">\n\t\t\t<div class=\"elementor-widget-wrap elementor-element-populated\">\n\t\t\t\t\t\t<div class=\"elementor-element elementor-element-d324df6 elementor-widget elementor-widget-heading\" data-id=\"d324df6\" data-element_type=\"widget\" data-e-type=\"widget\" data-widget_type=\"heading.default\">\n\t\t\t\t\t<h2 class=\"elementor-heading-title elementor-size-default\">Termini di consegna 2025<\/h2>\t\t\t\t<\/div>\n\t\t\t\t<div class=\"elementor-element elementor-element-a6e8f40 elementor-widget elementor-widget-elementskit-accordion\" data-id=\"a6e8f40\" data-element_type=\"widget\" data-e-type=\"widget\" data-widget_type=\"elementskit-accordion.default\">\n\t\t\t\t\t<div class=\"ekit-wid-con\" >\n        <div class=\"elementskit-accordion accoedion-primary\" id=\"accordion-69d933787f969\">\n\n            \n                <div class=\"elementskit-card active\">\n                    <div class=\"elementskit-card-header\" id=\"primaryHeading-0-a6e8f40\">\n                        <a href=\"#collapse-d8ed75e69d933787f969\" class=\"ekit-accordion--toggler elementskit-btn-link collapsed\" data-ekit-toggle=\"collapse\" data-target=\"#Collapse-d8ed75e69d933787f969\" aria-expanded=\"true\" aria-controls=\"Collapse-d8ed75e69d933787f969\">\n                                                            <div class=\"ekit_accordion_icon_left_group\">\n                                    <div class=\"ekit_accordion_normal_icon\">\n                                        <!-- Normal Icon -->\n                                        <i class=\"icon icon-plus\"><\/i>                                    <\/div>\n\n                                    <div class=\"ekit_accordion_active_icon\">\n                                        <!-- Active Icon -->\n\t\t\t\t\t\t\t\t\t\t<i class=\"icon icon-up-arrow\"><\/i>                                    <\/div>\n                                <\/div>\n\n                            \n                            <span class=\"ekit-accordion-title\">Svizzera francese e centrale<\/span>\n\n                            \n                                                    <\/a>\n                    <\/div>\n\n                    <div id=\"Collapse-d8ed75e69d933787f969\" class=\" show collapse\" aria-labelledby=\"primaryHeading-0-a6e8f40\" data-parent=\"#accordion-69d933787f969\">\n\n                        <div class=\"elementskit-card-body ekit-accordion--content\">\n                            <p>Le consegne vengono effettuate da noi, AlpAgrumi. <\/p>\n<p>Non abbiamo ancora trovato un'azienda di trasporti disposta a prendersi cura delle nostre piante in modo affidabile e a un prezzo conveniente. Per questo motivo, le consegne vengono raggruppate una volta al mese. Non possiamo effettuare consegne individuali al di fuori del Ticino.<\/p>\n<p>Le consegne raggruppate vengono effettuate da marzo a novembre e coprono tutta la Svizzera (tranne il Ticino e parte dei Grigioni).<br \/>Si noti che il periodo di impianto degli agrumi inizia a met\u00e0 marzo e termina alla fine di agosto. In inverno, \u00e8 consigliabile tenere gli alberi nei vasi fino alla primavera. \u00c8 anche possibile ordinare e prenotare gli alberi durante l'inverno per consegnarli in primavera.<\/p>\n<h4>Prossime consegne: <br \/>08-09 aprile 2026<br \/>21-22 aprile 2026<br \/>19-20 maggio 2026 <\/h4>\n<\/p>\n<p>Le tariffe 2026 per il trasporto di alberi sono le seguenti:<\/p>\n<p>Da 1 a 3 alberi, prezzo fisso: 90 Chf Alberi successivi: +15 Chf per albero<\/p>\n<p>Ecco alcuni esempi:<\/p>\n<p>Per 1 albero: costo totale del trasporto 90 Chf.<br \/>Per 2 alberi: costo totale del trasporto 90 Chf. <br \/>Per 3 alberi: costo totale del trasporto 90 Chf.<br \/>Per 4 alberi: costo totale del trasporto 105 Chf.<br \/>Per 5 alberi: costo totale del trasporto 120 Chf. ecc...<\/p>\n<p>Nota: questo metodo di calcolo del prezzo di trasporto riflette i nostri costi effettivi, che sono pi\u00f9 direttamente legati al viaggio che al numero di alberi, e ha lo scopo di incoraggiare gli ordini di gruppo.<\/p>\n<p>Le spese di trasporto vengono calcolate automaticamente al momento dell'ordine, selezionando l'opzione \"Spedizione\" prima della conferma.<\/p>\n<p><strong>Per le consegne professionali all'ingrosso, contattaci per conoscere le tariffe in base alla destinazione.<\/strong><\/p>\n                        <\/div>\n\n                    <\/div>\n\n                <\/div><!-- .elementskit-card END -->\n\n                \n                <div class=\"elementskit-card \">\n                    <div class=\"elementskit-card-header\" id=\"primaryHeading-1-a6e8f40\">\n                        <a href=\"#collapse-47397be69d933787f969\" class=\"ekit-accordion--toggler elementskit-btn-link collapsed\" data-ekit-toggle=\"collapse\" data-target=\"#Collapse-47397be69d933787f969\" aria-expanded=\"false\" aria-controls=\"Collapse-47397be69d933787f969\">\n                                                            <div class=\"ekit_accordion_icon_left_group\">\n                                    <div class=\"ekit_accordion_normal_icon\">\n                                        <!-- Normal Icon -->\n                                        <i class=\"icon icon-plus\"><\/i>                                    <\/div>\n\n                                    <div class=\"ekit_accordion_active_icon\">\n                                        <!-- Active Icon -->\n\t\t\t\t\t\t\t\t\t\t<i class=\"icon icon-up-arrow\"><\/i>                                    <\/div>\n                                <\/div>\n\n                            \n                            <span class=\"ekit-accordion-title\">Canton Ticino (e parte dei Grigioni)<\/span>\n\n                            \n                                                    <\/a>\n                    <\/div>\n\n                    <div id=\"Collapse-47397be69d933787f969\" class=\" collapse\" aria-labelledby=\"primaryHeading-1-a6e8f40\" data-parent=\"#accordion-69d933787f969\">\n\n                        <div class=\"elementskit-card-body ekit-accordion--content\">\n                            <p>In Ticino e in alcune zone dei Grigioni (codici postali 72-75-76-77) le consegne vengono effettuate individualmente.  <br \/>La data di consegna \u00e8 soggetta a disponibilit\u00e0, in linea di massima entro una settimana dall'ordine.<\/p>\n<p>Il costo del trasporto non dipende dal numero di alberi, ma dalla distanza da percorrere (andata e ritorno da Monte Carasso).<\/p>\n<p>Tariffa: 1 Chf al chilometro.<\/p>\n<p>Costo minimo 20 Chf.<\/p>\n<p>Massimo 20 alberi.<\/p>\n<p>La fattura vi sar\u00e0 inviata via e-mail e il trasporto dovr\u00e0 essere pagato prima della data di consegna prevista.<\/p>\n                        <\/div>\n\n                    <\/div>\n\n                <\/div><!-- .elementskit-card END -->\n\n                \n                <div class=\"elementskit-card active\">\n                    <div class=\"elementskit-card-header\" id=\"primaryHeading-2-a6e8f40\">\n                        <a href=\"#collapse-950a8af69d933787f969\" class=\"ekit-accordion--toggler elementskit-btn-link collapsed\" data-ekit-toggle=\"collapse\" data-target=\"#Collapse-950a8af69d933787f969\" aria-expanded=\"true\" aria-controls=\"Collapse-950a8af69d933787f969\">\n                                                            <div class=\"ekit_accordion_icon_left_group\">\n                                    <div class=\"ekit_accordion_normal_icon\">\n                                        <!-- Normal Icon -->\n                                        <i class=\"icon icon-plus\"><\/i>                                    <\/div>\n\n                                    <div class=\"ekit_accordion_active_icon\">\n                                        <!-- Active Icon -->\n\t\t\t\t\t\t\t\t\t\t<i class=\"icon icon-up-arrow\"><\/i>                                    <\/div>\n                                <\/div>\n\n                            \n                            <span class=\"ekit-accordion-title\">Come richiedere la consegna degli alberi<\/span>\n\n                            \n                                                    <\/a>\n                    <\/div>\n\n                    <div id=\"Collapse-950a8af69d933787f969\" class=\" show collapse\" aria-labelledby=\"primaryHeading-2-a6e8f40\" data-parent=\"#accordion-69d933787f969\">\n\n                        <div class=\"elementskit-card-body ekit-accordion--content\">\n                            <p>Se ordini tramite l'eShop del nostro sito web, puoi indicare la tua richiesta di consegna nella prossima data disponibile, selezionando l'opzione Spedizione al momento della conferma dell'ordine.  <br \/>L'opzione Spedizione appare dopo aver inserito il codice postale.  <br \/>Il costo della consegna verr\u00e0 calcolato automaticamente e aggiunto all'importo dell'ordine.<\/p>\n<p>Per il Ticino, puoi chiamarci al telefono o contattarci via e-mail per indicarci la tua richiesta di consegna e concordare la data possibile.<\/p>\n                        <\/div>\n\n                    <\/div>\n\n                <\/div><!-- .elementskit-card END -->\n\n                                        <\/div>\n    <\/div>\t\t\t\t<\/div>\n\t\t\t\t\t<\/div>\n\t\t<\/div>\n\t\t\t\t\t<\/div>\n\t\t<\/section>\n\t\t\t\t<\/div>\n\t\t","protected":false},"excerpt":{"rendered":"<p>Consegne in Svizzera Termini di consegna 2025 Svizzera francese e centrale Le consegne vengono effettuate da noi, AlpAgrumi. Non abbiamo ancora trovato un&#8217;azienda di trasporti disposta a prendersi cura delle nostre piante in modo affidabile e a un prezzo conveniente. Per questo motivo, le consegne vengono raggruppate una volta al mese. Non possiamo effettuare consegne [&hellip;]<\/p>\n","protected":false},"author":1630,"featured_media":0,"parent":0,"menu_order":0,"comment_status":"closed","ping_status":"open","template":"elementor_header_footer","meta":{"_seopress_robots_primary_cat":"","_seopress_titles_title":"","_seopress_titles_desc":"","_seopress_robots_index":"","footnotes":""},"class_list":["post-11475","page","type-page","status-publish","hentry"],"_links":{"self":[{"href":"https:\/\/alpagrumi.ch\/it\/wp-json\/wp\/v2\/pages\/11475","targetHints":{"allow":["GET"]}}],"collection":[{"href":"https:\/\/alpagrumi.ch\/it\/wp-json\/wp\/v2\/pages"}],"about":[{"href":"https:\/\/alpagrumi.ch\/it\/wp-json\/wp\/v2\/types\/page"}],"author":[{"embeddable":true,"href":"https:\/\/alpagrumi.ch\/it\/wp-json\/wp\/v2\/users\/1630"}],"replies":[{"embeddable":true,"href":"https:\/\/alpagrumi.ch\/it\/wp-json\/wp\/v2\/comments?post=11475"}],"version-history":[{"count":5,"href":"https:\/\/alpagrumi.ch\/it\/wp-json\/wp\/v2\/pages\/11475\/revisions"}],"predecessor-version":[{"id":20539,"href":"https:\/\/alpagrumi.ch\/it\/wp-json\/wp\/v2\/pages\/11475\/revisions\/20539"}],"wp:attachment":[{"href":"https:\/\/alpagrumi.ch\/it\/wp-json\/wp\/v2\/media?parent=11475"}],"curies":[{"name":"wp","href":"https:\/\/api.w.org\/{rel}","templated":true}]}}