{"id":821,"date":"2023-01-16T11:04:57","date_gmt":"2023-01-16T10:04:57","guid":{"rendered":"https:\/\/ticinoweb02.jcloud.ik-server.com\/alpagrum\/protezione\/"},"modified":"2026-04-15T20:12:16","modified_gmt":"2026-04-15T18:12:16","slug":"protezione","status":"publish","type":"page","link":"https:\/\/alpagrumi.ch\/it\/protezione\/","title":{"rendered":"Protezione"},"content":{"rendered":"\t\t<div data-elementor-type=\"wp-page\" data-elementor-id=\"821\" class=\"elementor elementor-821 elementor-493\" data-elementor-post-type=\"page\">\n\t\t\t\t\t\t<section class=\"elementor-section elementor-top-section elementor-element elementor-element-3f0de3e elementor-section-boxed elementor-section-height-default elementor-section-height-default\" data-id=\"3f0de3e\" data-element_type=\"section\" data-e-type=\"section\" data-settings=\"{&quot;background_background&quot;:&quot;classic&quot;}\">\n\t\t\t\t\t\t\t<div class=\"elementor-background-overlay\"><\/div>\n\t\t\t\t\t\t\t<div class=\"elementor-container elementor-column-gap-default\">\n\t\t\t\t\t<div class=\"elementor-column elementor-col-100 elementor-top-column elementor-element elementor-element-0ed5bb0\" data-id=\"0ed5bb0\" data-element_type=\"column\" data-e-type=\"column\">\n\t\t\t<div class=\"elementor-widget-wrap elementor-element-populated\">\n\t\t\t\t\t\t<div class=\"elementor-element elementor-element-2a6c643 elementor-widget elementor-widget-heading\" data-id=\"2a6c643\" data-element_type=\"widget\" data-e-type=\"widget\" data-settings=\"{&quot;_animation&quot;:&quot;none&quot;}\" data-widget_type=\"heading.default\">\n\t\t\t\t\t<h2 class=\"elementor-heading-title elementor-size-xxl\">Protezione<\/h2>\t\t\t\t<\/div>\n\t\t\t\t\t<\/div>\n\t\t<\/div>\n\t\t\t\t\t<\/div>\n\t\t<\/section>\n\t\t\t\t<section class=\"elementor-section elementor-top-section elementor-element elementor-element-fc875af elementor-section-boxed elementor-section-height-default elementor-section-height-default\" data-id=\"fc875af\" data-element_type=\"section\" data-e-type=\"section\">\n\t\t\t\t\t\t<div class=\"elementor-container elementor-column-gap-default\">\n\t\t\t\t\t<div class=\"elementor-column elementor-col-100 elementor-top-column elementor-element elementor-element-f08b3dd\" data-id=\"f08b3dd\" data-element_type=\"column\" data-e-type=\"column\" data-settings=\"{&quot;animation&quot;:&quot;none&quot;}\">\n\t\t\t<div class=\"elementor-widget-wrap elementor-element-populated\">\n\t\t\t\t\t\t<div class=\"elementor-element elementor-element-cf9f19f elementor-widget elementor-widget-heading\" data-id=\"cf9f19f\" data-element_type=\"widget\" data-e-type=\"widget\" data-widget_type=\"heading.default\">\n\t\t\t\t\t<h2 class=\"elementor-heading-title elementor-size-default\">Proteggersi dal freddo<\/h2>\t\t\t\t<\/div>\n\t\t\t\t<div class=\"elementor-element elementor-element-5c9237a elementor-widget elementor-widget-text-editor\" data-id=\"5c9237a\" data-element_type=\"widget\" data-e-type=\"widget\" data-widget_type=\"text-editor.default\">\n\t\t\t\t\t\t\t\t\t<p style=\"text-align: left\">I livelli di resistenza degli agrumi dipendono dalla specie e dalla variet\u00e0. <br>Tabella a pagina <a href=\"https:\/\/alpagrumi.ch\/it\/agrumi-rustici\/\"><span style=\"text-decoration: underline\">Agrumi resistenti<\/span><\/a> mostra i livelli di resistenza osservati per gli alberi maturi.<\/p><p style=\"text-align: left\">Durante i primi anni di crescita, gli alberi non sono ancora completamente consolidati. Raggiungeranno il livello di rusticit\u00e0 indicato solo dopo tre o quattro anni di permanenza nel terreno.<br>Questo \u00e8 il periodo pi\u00f9 pericoloso in caso di freddo intenso o di forti nevicate.<\/p>\t\t\t\t\t\t\t\t<\/div>\n\t\t\t\t<div class=\"elementor-element elementor-element-5211d4b elementor-widget elementor-widget-elementskit-accordion\" data-id=\"5211d4b\" data-element_type=\"widget\" data-e-type=\"widget\" data-widget_type=\"elementskit-accordion.default\">\n\t\t\t\t\t<div class=\"ekit-wid-con\" >\n        <div class=\"elementskit-accordion accoedion-primary\" id=\"accordion-69dfdb66a8d16\">\n\n            \n                <div class=\"elementskit-card active\">\n                    <div class=\"elementskit-card-header\" id=\"primaryHeading-0-5211d4b\">\n                        <a href=\"#collapse-47397be69dfdb66a8d16\" class=\"ekit-accordion--toggler elementskit-btn-link collapsed\" data-ekit-toggle=\"collapse\" data-target=\"#Collapse-47397be69dfdb66a8d16\" aria-expanded=\"true\" aria-controls=\"Collapse-47397be69dfdb66a8d16\">\n                                                            <div class=\"ekit_accordion_icon_left_group\">\n                                    <div class=\"ekit_accordion_normal_icon\">\n                                        <!-- Normal Icon -->\n                                        <i class=\"icon icon-plus\"><\/i>                                    <\/div>\n\n                                    <div class=\"ekit_accordion_active_icon\">\n                                        <!-- Active Icon -->\n\t\t\t\t\t\t\t\t\t\t<i class=\"icon icon-up-arrow\"><\/i>                                    <\/div>\n                                <\/div>\n\n                            \n                            <span class=\"ekit-accordion-title\">Velo termico: da usare con cautela<\/span>\n\n                            \n                                                    <\/a>\n                    <\/div>\n\n                    <div id=\"Collapse-47397be69dfdb66a8d16\" class=\" show collapse\" aria-labelledby=\"primaryHeading-0-5211d4b\" data-parent=\"#accordion-69dfdb66a8d16\">\n\n                        <div class=\"elementskit-card-body ekit-accordion--content\">\n                            <p>Il tessuto non tessuto (NWF) \u00e8 disponibile in commercio in rotoli fino a 10 metri di larghezza. Viene comunemente utilizzao dagli orticoltori in primavera come velo di forzatura per gli ortaggi. Si tratta di un tessuto sintetico, per il quale non esiste ancora un'alternativa naturale. Permette il passaggio della luce, della pioggia e dell'aria, garantendo al contempo un guadagno termico.<\/p>\n<p>In teoria, un semplice velo pu\u00f2 far risparmiare due o tre gradi. <br \/>Tuttavia, questo non \u00e8 confermato dalla nostra esperienza pratica. Con termometri di minima e massima installati sotto il velo e all'esterno, abbiamo osservato le stesse temperature minime (-7 gradi C di notte). Le temperature massime, invece, erano molto pi\u00f9 alte sotto il velo (+10\/12 gradi).   <\/p>\n<p>Nelle giornate invernali di sole, la temperatura sotto il velo pu\u00f2 superare i 18 gradi o pi\u00f9. In queste condizioni, l'albero rischia di svegliarsi troppo presto. E se la linfa inizia a circolare, la minima gelata notturna pu\u00f2 seccare e uccidere l'albero.   <\/p>\n<p>Per questo motivo, consigliamo di installare un velo solo in caso di freddo molto intenso e di lasciarlo anche durante il giorno solo se il tempo \u00e8 nuvoloso e la temperatura rimane negativa. <\/p>\n<p>Sconsigliamo vivamente di lasciare il velo in posizione per diverse settimane o mesi. L'albero sarebbe quasi certamente sottoposto a temperature troppo elevate.  <\/p>\n<p>Se decidete di installare comunque un velo, preparatevi a rimuoverlo durante il giorno, non appena il sole splende.<\/p>\n<p>Per installarlo, posiziona il velo di NWF in una campana sopra l'albero su tre o quattro bastoni. Il velo non deve schiacciare il fogliame per non bruciarlo.<br \/>Per creare la campana si pu\u00f2 utilizzare un quadrato di circa 5 x 5 m su bastoni alti da 1,5 a 1,8 m. Le estremit\u00e0 devono essere fissate saldamente al terreno con delle pietre in caso di vento. In caso di vento, le estremit\u00e0 devono essere fissate saldamente al terreno con delle pietre.<br \/>In genere \u00e8 sufficiente un velo tra 17 e 19 g per m\u00b2. \u00c8 possibile applicare due veli uno sopra l'altro.   <\/p><\/p>\n                        <\/div>\n\n                    <\/div>\n\n                <\/div><!-- .elementskit-card END -->\n\n                \n                <div class=\"elementskit-card \">\n                    <div class=\"elementskit-card-header\" id=\"primaryHeading-1-5211d4b\">\n                        <a href=\"#collapse-55ec68469dfdb66a8d16\" class=\"ekit-accordion--toggler elementskit-btn-link collapsed\" data-ekit-toggle=\"collapse\" data-target=\"#Collapse-55ec68469dfdb66a8d16\" aria-expanded=\"false\" aria-controls=\"Collapse-55ec68469dfdb66a8d16\">\n                                                            <div class=\"ekit_accordion_icon_left_group\">\n                                    <div class=\"ekit_accordion_normal_icon\">\n                                        <!-- Normal Icon -->\n                                        <i class=\"icon icon-plus\"><\/i>                                    <\/div>\n\n                                    <div class=\"ekit_accordion_active_icon\">\n                                        <!-- Active Icon -->\n\t\t\t\t\t\t\t\t\t\t<i class=\"icon icon-up-arrow\"><\/i>                                    <\/div>\n                                <\/div>\n\n                            \n                            <span class=\"ekit-accordion-title\">Pacciamatura<\/span>\n\n                            \n                                                    <\/a>\n                    <\/div>\n\n                    <div id=\"Collapse-55ec68469dfdb66a8d16\" class=\" collapse\" aria-labelledby=\"primaryHeading-1-5211d4b\" data-parent=\"#accordion-69dfdb66a8d16\">\n\n                        <div class=\"elementskit-card-body ekit-accordion--content\">\n                            <p>La pacciamatura delle piante crea una relativa bolla di calore. Una pacciamatura spessa garantisce un guadagno di calore di alcuni gradi alla base dell'albero e sotto la chioma. Consulta il capitolo sull'<span style=\"text-decoration: underline\">irrigazione <\/span>per maggiori dettagli sui metodi di pacciamatura.<br \/>La pacciamatura deve essere mantenuta e rinnovata regolarmente. Se la pacciamatura viene effettuata con fieno secco, rinnovala due volte all'anno, verso giugno e novembre.   <\/p>\n                        <\/div>\n\n                    <\/div>\n\n                <\/div><!-- .elementskit-card END -->\n\n                \n                <div class=\"elementskit-card \">\n                    <div class=\"elementskit-card-header\" id=\"primaryHeading-2-5211d4b\">\n                        <a href=\"#collapse-01c1f5169dfdb66a8d16\" class=\"ekit-accordion--toggler elementskit-btn-link collapsed\" data-ekit-toggle=\"collapse\" data-target=\"#Collapse-01c1f5169dfdb66a8d16\" aria-expanded=\"false\" aria-controls=\"Collapse-01c1f5169dfdb66a8d16\">\n                                                            <div class=\"ekit_accordion_icon_left_group\">\n                                    <div class=\"ekit_accordion_normal_icon\">\n                                        <!-- Normal Icon -->\n                                        <i class=\"icon icon-plus\"><\/i>                                    <\/div>\n\n                                    <div class=\"ekit_accordion_active_icon\">\n                                        <!-- Active Icon -->\n\t\t\t\t\t\t\t\t\t\t<i class=\"icon icon-up-arrow\"><\/i>                                    <\/div>\n                                <\/div>\n\n                            \n                            <span class=\"ekit-accordion-title\">Quando proteggere<\/span>\n\n                            \n                                                    <\/a>\n                    <\/div>\n\n                    <div id=\"Collapse-01c1f5169dfdb66a8d16\" class=\" collapse\" aria-labelledby=\"primaryHeading-2-5211d4b\" data-parent=\"#accordion-69dfdb66a8d16\">\n\n                        <div class=\"elementskit-card-body ekit-accordion--content\">\n                            <p>La pacciamatura deve essere installata o rinnovata due volte all'anno, prima del gelo (novembre) e in tarda primavera (giugno). <br \/>La soluzione migliore \u00e8 il fieno secco o gi\u00e0 in decomposizione, con uno spessore di 20-30 cm e un cerchio di 50 cm intorno all'albero.<\/p>\n<p>I veli protettivi possono essere installati su alberi di et\u00e0 inferiore ai tre anni tra dicembre e febbraio, in caso di freddo intenso o prolungato. Dopo questi eventi eccezionali, \u00e8 consigliabile rimuovere rapidamente i veli. Non lasciare i veli durante le giornate di sole.  <\/p>\n<p>I veli fissi non dovrebbero essere installati e lasciati durante tutto l'inverno, perch\u00e9 presentano una serie di rischi. <br \/>In primo luogo, l'aumento delle differenze di temperatura tra il giorno e la notte, soprattutto nelle giornate di sole in inverno, pu\u00f2 causare uno shock termico irreparabile. <br \/>In secondo luogo, il riscaldamento precoce degli alberi sotto i veli pu\u00f2 innescare un risveglio vegetativo precoce e rapido (gi\u00e0 a gennaio), rendendoli estremamente vulnerabili al minimo gelo. <br \/>Questi effetti negativi sono pi\u00f9 marcati con veli pi\u00f9 spessi.<\/p>\n<p>In pratica, \u00e8 impossibile montare veli NWF su alberi maturi.<\/p>\n                        <\/div>\n\n                    <\/div>\n\n                <\/div><!-- .elementskit-card END -->\n\n                \n                <div class=\"elementskit-card \">\n                    <div class=\"elementskit-card-header\" id=\"primaryHeading-3-5211d4b\">\n                        <a href=\"#collapse-48bfc4369dfdb66a8d16\" class=\"ekit-accordion--toggler elementskit-btn-link collapsed\" data-ekit-toggle=\"collapse\" data-target=\"#Collapse-48bfc4369dfdb66a8d16\" aria-expanded=\"false\" aria-controls=\"Collapse-48bfc4369dfdb66a8d16\">\n                                                            <div class=\"ekit_accordion_icon_left_group\">\n                                    <div class=\"ekit_accordion_normal_icon\">\n                                        <!-- Normal Icon -->\n                                        <i class=\"icon icon-plus\"><\/i>                                    <\/div>\n\n                                    <div class=\"ekit_accordion_active_icon\">\n                                        <!-- Active Icon -->\n\t\t\t\t\t\t\t\t\t\t<i class=\"icon icon-up-arrow\"><\/i>                                    <\/div>\n                                <\/div>\n\n                            \n                            <span class=\"ekit-accordion-title\">In caso di neve o ghiaccio<\/span>\n\n                            \n                                                    <\/a>\n                    <\/div>\n\n                    <div id=\"Collapse-48bfc4369dfdb66a8d16\" class=\" collapse\" aria-labelledby=\"primaryHeading-3-5211d4b\" data-parent=\"#accordion-69dfdb66a8d16\">\n\n                        <div class=\"elementskit-card-body ekit-accordion--content\">\n                            <p>Gli agrumi hanno rami flessibili e possono sopportare qualche centimetro di neve senza subire danni. Oltre a ci\u00f2, i rami devono essere scossi per alleggerirli ed evitare che si rompano. <br \/>Per i giovani alberi di alcune variet\u00e0, \u00e8 possibile legare i rami a dei paletti per limitare la rottura in caso di neve. Per un arancio, ad esempio, usa da 5 a 10 picchetti.<br \/>I picchetti non sono adatti ad altre variet\u00e0, come i mandarini.<br \/>Gli alberi di yuzu e di limone sono pi\u00f9 resistenti alla neve, tranne in caso di nevicate eccezionali (40 cm o pi\u00f9). <\/p>\n<p>Se l'albero \u00e8 ricoperto di ghiaccio (pioggia gelata), avr\u00e0 un effetto protettivo maggiore, mantenendo una temperatura di circa -2 C sui rami. Le foglie possono ricoprirsi di ghiaccio e resistere, tranne in genere quelle all'estremit\u00e0 dei rami, che diventeranno gialle con il disgelo. <\/p><\/p>\n                        <\/div>\n\n                    <\/div>\n\n                <\/div><!-- .elementskit-card END -->\n\n                \n                <div class=\"elementskit-card \">\n                    <div class=\"elementskit-card-header\" id=\"primaryHeading-4-5211d4b\">\n                        <a href=\"#collapse-6fc85b869dfdb66a8d16\" class=\"ekit-accordion--toggler elementskit-btn-link collapsed\" data-ekit-toggle=\"collapse\" data-target=\"#Collapse-6fc85b869dfdb66a8d16\" aria-expanded=\"false\" aria-controls=\"Collapse-6fc85b869dfdb66a8d16\">\n                                                            <div class=\"ekit_accordion_icon_left_group\">\n                                    <div class=\"ekit_accordion_normal_icon\">\n                                        <!-- Normal Icon -->\n                                        <i class=\"icon icon-plus\"><\/i>                                    <\/div>\n\n                                    <div class=\"ekit_accordion_active_icon\">\n                                        <!-- Active Icon -->\n\t\t\t\t\t\t\t\t\t\t<i class=\"icon icon-up-arrow\"><\/i>                                    <\/div>\n                                <\/div>\n\n                            \n                            <span class=\"ekit-accordion-title\">In caso di danni da gelo<\/span>\n\n                            \n                                                    <\/a>\n                    <\/div>\n\n                    <div id=\"Collapse-6fc85b869dfdb66a8d16\" class=\" collapse\" aria-labelledby=\"primaryHeading-4-5211d4b\" data-parent=\"#accordion-69dfdb66a8d16\">\n\n                        <div class=\"elementskit-card-body ekit-accordion--content\">\n                            <p>I giovani germogli possono soffrire e bruciare in caso di gelate moderate, fino a -1 o -2 gradi. <br \/>L'ultima crescita autunnale, da ottobre a novembre a seconda del clima, sar\u00e0 particolarmente vulnerabile. I germogli si piegano e poi marciscono, diventando prima marroni e poi neri. <br \/>Questo non ha alcuna conseguenza per l'albero, poich\u00e9 la forza \u00e8 data dal legno del tronco e dei rami principali.<br \/>Tuttavia, tutte le punte danneggiate devono essere potate alla fine dell'inverno, nella seconda met\u00e0 di marzo. In aprile e maggio i rami secondari tagliati si rigenerano rapidamente. La crescita sar\u00e0 addirittura accelerata, a patto che l'albero sia ben nutrito all'inizio della primavera.<\/p>\n<p>In caso di forti gelate e danni ingenti, con interi rami e foglie che improvvisamente si seccano, aspetta la primavera per intervenire. <br \/>A marzo, pota i rami partendo dalla punta e osservando se il legno tagliato \u00e8 marrone (secco) o verde\/giallo (vivo). Risali il tronco fino a trovare la parte dell'albero ancora viva.  <br \/>Se il tronco \u00e8 secco e marrone fino al portainnesto, la pianta \u00e8 persa. <\/p>\n<p>In alcuni casi, il solo portainnesto pu\u00f2 sopravvivere e ripartire la primavera successiva. Si riconosce per i suoi rami dritti e spinosi con foglie trilobate. <\/p><\/p>\n                        <\/div>\n\n                    <\/div>\n\n                <\/div><!-- .elementskit-card END -->\n\n                                        <\/div>\n    <\/div>\t\t\t\t<\/div>\n\t\t\t\t\t<\/div>\n\t\t<\/div>\n\t\t\t\t\t<\/div>\n\t\t<\/section>\n\t\t\t\t<\/div>\n\t\t","protected":false},"excerpt":{"rendered":"<p>Proteggersi dal freddo I livelli di resistenza degli agrumi dipendono dalla specie e dalla variet\u00e0. Tabella a pagina Agrumi resistenti mostra i livelli di resistenza osservati per gli alberi maturi. Durante i primi anni di crescita, gli alberi non sono ancora completamente consolidati. Raggiungeranno il livello di rusticit\u00e0 indicato solo dopo tre o quattro anni [&hellip;]<\/p>\n","protected":false},"author":1630,"featured_media":0,"parent":0,"menu_order":0,"comment_status":"closed","ping_status":"open","template":"elementor_header_footer","meta":{"_seopress_robots_primary_cat":"","_seopress_titles_title":"","_seopress_titles_desc":"","_seopress_robots_index":"","footnotes":""},"class_list":["post-821","page","type-page","status-publish","hentry"],"_links":{"self":[{"href":"https:\/\/alpagrumi.ch\/it\/wp-json\/wp\/v2\/pages\/821","targetHints":{"allow":["GET"]}}],"collection":[{"href":"https:\/\/alpagrumi.ch\/it\/wp-json\/wp\/v2\/pages"}],"about":[{"href":"https:\/\/alpagrumi.ch\/it\/wp-json\/wp\/v2\/types\/page"}],"author":[{"embeddable":true,"href":"https:\/\/alpagrumi.ch\/it\/wp-json\/wp\/v2\/users\/1630"}],"replies":[{"embeddable":true,"href":"https:\/\/alpagrumi.ch\/it\/wp-json\/wp\/v2\/comments?post=821"}],"version-history":[{"count":4,"href":"https:\/\/alpagrumi.ch\/it\/wp-json\/wp\/v2\/pages\/821\/revisions"}],"predecessor-version":[{"id":20574,"href":"https:\/\/alpagrumi.ch\/it\/wp-json\/wp\/v2\/pages\/821\/revisions\/20574"}],"wp:attachment":[{"href":"https:\/\/alpagrumi.ch\/it\/wp-json\/wp\/v2\/media?parent=821"}],"curies":[{"name":"wp","href":"https:\/\/api.w.org\/{rel}","templated":true}]}}