{"id":832,"date":"2023-01-16T11:15:19","date_gmt":"2023-01-16T10:15:19","guid":{"rendered":"https:\/\/ticinoweb02.jcloud.ik-server.com\/alpagrum\/fruttificazione\/"},"modified":"2024-07-06T23:17:31","modified_gmt":"2024-07-06T21:17:31","slug":"fruttificazione","status":"publish","type":"page","link":"https:\/\/alpagrumi.ch\/it\/fruttificazione\/","title":{"rendered":"Fruttificazione"},"content":{"rendered":"\t\t<div data-elementor-type=\"wp-page\" data-elementor-id=\"832\" class=\"elementor elementor-832 elementor-511\" data-elementor-post-type=\"page\">\n\t\t\t\t\t\t<section class=\"elementor-section elementor-top-section elementor-element elementor-element-bd427fd elementor-section-boxed elementor-section-height-default elementor-section-height-default\" data-id=\"bd427fd\" data-element_type=\"section\" data-e-type=\"section\" data-settings=\"{&quot;background_background&quot;:&quot;classic&quot;}\">\n\t\t\t\t\t\t\t<div class=\"elementor-background-overlay\"><\/div>\n\t\t\t\t\t\t\t<div class=\"elementor-container elementor-column-gap-default\">\n\t\t\t\t\t<div class=\"elementor-column elementor-col-100 elementor-top-column elementor-element elementor-element-3994aa0\" data-id=\"3994aa0\" data-element_type=\"column\" data-e-type=\"column\">\n\t\t\t<div class=\"elementor-widget-wrap elementor-element-populated\">\n\t\t\t\t\t\t<div class=\"elementor-element elementor-element-f69506e elementor-widget elementor-widget-heading\" data-id=\"f69506e\" data-element_type=\"widget\" data-e-type=\"widget\" data-settings=\"{&quot;_animation&quot;:&quot;none&quot;}\" data-widget_type=\"heading.default\">\n\t\t\t\t\t<h2 class=\"elementor-heading-title elementor-size-xxl\">Fruttificazione<\/h2>\t\t\t\t<\/div>\n\t\t\t\t\t<\/div>\n\t\t<\/div>\n\t\t\t\t\t<\/div>\n\t\t<\/section>\n\t\t\t\t<section class=\"elementor-section elementor-top-section elementor-element elementor-element-59a1756 elementor-section-height-min-height elementor-section-boxed elementor-section-height-default elementor-section-items-middle\" data-id=\"59a1756\" data-element_type=\"section\" data-e-type=\"section\">\n\t\t\t\t\t\t<div class=\"elementor-container elementor-column-gap-default\">\n\t\t\t\t\t<div class=\"elementor-column elementor-col-100 elementor-top-column elementor-element elementor-element-f35385f\" data-id=\"f35385f\" data-element_type=\"column\" data-e-type=\"column\">\n\t\t\t<div class=\"elementor-widget-wrap elementor-element-populated\">\n\t\t\t\t\t\t<div class=\"elementor-element elementor-element-2e54793 elementor-widget elementor-widget-text-editor\" data-id=\"2e54793\" data-element_type=\"widget\" data-e-type=\"widget\" data-widget_type=\"text-editor.default\">\n\t\t\t\t\t\t\t\t\t<p>Gli alberi proposti in questo sito sono stati selezionati per la qualit\u00e0 dei loro frutti, tutti commestibili e gustosi freschi (tranne lo Yuzu, che \u00e8 destinato alla cucina).<br \/>L&#8217;innesto su variet\u00e0 vigorose consente di raccogliere gi\u00e0 dopo 2 o 3 anni dalla piantagione.<\/p>\n\t\t\t\t\t\t\t\t<\/div>\n\t\t\t\t\t<\/div>\n\t\t<\/div>\n\t\t\t\t\t<\/div>\n\t\t<\/section>\n\t\t\t\t<section class=\"elementor-section elementor-top-section elementor-element elementor-element-3d436a3 elementor-section-boxed elementor-section-height-default elementor-section-height-default\" data-id=\"3d436a3\" data-element_type=\"section\" data-e-type=\"section\">\n\t\t\t\t\t\t<div class=\"elementor-container elementor-column-gap-default\">\n\t\t\t\t\t<div class=\"elementor-column elementor-col-100 elementor-top-column elementor-element elementor-element-bc9a597\" data-id=\"bc9a597\" data-element_type=\"column\" data-e-type=\"column\">\n\t\t\t<div class=\"elementor-widget-wrap elementor-element-populated\">\n\t\t\t\t\t\t<div class=\"elementor-element elementor-element-a3a3bd7 elementor-widget elementor-widget-elementskit-accordion\" data-id=\"a3a3bd7\" data-element_type=\"widget\" data-e-type=\"widget\" data-widget_type=\"elementskit-accordion.default\">\n\t\t\t\t\t<div class=\"ekit-wid-con\" >\n        <div class=\"elementskit-accordion accoedion-primary\" id=\"accordion-6a02e945f266c\">\n\n            \n                <div class=\"elementskit-card \">\n                    <div class=\"elementskit-card-header\" id=\"primaryHeading-0-a3a3bd7\">\n                        <a href=\"#collapse-47397be6a02e945f266c\" class=\"ekit-accordion--toggler elementskit-btn-link collapsed\" data-ekit-toggle=\"collapse\" data-target=\"#Collapse-47397be6a02e945f266c\" aria-expanded=\"false\" aria-controls=\"Collapse-47397be6a02e945f266c\">\n                                                            <div class=\"ekit_accordion_icon_left_group\">\n                                    <div class=\"ekit_accordion_normal_icon\">\n                                        <!-- Normal Icon -->\n                                        <i class=\"icon icon-plus\"><\/i>                                    <\/div>\n\n                                    <div class=\"ekit_accordion_active_icon\">\n                                        <!-- Active Icon -->\n\t\t\t\t\t\t\t\t\t\t<i class=\"icon icon-up-arrow\"><\/i>                                    <\/div>\n                                <\/div>\n\n                            \n                            <span class=\"ekit-accordion-title\">Fioritura<\/span>\n\n                            \n                                                    <\/a>\n                    <\/div>\n\n                    <div id=\"Collapse-47397be6a02e945f266c\" class=\" collapse\" aria-labelledby=\"primaryHeading-0-a3a3bd7\" data-parent=\"#accordion-6a02e945f266c\">\n\n                        <div class=\"elementskit-card-body ekit-accordion--content\">\n                            <p>Gli alberi di agrumi sono ricoperti da un'abbondanza di fiori, spesso molto profumati.<\/p>\n<p>Non tutti i fiori daranno frutti, il che esaurirebbe l'albero, e solo una parte si svilupper\u00e0, di solito non pi\u00f9 del 5-10%. Come per tutti gli alberi da frutto, le gelate tardive possono danneggiare la fioritura e ridurre il raccolto.<\/p>\n                        <\/div>\n\n                    <\/div>\n\n                <\/div><!-- .elementskit-card END -->\n\n                \n                <div class=\"elementskit-card \">\n                    <div class=\"elementskit-card-header\" id=\"primaryHeading-1-a3a3bd7\">\n                        <a href=\"#collapse-d8ed75e6a02e945f266c\" class=\"ekit-accordion--toggler elementskit-btn-link collapsed\" data-ekit-toggle=\"collapse\" data-target=\"#Collapse-d8ed75e6a02e945f266c\" aria-expanded=\"false\" aria-controls=\"Collapse-d8ed75e6a02e945f266c\">\n                                                            <div class=\"ekit_accordion_icon_left_group\">\n                                    <div class=\"ekit_accordion_normal_icon\">\n                                        <!-- Normal Icon -->\n                                        <i class=\"icon icon-plus\"><\/i>                                    <\/div>\n\n                                    <div class=\"ekit_accordion_active_icon\">\n                                        <!-- Active Icon -->\n\t\t\t\t\t\t\t\t\t\t<i class=\"icon icon-up-arrow\"><\/i>                                    <\/div>\n                                <\/div>\n\n                            \n                            <span class=\"ekit-accordion-title\">Formazione dei frutti<\/span>\n\n                            \n                                                    <\/a>\n                    <\/div>\n\n                    <div id=\"Collapse-d8ed75e6a02e945f266c\" class=\" collapse\" aria-labelledby=\"primaryHeading-1-a3a3bd7\" data-parent=\"#accordion-6a02e945f266c\">\n\n                        <div class=\"elementskit-card-body ekit-accordion--content\">\n                            <p>Al termine della fioritura, \u00e8 la fase iniziale in cui si formano i piccoli frutti verdi.<\/p>\n<p>Durante questo periodo l'albero deve essere adeguatamente annaffiato e nutrito.<br \/>Sono necessari azoto (N), potassio (K) ma anche minerali complementari come ferro (Fe) e manganese (Mg). Il letame, i pellet di letame, la cenere o i fondi di caff\u00e8 contengono tutti questi elementi (vedi Fertilizzazione).<\/p>\n<p>Alcune speci di agrumi si ricoprono inizialmente di molti piccoli frutti, ma poi spurgano l'eccesso. Non preoccupatevi se trovate frutti immaturi che cadono a terra: \u00e8 un comportamento normale.<\/p>\n                        <\/div>\n\n                    <\/div>\n\n                <\/div><!-- .elementskit-card END -->\n\n                \n                <div class=\"elementskit-card \">\n                    <div class=\"elementskit-card-header\" id=\"primaryHeading-2-a3a3bd7\">\n                        <a href=\"#collapse-55ec6846a02e945f266c\" class=\"ekit-accordion--toggler elementskit-btn-link collapsed\" data-ekit-toggle=\"collapse\" data-target=\"#Collapse-55ec6846a02e945f266c\" aria-expanded=\"false\" aria-controls=\"Collapse-55ec6846a02e945f266c\">\n                                                            <div class=\"ekit_accordion_icon_left_group\">\n                                    <div class=\"ekit_accordion_normal_icon\">\n                                        <!-- Normal Icon -->\n                                        <i class=\"icon icon-plus\"><\/i>                                    <\/div>\n\n                                    <div class=\"ekit_accordion_active_icon\">\n                                        <!-- Active Icon -->\n\t\t\t\t\t\t\t\t\t\t<i class=\"icon icon-up-arrow\"><\/i>                                    <\/div>\n                                <\/div>\n\n                            \n                            <span class=\"ekit-accordion-title\">Maturazione<\/span>\n\n                            \n                                                    <\/a>\n                    <\/div>\n\n                    <div id=\"Collapse-55ec6846a02e945f266c\" class=\" collapse\" aria-labelledby=\"primaryHeading-2-a3a3bd7\" data-parent=\"#accordion-6a02e945f266c\">\n\n                        <div class=\"elementskit-card-body ekit-accordion--content\">\n                            <p>Gli agrumi maturano in autunno e in inverno. A causa del freddo diventano di colore giallo o arancione.<\/p>\n<p>Per molte variet\u00e0 il frutto pu\u00f2 rimanere sul ramo per molto tempo. Sono gi\u00e0 maturi all'inizio della stagione, ma continueranno ad evolversi. In generale, gli agrumi perdono acidit\u00e0 e guadagnano zuccheri quanto pi\u00f9 a lungo rimangono sull'albero.<\/p>\n<p>I frutti particolarmente aromatici, come lo Yuzu e il Sudachi, sono apprezzati dai cuochi, ancora verdi, soprattutto per la loro scorza speziata.<\/p><\/p>\n                        <\/div>\n\n                    <\/div>\n\n                <\/div><!-- .elementskit-card END -->\n\n                                        <\/div>\n    <\/div>\t\t\t\t<\/div>\n\t\t\t\t\t<\/div>\n\t\t<\/div>\n\t\t\t\t\t<\/div>\n\t\t<\/section>\n\t\t\t\t<section class=\"elementor-section elementor-top-section elementor-element elementor-element-20ffc44 elementor-section-boxed elementor-section-height-default elementor-section-height-default\" data-id=\"20ffc44\" data-element_type=\"section\" data-e-type=\"section\">\n\t\t\t\t\t\t<div class=\"elementor-container elementor-column-gap-default\">\n\t\t\t\t\t<div class=\"elementor-column elementor-col-100 elementor-top-column elementor-element elementor-element-e815b03\" data-id=\"e815b03\" data-element_type=\"column\" data-e-type=\"column\">\n\t\t\t<div class=\"elementor-widget-wrap elementor-element-populated\">\n\t\t\t\t\t\t<div class=\"elementor-element elementor-element-e8e5e46 elementor-widget elementor-widget-heading\" data-id=\"e8e5e46\" data-element_type=\"widget\" data-e-type=\"widget\" data-widget_type=\"heading.default\">\n\t\t\t\t\t<h2 class=\"elementor-heading-title elementor-size-large\">Caratteristiche di fruttificazione delle variet\u00e0 di agrumi<\/h2>\t\t\t\t<\/div>\n\t\t\t\t\t<\/div>\n\t\t<\/div>\n\t\t\t\t\t<\/div>\n\t\t<\/section>\n\t\t\t\t<section class=\"elementor-section elementor-top-section elementor-element elementor-element-ce7432d elementor-section-boxed elementor-section-height-default elementor-section-height-default\" data-id=\"ce7432d\" data-element_type=\"section\" data-e-type=\"section\">\n\t\t\t\t\t\t<div class=\"elementor-container elementor-column-gap-default\">\n\t\t\t\t\t<div class=\"elementor-column elementor-col-100 elementor-top-column elementor-element elementor-element-bb4338a\" data-id=\"bb4338a\" data-element_type=\"column\" data-e-type=\"column\">\n\t\t\t<div class=\"elementor-widget-wrap elementor-element-populated\">\n\t\t\t\t\t\t<div class=\"elementor-element elementor-element-d91c788 elementor-widget elementor-widget-text-editor\" data-id=\"d91c788\" data-element_type=\"widget\" data-e-type=\"widget\" data-widget_type=\"text-editor.default\">\n\t\t\t\t\t\t\t\t\t<p>I frutti hanno una resistenza al freddo inferiore a quella dell&#8217;albero <span class=\"ExempleDefinition\">stesso<\/span>, e in caso di forti gelate (sotto i -5 gradi) saranno vulnerabili. <br \/>Tuttavia, <strong>molte variet\u00e0 vengono raccolte prima delle prime gelate<\/strong>, come il mandarino Satsuma e l&#8217;arancio Navelina. <br \/>Scegliete agrumi a maturazione precoce se nella vostra zona sono frequenti le gelate all&#8217;inizio dell&#8217;inverno. <br \/>I frutti con un albedo spesso (la parte bianca sotto la buccia) e i frutti pi\u00f9 grandi, come i pomelo, avranno una resistenza migliore rispetto ai frutti piccoli e dalla buccia sottile, come i kumquat. <br \/>Alcuni frutti, come lo yuzu, il sudachi o il limone ichang, \u00e8 meglio raccoglierli verdi, quando concentrano pi\u00f9 aroma (prima del periodo di raccolta indicato nella tabella seguente).<\/p>\n<p>Durante il periodo di raccolta, osservate le previsioni meteorologiche e se si prevede un&#8217;ondata di freddo intenso (sotto i -5 gradi), raccogliete la maggior parte dei frutti prima che soffrano. Si consiglia di lasciarne sempre qualcuno sull&#8217;albero per verificarne la resistenza. <br \/>Consultate la tabella sottostante per scegliere un albero adatto alle vostre condizioni locali, anche dal punto di vista della raccolta dei frutti.<\/p>\n\t\t\t\t\t\t\t\t<\/div>\n\t\t\t\t\t<\/div>\n\t\t<\/div>\n\t\t\t\t\t<\/div>\n\t\t<\/section>\n\t\t<div class=\"elementor-element elementor-element-c6ce569 e-flex e-con-boxed e-con e-parent\" data-id=\"c6ce569\" data-element_type=\"container\" data-e-type=\"container\">\n\t\t\t\t\t<div class=\"e-con-inner\">\n\t\t\t\t<div class=\"elementor-element elementor-element-a8ca539 elementor-widget elementor-widget-image\" data-id=\"a8ca539\" data-element_type=\"widget\" data-e-type=\"widget\" data-widget_type=\"image.default\">\n\t\t\t\t\t\t\t\t\t\t\t\t\t\t\t<img fetchpriority=\"high\" decoding=\"async\" width=\"1536\" height=\"2048\" src=\"https:\/\/alpagrumi.ch\/wp-content\/uploads\/sites\/78\/2024\/07\/Table-Fructification-1-IT-1536x2048.jpg\" class=\"attachment-2048x2048 size-2048x2048 wp-image-15308\" alt=\"\" srcset=\"https:\/\/alpagrumi.ch\/wp-content\/uploads\/sites\/78\/2024\/07\/Table-Fructification-1-IT-1536x2048.jpg.webp 1536w, https:\/\/alpagrumi.ch\/wp-content\/uploads\/sites\/78\/2024\/07\/Table-Fructification-1-IT-225x300.jpg.webp 225w, https:\/\/alpagrumi.ch\/wp-content\/uploads\/sites\/78\/2024\/07\/Table-Fructification-1-IT-768x1024.jpg.webp 768w, https:\/\/alpagrumi.ch\/wp-content\/uploads\/sites\/78\/2024\/07\/Table-Fructification-1-IT-1152x1536.jpg.webp 1152w, https:\/\/alpagrumi.ch\/wp-content\/uploads\/sites\/78\/2024\/07\/Table-Fructification-1-IT-1320x1760.jpg.webp 1320w, https:\/\/alpagrumi.ch\/wp-content\/uploads\/sites\/78\/2024\/07\/Table-Fructification-1-IT-600x800.jpg.webp 600w, https:\/\/alpagrumi.ch\/wp-content\/uploads\/sites\/78\/2024\/07\/Table-Fructification-1-IT-scaled.jpg.webp 1920w\" sizes=\"(max-width: 1536px) 100vw, 1536px\" \/>\t\t\t\t\t\t\t\t\t\t\t\t\t\t\t<\/div>\n\t\t\t\t\t<\/div>\n\t\t\t\t<\/div>\n\t\t\t\t<section class=\"elementor-section elementor-top-section elementor-element elementor-element-f9ae286 elementor-section-boxed elementor-section-height-default elementor-section-height-default\" data-id=\"f9ae286\" data-element_type=\"section\" data-e-type=\"section\">\n\t\t\t\t\t\t<div class=\"elementor-container elementor-column-gap-default\">\n\t\t\t\t\t<div class=\"elementor-column elementor-col-100 elementor-top-column elementor-element elementor-element-dda4003\" data-id=\"dda4003\" data-element_type=\"column\" data-e-type=\"column\">\n\t\t\t<div class=\"elementor-widget-wrap elementor-element-populated\">\n\t\t\t\t\t\t<div class=\"elementor-element elementor-element-e67dbcf elementor-widget elementor-widget-heading\" data-id=\"e67dbcf\" data-element_type=\"widget\" data-e-type=\"widget\" data-widget_type=\"heading.default\">\n\t\t\t\t\t<h2 class=\"elementor-heading-title elementor-size-large\">I primi anni di fruttificazione<\/h2>\t\t\t\t<\/div>\n\t\t\t\t\t<\/div>\n\t\t<\/div>\n\t\t\t\t\t<\/div>\n\t\t<\/section>\n\t\t\t\t<section class=\"elementor-section elementor-top-section elementor-element elementor-element-7199385 elementor-section-boxed elementor-section-height-default elementor-section-height-default\" data-id=\"7199385\" data-element_type=\"section\" data-e-type=\"section\">\n\t\t\t\t\t\t<div class=\"elementor-container elementor-column-gap-default\">\n\t\t\t\t\t<div class=\"elementor-column elementor-col-100 elementor-top-column elementor-element elementor-element-ebe7b61\" data-id=\"ebe7b61\" data-element_type=\"column\" data-e-type=\"column\">\n\t\t\t<div class=\"elementor-widget-wrap elementor-element-populated\">\n\t\t\t\t\t\t<div class=\"elementor-element elementor-element-667b983 elementor-widget elementor-widget-text-editor\" data-id=\"667b983\" data-element_type=\"widget\" data-e-type=\"widget\" data-widget_type=\"text-editor.default\">\n\t\t\t\t\t\t\t\t\t<p>Se il vostro albero produce molti frutti nel primo anno dopo essere stato piantato nel terreno, potrebbe esaurirsi. In questo caso \u00e8 meglio far cadere i frutti prima che crescano. L&#8217;albero concentrer\u00e0 la sua energia nella crescita.<\/p>\n<p>Ci vogliono tre anni affinch\u00e9 l&#8217;albero abbia un apparato radicale completo. I frutti di un albero immaturo non hanno ancora acquisito il loro sapore autentico. Lasciategli il tempo di ambientarsi nel terreno e di esprimere tutto il loro potenziale.<\/p>\n\t\t\t\t\t\t\t\t<\/div>\n\t\t\t\t\t<\/div>\n\t\t<\/div>\n\t\t\t\t\t<\/div>\n\t\t<\/section>\n\t\t\t\t<\/div>\n\t\t","protected":false},"excerpt":{"rendered":"<p>Gli alberi proposti in questo sito sono stati selezionati per la qualit\u00e0 dei loro frutti, tutti commestibili e gustosi freschi (tranne lo Yuzu, che \u00e8 destinato alla cucina).L&#8217;innesto su variet\u00e0 vigorose consente di raccogliere gi\u00e0 dopo 2 o 3 anni dalla piantagione. Fioritura Gli alberi di agrumi sono ricoperti da un&#8217;abbondanza di fiori, spesso molto [&hellip;]<\/p>\n","protected":false},"author":1630,"featured_media":0,"parent":0,"menu_order":0,"comment_status":"closed","ping_status":"open","template":"elementor_header_footer","meta":{"_seopress_robots_primary_cat":"","_seopress_titles_title":"","_seopress_titles_desc":"","_seopress_robots_index":"","_seopress_analysis_target_kw":"","footnotes":""},"class_list":["post-832","page","type-page","status-publish","hentry"],"_links":{"self":[{"href":"https:\/\/alpagrumi.ch\/it\/wp-json\/wp\/v2\/pages\/832","targetHints":{"allow":["GET"]}}],"collection":[{"href":"https:\/\/alpagrumi.ch\/it\/wp-json\/wp\/v2\/pages"}],"about":[{"href":"https:\/\/alpagrumi.ch\/it\/wp-json\/wp\/v2\/types\/page"}],"author":[{"embeddable":true,"href":"https:\/\/alpagrumi.ch\/it\/wp-json\/wp\/v2\/users\/1630"}],"replies":[{"embeddable":true,"href":"https:\/\/alpagrumi.ch\/it\/wp-json\/wp\/v2\/comments?post=832"}],"version-history":[{"count":0,"href":"https:\/\/alpagrumi.ch\/it\/wp-json\/wp\/v2\/pages\/832\/revisions"}],"wp:attachment":[{"href":"https:\/\/alpagrumi.ch\/it\/wp-json\/wp\/v2\/media?parent=832"}],"curies":[{"name":"wp","href":"https:\/\/api.w.org\/{rel}","templated":true}]}}