{"id":843,"date":"2023-01-16T11:17:42","date_gmt":"2023-01-16T10:17:42","guid":{"rendered":"https:\/\/ticinoweb02.jcloud.ik-server.com\/alpagrum\/trapianti\/"},"modified":"2023-03-11T12:20:09","modified_gmt":"2023-03-11T11:20:09","slug":"trapianti","status":"publish","type":"page","link":"https:\/\/alpagrumi.ch\/it\/trapianti\/","title":{"rendered":"Innesti"},"content":{"rendered":"\t\t<div data-elementor-type=\"wp-page\" data-elementor-id=\"843\" class=\"elementor elementor-843 elementor-523\" data-elementor-post-type=\"page\">\n\t\t\t\t\t\t<section class=\"elementor-section elementor-top-section elementor-element elementor-element-7ac01ad elementor-section-boxed elementor-section-height-default elementor-section-height-default\" data-id=\"7ac01ad\" data-element_type=\"section\" data-e-type=\"section\" data-settings=\"{&quot;background_background&quot;:&quot;classic&quot;}\">\n\t\t\t\t\t\t\t<div class=\"elementor-background-overlay\"><\/div>\n\t\t\t\t\t\t\t<div class=\"elementor-container elementor-column-gap-default\">\n\t\t\t\t\t<div class=\"elementor-column elementor-col-100 elementor-top-column elementor-element elementor-element-8d1e598\" data-id=\"8d1e598\" data-element_type=\"column\" data-e-type=\"column\">\n\t\t\t<div class=\"elementor-widget-wrap elementor-element-populated\">\n\t\t\t\t\t\t<div class=\"elementor-element elementor-element-d702624 elementor-widget elementor-widget-heading\" data-id=\"d702624\" data-element_type=\"widget\" data-e-type=\"widget\" data-settings=\"{&quot;_animation&quot;:&quot;none&quot;}\" data-widget_type=\"heading.default\">\n\t\t\t\t\t<h2 class=\"elementor-heading-title elementor-size-xxl\">Innesti<\/h2>\t\t\t\t<\/div>\n\t\t\t\t\t<\/div>\n\t\t<\/div>\n\t\t\t\t\t<\/div>\n\t\t<\/section>\n\t\t\t\t<section class=\"elementor-section elementor-top-section elementor-element elementor-element-40119c9 elementor-section-boxed elementor-section-height-default elementor-section-height-default\" data-id=\"40119c9\" data-element_type=\"section\" data-e-type=\"section\">\n\t\t\t\t\t\t<div class=\"elementor-container elementor-column-gap-default\">\n\t\t\t\t\t<div class=\"elementor-column elementor-col-100 elementor-top-column elementor-element elementor-element-464b49b\" data-id=\"464b49b\" data-element_type=\"column\" data-e-type=\"column\" data-settings=\"{&quot;animation&quot;:&quot;none&quot;}\">\n\t\t\t<div class=\"elementor-widget-wrap elementor-element-populated\">\n\t\t\t\t\t\t<div class=\"elementor-element elementor-element-6a21b4b elementor-widget elementor-widget-elementskit-accordion\" data-id=\"6a21b4b\" data-element_type=\"widget\" data-e-type=\"widget\" data-widget_type=\"elementskit-accordion.default\">\n\t\t\t\t\t<div class=\"ekit-wid-con\" >\n        <div class=\"elementskit-accordion accoedion-primary\" id=\"accordion-69efd8d77a78d\">\n\n            \n                <div class=\"elementskit-card active\">\n                    <div class=\"elementskit-card-header\" id=\"primaryHeading-0-6a21b4b\">\n                        <a href=\"#collapse-d8ed75e69efd8d77a78d\" class=\"ekit-accordion--toggler elementskit-btn-link collapsed\" data-ekit-toggle=\"collapse\" data-target=\"#Collapse-d8ed75e69efd8d77a78d\" aria-expanded=\"true\" aria-controls=\"Collapse-d8ed75e69efd8d77a78d\">\n                                                            <div class=\"ekit_accordion_icon_left_group\">\n                                    <div class=\"ekit_accordion_normal_icon\">\n                                        <!-- Normal Icon -->\n                                        <i class=\"icon icon-plus\"><\/i>                                    <\/div>\n\n                                    <div class=\"ekit_accordion_active_icon\">\n                                        <!-- Active Icon -->\n\t\t\t\t\t\t\t\t\t\t<i class=\"icon icon-up-arrow\"><\/i>                                    <\/div>\n                                <\/div>\n\n                            \n                            <span class=\"ekit-accordion-title\">Che cos&#039;\u00e8 un innesto  <\/span>\n\n                            \n                                                    <\/a>\n                    <\/div>\n\n                    <div id=\"Collapse-d8ed75e69efd8d77a78d\" class=\" show collapse\" aria-labelledby=\"primaryHeading-0-6a21b4b\" data-parent=\"#accordion-69efd8d77a78d\">\n\n                        <div class=\"elementskit-card-body ekit-accordion--content\">\n                            <p>L'innesto (o marza) \u00e8 la parte superiore di un albero innestato, la parte aerea che dar\u00e0 i frutti.<\/p>\n<p>Gli innesti vengono prelevati da un albero madre, l'albero da frutto da riprodurre, tagliando un ramo. L'innesto, generalmente effettuato in primavera, consiste nel saldare la marza al portainnesto, la parte radicale. (Vedere <a href=\"https:\/\/alpagrumi.ch\/it\/portinnesti\/\">Portinnesti<\/a>)<\/p>\n<p>Le piante madri vengono selezionate per la loro robustezza e vigoria, ma soprattutto per la qualit\u00e0 dei loro frutti. Quando sono state scoperte nuove specie di agrumi, i primi innesti sono stati prelevati da alberi selvatici. Gli alberi innestati su diversi portainnesti sono poi diventati essi stessi alberi madre.<\/p>\n<p>L'innesto d\u00e0 la sua identit\u00e0 e il suo nome all'agrume. Un Satsuma produrr\u00e0 mandarini indipendentemente dal portainnesto utilizzato.<\/p>\n                        <\/div>\n\n                    <\/div>\n\n                <\/div><!-- .elementskit-card END -->\n\n                \n                <div class=\"elementskit-card \">\n                    <div class=\"elementskit-card-header\" id=\"primaryHeading-1-6a21b4b\">\n                        <a href=\"#collapse-47397be69efd8d77a78d\" class=\"ekit-accordion--toggler elementskit-btn-link collapsed\" data-ekit-toggle=\"collapse\" data-target=\"#Collapse-47397be69efd8d77a78d\" aria-expanded=\"false\" aria-controls=\"Collapse-47397be69efd8d77a78d\">\n                                                            <div class=\"ekit_accordion_icon_left_group\">\n                                    <div class=\"ekit_accordion_normal_icon\">\n                                        <!-- Normal Icon -->\n                                        <i class=\"icon icon-plus\"><\/i>                                    <\/div>\n\n                                    <div class=\"ekit_accordion_active_icon\">\n                                        <!-- Active Icon -->\n\t\t\t\t\t\t\t\t\t\t<i class=\"icon icon-up-arrow\"><\/i>                                    <\/div>\n                                <\/div>\n\n                            \n                            <span class=\"ekit-accordion-title\">Breve storia degli agrumi<\/span>\n\n                            \n                                                    <\/a>\n                    <\/div>\n\n                    <div id=\"Collapse-47397be69efd8d77a78d\" class=\" collapse\" aria-labelledby=\"primaryHeading-1-6a21b4b\" data-parent=\"#accordion-69efd8d77a78d\">\n\n                        <div class=\"elementskit-card-body ekit-accordion--content\">\n                            <p>Gli agrumi (genere Citrus) sono piante tropicali originarie del Sud-Est asiatico, comparse e diversificate nel tardo Miocene (6-8 milioni di anni fa).<\/p>\n<p>La loro domesticazione in Cina e in India risale a 3.000 anni fa.<br \/>Il kumquat (<em>\"Ku\"<\/em>), il pompelmo e lo yuzu (<em>\"Yu\")<\/em> furono le prime specie coltivate in Cina in quel periodo. Il Poncirus (<em>\"Chih\")<\/em> \u00e8 citato come specie selvatica intorno al 250 a.C. dal poeta Sung Yu. Le arance amare e i mandarini sono emersi in Cina attraverso ibridi multipli (intorno al 100 d.C.). <\/p>\n<p>Il limone (<em>\"Jambira\")<\/em> \u00e8 conosciuto in India gi\u00e0 nell'800 a.C..<br \/>Adottato e tramandato dagli Assiri, dai Persiani e poi dai Greci (Teofrasto, ca. 300 a.C.), il limone era coltivato a Roma prima dell'inizio della nostra era (Virgilio, ca. 50 a.C.). Per gli ebrei, il limone era un simbolo religioso (Flavio Giuseppe, 100 d.C.), probabilmente legato all'esilio in Babilonia.<\/p>\n<p>Le specie coltivate venivano scambiate tra la Cina e l'India, come testimoniano, intorno al 1000 d.C., i dizionari medici e i trattati di coltivazione prodotti su entrambi i versanti dell'Himalaya.<\/p>\n<p>In Giappone, i primissimi testi letterari (circa 700 d.C.) parlano di mandarini e arance amare. Il frutto pi\u00f9 popolare in Giappone oggi, il mandarino satsuma, \u00e8 stato introdotto dalla Cina solo intorno al 1500 d.C..<\/p>\n<p>Tra il 900 e il 1200 d.C., numerosi trattati arabi descrivono la coltivazione in Spagna di arance amare (<em>\"Naranji\")<\/em>, pompelmi (<em>\"Zamboa\")<\/em> e limoni (<em>\"Limuna\"<\/em>). Mostrano tecniche sofisticate per la coltivazione, la conservazione dei frutti e persino la produzione di oli essenziali dalla buccia.<\/p>\n<p>Le crociate in Palestina contribuirono all'introduzione degli agrumi in Europa nel Medioevo. i primi accenni alle arance dolci in Sicilia risalgono al 1160 circa (Hugo Falcando). Intorno al 1300 Piero de Crescenzi raccomandava i \"luoghi chiusi\" per proteggere gli agrumi, gi\u00e0 diffusi in tutta l'Italia meridionale. <\/p>\n<p>Durante il Rinascimento in Toscana, i rigidi inverni rendevano necessaria la coltivazione in serre, che la nobilt\u00e0 aveva fatto costruire fino in Germania, Francia e Olanda. I profumieri italiani si appropriarono di agrumi, fiori o scorze, in particolare del bergamotto calabrese, origine dell'acqua di Colonia.<\/p>\n<p>Nel 1520, l'arancia \"cinese\", una comune arancia dolce, era coltivata a Lisbona e nella valle del Tago (Valmont de Bomare), esportata in Spagna e poi in Europa intorno al 1610.<\/p>\n<p>L'introduzione nel continente americano \u00e8 iniziata molto presto dopo la conquista spagnola e portoghese. Gli agrumi trovarono un clima favorevole nelle Indie Occidentali e in Messico, e la qualit\u00e0 dei limoni, delle arance dolci e amare fu giudicata migliore che in Europa (Gonzalo d'Oviedo 1526).<\/p>\n<p>Gli spagnoli introdussero i pompelmi in Florida nel XVIII secolo. Questa regione sar\u00e0 l'origine della maggior parte delle variet\u00e0 commerciali moderne.<\/p>\n<p>Dal 1700 al 1800, la Riviera italiana e francese \u00e8 stata il principale centro di produzione in Europa, anche se i limoni hanno talvolta sofferto di forti gelate nelle zone esposte (1763, 1782, 1799). Il commercio divenne importante in tutta l'Europa settentrionale, altamente organizzato e regolamentato. I volumi aumentarono con la moltiplicazione delle piantagioni in Sicilia (22.000 tonnellate nel 1850, 78.000 tonnellate nel 1869). Le esportazioni raggiungono la Russia e gli Stati Uniti.<\/p>\n<p>Con l'inizio dell'industrializzazione, le marmellate e gli oli essenziali divennero sempre pi\u00f9 importanti in Calabria e in Sicilia.<\/p>\n<p>In Spagna, le piantagioni su larga scala passarono da 3.000 ettari nel 1873 a 40.000 ettari nel 1908, soprattutto di arance. Vengono commercializzate nuove variet\u00e0, mandarini siciliani, clementine algerine, pompelmi americani. Gli ibridi vengono creati per i loro frutti e per la loro utilit\u00e0 come portainnesti.<\/p>\n<p>Oggi gli agrumi sono presenti in tutti i continenti. Grazie alla loro eccezionale capacit\u00e0 di adattamento e ibridazione, i frutti del genere Citrus sono i pi\u00f9 coltivati al mondo. L'arancia dolce, disponibile in molte variet\u00e0 e cultivar, \u00e8 il frutto dominante, con 70 milioni di tonnellate prodotte nel 2000.<\/p>\n<p>Liberamente adattato da :<\/p>\n<p><em>Il genere Citrus. Capitolo 1. Francesco Calabrese. <\/em><em>2002<\/em><\/p>\n                        <\/div>\n\n                    <\/div>\n\n                <\/div><!-- .elementskit-card END -->\n\n                                        <\/div>\n    <\/div>\t\t\t\t<\/div>\n\t\t\t\t\t<\/div>\n\t\t<\/div>\n\t\t\t\t\t<\/div>\n\t\t<\/section>\n\t\t\t\t<\/div>\n\t\t","protected":false},"excerpt":{"rendered":"<p>Che cos&#039;\u00e8 un innesto L&#8217;innesto (o marza) \u00e8 la parte superiore di un albero innestato, la parte aerea che dar\u00e0 i frutti. Gli innesti vengono prelevati da un albero madre, l&#8217;albero da frutto da riprodurre, tagliando un ramo. L&#8217;innesto, generalmente effettuato in primavera, consiste nel saldare la marza al portainnesto, la parte radicale. (Vedere Portinnesti) [&hellip;]<\/p>\n","protected":false},"author":1630,"featured_media":1665,"parent":0,"menu_order":0,"comment_status":"closed","ping_status":"open","template":"elementor_header_footer","meta":{"_seopress_robots_primary_cat":"","_seopress_titles_title":"","_seopress_titles_desc":"","_seopress_robots_index":"","footnotes":""},"class_list":["post-843","page","type-page","status-publish","has-post-thumbnail","hentry"],"_links":{"self":[{"href":"https:\/\/alpagrumi.ch\/it\/wp-json\/wp\/v2\/pages\/843","targetHints":{"allow":["GET"]}}],"collection":[{"href":"https:\/\/alpagrumi.ch\/it\/wp-json\/wp\/v2\/pages"}],"about":[{"href":"https:\/\/alpagrumi.ch\/it\/wp-json\/wp\/v2\/types\/page"}],"author":[{"embeddable":true,"href":"https:\/\/alpagrumi.ch\/it\/wp-json\/wp\/v2\/users\/1630"}],"replies":[{"embeddable":true,"href":"https:\/\/alpagrumi.ch\/it\/wp-json\/wp\/v2\/comments?post=843"}],"version-history":[{"count":0,"href":"https:\/\/alpagrumi.ch\/it\/wp-json\/wp\/v2\/pages\/843\/revisions"}],"wp:featuredmedia":[{"embeddable":true,"href":"https:\/\/alpagrumi.ch\/it\/wp-json\/wp\/v2\/media\/1665"}],"wp:attachment":[{"href":"https:\/\/alpagrumi.ch\/it\/wp-json\/wp\/v2\/media?parent=843"}],"curies":[{"name":"wp","href":"https:\/\/api.w.org\/{rel}","templated":true}]}}