{"id":876,"date":"2023-01-16T14:32:34","date_gmt":"2023-01-16T13:32:34","guid":{"rendered":"https:\/\/ticinoweb02.jcloud.ik-server.com\/alpagrum\/agrumi-rustici\/"},"modified":"2025-10-29T22:32:19","modified_gmt":"2025-10-29T21:32:19","slug":"agrumi-rustici","status":"publish","type":"page","link":"https:\/\/alpagrumi.ch\/it\/agrumi-rustici\/","title":{"rendered":"Agrumi resistenti"},"content":{"rendered":"\t\t<div data-elementor-type=\"wp-page\" data-elementor-id=\"876\" class=\"elementor elementor-876 elementor-587\" data-elementor-post-type=\"page\">\n\t\t\t\t\t\t<section class=\"elementor-section elementor-top-section elementor-element elementor-element-b4533ab elementor-section-boxed elementor-section-height-default elementor-section-height-default\" data-id=\"b4533ab\" data-element_type=\"section\" data-e-type=\"section\" data-settings=\"{&quot;background_background&quot;:&quot;classic&quot;}\">\n\t\t\t\t\t\t\t<div class=\"elementor-background-overlay\"><\/div>\n\t\t\t\t\t\t\t<div class=\"elementor-container elementor-column-gap-default\">\n\t\t\t\t\t<div class=\"elementor-column elementor-col-100 elementor-top-column elementor-element elementor-element-1404580\" data-id=\"1404580\" data-element_type=\"column\" data-e-type=\"column\">\n\t\t\t<div class=\"elementor-widget-wrap elementor-element-populated\">\n\t\t\t\t\t\t<div class=\"elementor-element elementor-element-98a7bc3 elementor-widget elementor-widget-heading\" data-id=\"98a7bc3\" data-element_type=\"widget\" data-e-type=\"widget\" data-widget_type=\"heading.default\">\n\t\t\t\t\t<h1 class=\"elementor-heading-title elementor-size-xxl\">Agrumi resistenti<\/h1>\t\t\t\t<\/div>\n\t\t\t\t\t<\/div>\n\t\t<\/div>\n\t\t\t\t\t<\/div>\n\t\t<\/section>\n\t\t\t\t<section class=\"elementor-section elementor-top-section elementor-element elementor-element-ce559a9 elementor-section-boxed elementor-section-height-default elementor-section-height-default\" data-id=\"ce559a9\" data-element_type=\"section\" data-e-type=\"section\">\n\t\t\t\t\t\t<div class=\"elementor-container elementor-column-gap-default\">\n\t\t\t\t\t<div class=\"elementor-column elementor-col-100 elementor-top-column elementor-element elementor-element-afb4e8f\" data-id=\"afb4e8f\" data-element_type=\"column\" data-e-type=\"column\" data-settings=\"{&quot;animation&quot;:&quot;none&quot;}\">\n\t\t\t<div class=\"elementor-widget-wrap elementor-element-populated\">\n\t\t\t\t\t\t<div class=\"elementor-element elementor-element-d47a7f6 elementor-widget elementor-widget-heading\" data-id=\"d47a7f6\" data-element_type=\"widget\" data-e-type=\"widget\" data-widget_type=\"heading.default\">\n\t\t\t\t\t<h2 class=\"elementor-heading-title elementor-size-default\">Piante di agrumi resistenti al freddo<\/h2>\t\t\t\t<\/div>\n\t\t\t\t<div class=\"elementor-element elementor-element-f049c32 elementor-widget elementor-widget-text-editor\" data-id=\"f049c32\" data-element_type=\"widget\" data-e-type=\"widget\" data-widget_type=\"text-editor.default\">\n\t\t\t\t\t\t\t\t\t<p>Gli alberi di agrumi in vendita su questo sito sono tutti resistenti al gelo, da -8 C a -16 C per i pi\u00f9 robusti.<\/p><p>I portainnesti utilizzati offrono la migliore combinazione di resistenza al gelo e vigore.<\/p><p>Gli innesti sono stati prelevati da piante madri che erano state sottoposte a periodi di freddo intenso all&#8217;aperto, la maggior parte da vivai o agricoltori e alcuni da giardini privati. La loro selezione \u00e8 il risultato di osservazioni meticolose effettuate nel corso dei decenni da giardinieri attenti e di numerosi scambi tra appassionati. Tutti questi alberi madre sono cresciuti in piena terra, con una buona esposizione, protetti dal vento, ben nutriti e irrigati.<\/p><p>I livelli di rusticit\u00e0 sono puramente indicativi e si applicano ad alberi maturi che sono dormienti in pieno inverno, in una posizione riparata dal vento.<\/p>\t\t\t\t\t\t\t\t<\/div>\n\t\t\t\t<div class=\"elementor-element elementor-element-3033fe7 elementor-widget elementor-widget-heading\" data-id=\"3033fe7\" data-element_type=\"widget\" data-e-type=\"widget\" data-widget_type=\"heading.default\">\n\t\t\t\t\t<h4 class=\"elementor-heading-title elementor-size-default\">Resistenza al freddo degli alberi adulti<\/h4>\t\t\t\t<\/div>\n\t\t\t\t<div class=\"elementor-element elementor-element-1e9e01e elementor-widget elementor-widget-image\" data-id=\"1e9e01e\" data-element_type=\"widget\" data-e-type=\"widget\" data-widget_type=\"image.default\">\n\t\t\t\t\t\t\t\t\t\t\t\t\t\t\t<img fetchpriority=\"high\" decoding=\"async\" width=\"930\" height=\"2000\" src=\"https:\/\/alpagrumi.ch\/wp-content\/uploads\/sites\/78\/2025\/10\/Table-Varietes-arbres-6-IT.jpg\" class=\"attachment-2048x2048 size-2048x2048 wp-image-17516\" alt=\"Tabella di rusticit\u00e0 delle variet\u00e0 di agrumi\" srcset=\"https:\/\/alpagrumi.ch\/wp-content\/uploads\/sites\/78\/2025\/10\/Table-Varietes-arbres-6-IT.jpg 930w, https:\/\/alpagrumi.ch\/wp-content\/uploads\/sites\/78\/2025\/10\/Table-Varietes-arbres-6-IT-140x300.jpg 140w, https:\/\/alpagrumi.ch\/wp-content\/uploads\/sites\/78\/2025\/10\/Table-Varietes-arbres-6-IT-476x1024.jpg 476w, https:\/\/alpagrumi.ch\/wp-content\/uploads\/sites\/78\/2025\/10\/Table-Varietes-arbres-6-IT-768x1652.jpg 768w, https:\/\/alpagrumi.ch\/wp-content\/uploads\/sites\/78\/2025\/10\/Table-Varietes-arbres-6-IT-714x1536.jpg 714w, https:\/\/alpagrumi.ch\/wp-content\/uploads\/sites\/78\/2025\/10\/Table-Varietes-arbres-6-IT-600x1290.jpg 600w\" sizes=\"(max-width: 930px) 100vw, 930px\" \/>\t\t\t\t\t\t\t\t\t\t\t\t\t\t\t<\/div>\n\t\t\t\t<div class=\"elementor-element elementor-element-e29c802 elementor-widget elementor-widget-text-editor\" data-id=\"e29c802\" data-element_type=\"widget\" data-e-type=\"widget\" data-widget_type=\"text-editor.default\">\n\t\t\t\t\t\t\t\t\t<p>Le zone climatiche dell&#8217;USDA <em>(U.S. Department of Agriculture<\/em>) indicano le temperature minime osservate negli ultimi 30 anni.<br>Le zone climatiche della Svizzera vanno da 5a (le pi\u00f9 fredde) a 9a (le pi\u00f9 calde).<\/p><p>I livelli di rusticit\u00e0 sono indicati per alberi maturi in piena terra e protetti dal vento, per gelate intense ma di breve durata.<br>Gli alberi possono resistere alle gelate <span class=\"BxUVEf ILfuVd\" lang=\"fr\">notturne,<\/span> anche per pi\u00f9 notti di seguito, purch\u00e9 la temperatura diurna salga almeno a 4 o 5 gradi sopra lo zero.<\/p><p>\u00c8 il legno, il tronco e i rami principali, a garantire la resistenza al freddo estremo.<br>Gli alberi sottoposti a forti e prolungate gelate possono subire danni ai giovani germogli.<br>In questo caso, i piccoli rami danneggiati dovrebbero essere potati poco prima della primavera, in modo da poterli rigenerare con la prima crescita in aprile-maggio. <br>Un&#8217;ondata di freddo eccezionale \u00e8 sempre possibile, con danni ai rami secondari. <br>In questo caso sar\u00e0 necessaria una potatura pi\u00f9 drastica per garantire una buona ripartenza.<\/p><p>Per gli alberi giovani, quando si prevedono forti gelate, aggiungi o rinforza la pacciamatura.<br>\u00c8 possibile stendere un velo di tessuto non tessuto (TNT), ma questo dovr\u00e0 essere rimosso una volta passata l&#8217;ondata di freddo. Fare attenzione a non far toccare il velo alle foglie e posizionarlo su 4 bastoncini piantati intorno al giovane albero.<\/p>\t\t\t\t\t\t\t\t<\/div>\n\t\t\t\t<div class=\"elementor-element elementor-element-e692245 elementor-widget elementor-widget-heading\" data-id=\"e692245\" data-element_type=\"widget\" data-e-type=\"widget\" data-widget_type=\"heading.default\">\n\t\t\t\t\t<h3 class=\"elementor-heading-title elementor-size-xl\">Zone climatiche USDA in Svizzera<\/h3>\t\t\t\t<\/div>\n\t\t\t\t<div class=\"elementor-element elementor-element-33c1e7a elementor-widget elementor-widget-text-editor\" data-id=\"33c1e7a\" data-element_type=\"widget\" data-e-type=\"widget\" data-widget_type=\"text-editor.default\">\n\t\t\t\t\t\t\t\t\t<p>Per sapere quali variet\u00e0 si possono piantare nella vostra regione, verificate innanzitutto la vostra zona climatica USDA.<\/p>\t\t\t\t\t\t\t\t<\/div>\n\t\t\t\t<div class=\"elementor-element elementor-element-3e75dd7 elementor-widget elementor-widget-text-editor\" data-id=\"3e75dd7\" data-element_type=\"widget\" data-e-type=\"widget\" data-widget_type=\"text-editor.default\">\n\t\t\t\t\t\t\t\t\t<p>Per trovare la citt\u00e0 pi\u00f9 vicina, visitate il sito web:<\/p><p><em><a href=\"https:\/\/www.plantmaps.com\/interactive-switzerland-plant-hardiness-zone-map-celsius.php\">https:\/\/www.plantmaps.com\/interactive-switzerland-plant-hardiness-zone-map-celsius.php<\/a><\/em><\/p><p><em> <\/em>La mappa interattiva consente di ingrandire il proprio comune e di identificare la zona climatica USDA della piantagione prevista.<\/p><p>Per una visione dettagliata delle temperature minime misurate dal 1991, consulta il seguente link:<\/p><p><a href=\"https:\/\/www.meteosuisse.admin.ch\/services-et-publications\/applications\/valeurs-mesurees-et-reseaux-de-mesure.html#param=messwerte-lufttemperatur-10min&amp;table=false&amp;station=PAY&amp;chart=day&amp;compare=y\"><em>Meteo Svizzera &#8211; Temperatura<\/em><\/a><\/p><p>Clicca sulla stazione meteo pi\u00f9 vicina per accedere ai dati selezionando &#8220;Confronto con i dati climatici&#8221;.<\/p>\t\t\t\t\t\t\t\t<\/div>\n\t\t\t\t<div class=\"elementor-element elementor-element-336b2cd elementor-widget elementor-widget-elementskit-accordion\" data-id=\"336b2cd\" data-element_type=\"widget\" data-e-type=\"widget\" data-widget_type=\"elementskit-accordion.default\">\n\t\t\t\t\t<div class=\"ekit-wid-con\" >\n        <div class=\"elementskit-accordion floating-style\" id=\"accordion-69e49c4fa7fbc\">\n\n            \n                <div class=\"elementskit-card \">\n                    <div class=\"elementskit-card-header\" id=\"primaryHeading-0-336b2cd\">\n                        <a href=\"#collapse-a55b8af69e49c4fa7fbc\" class=\"ekit-accordion--toggler elementskit-btn-link collapsed\" data-ekit-toggle=\"collapse\" data-target=\"#Collapse-a55b8af69e49c4fa7fbc\" aria-expanded=\"false\" aria-controls=\"Collapse-a55b8af69e49c4fa7fbc\">\n                                                            <div class=\"ekit_accordion_icon_left_group\">\n                                    <div class=\"ekit_accordion_normal_icon\">\n                                        <!-- Normal Icon -->\n                                        <i class=\"icon icon-plus\"><\/i>                                    <\/div>\n\n                                    <div class=\"ekit_accordion_active_icon\">\n                                        <!-- Active Icon -->\n\t\t\t\t\t\t\t\t\t\t<i class=\"icon icon-up-arrow\"><\/i>                                    <\/div>\n                                <\/div>\n\n                            \n                            <span class=\"ekit-accordion-title\">Condizioni locali e microclimi<\/span>\n\n                            \n                                                    <\/a>\n                    <\/div>\n\n                    <div id=\"Collapse-a55b8af69e49c4fa7fbc\" class=\" collapse\" aria-labelledby=\"primaryHeading-0-336b2cd\" data-parent=\"#accordion-69e49c4fa7fbc\">\n\n                        <div class=\"elementskit-card-body ekit-accordion--content\">\n                            <p>Le zone climatiche USDA sono definite dalle temperature minime raggiunte durante l'anno (generalmente in gennaio o febbraio).<\/p>\n<p>Tuttavia, in una determinata regione, le temperature minime possono cambiare in modo significativo, a volte solo a pochi chilometri o addirittura a poche centinaia di metri di distanza.<\/p>\n<p>I fattori che influenzano positivamente i minimi termici sono :<\/p>\n<ul>\n<li>L'orientamento del sito<\/li>\n<\/ul>\n<p>L'esposizione a sud riduce notevolmente le temperature minime e la loro durata<\/p>\n<ul>\n<li>Protezione dal vento<\/li>\n<\/ul>\n<p>Una zona riparata sar\u00e0 pi\u00f9 calda e il freddo estremo sar\u00e0 pi\u00f9 breve.<\/p>\n<ul>\n<li>La presenza di un lago<\/li>\n<\/ul>\n<p>Se \u00e8 abbastanza grande, uno specchio d'acqua pu\u00f2 attutire e abbreviare i periodi di freddo.<\/p>\n<ul>\n<li>L'ambiente urbano<\/li>\n<\/ul>\n<p>Nelle citt\u00e0 e nei sobborghi, l'effetto bolla urbana riduce le minime notturne di diversi gradi in inverno.  <\/p>\n<p>Questi fattori possono combinarsi per creare isole 8a\/8b <em>(da -12,2 C a -6,7 C)<\/em> nel cuore di una regione 7a\/7b <em>(da -17,8 C a -12,2 C)<\/em>.<\/p>\n                        <\/div>\n\n                    <\/div>\n\n                <\/div><!-- .elementskit-card END -->\n\n                \n                <div class=\"elementskit-card \">\n                    <div class=\"elementskit-card-header\" id=\"primaryHeading-1-336b2cd\">\n                        <a href=\"#collapse-ff13fb169e49c4fa7fbc\" class=\"ekit-accordion--toggler elementskit-btn-link collapsed\" data-ekit-toggle=\"collapse\" data-target=\"#Collapse-ff13fb169e49c4fa7fbc\" aria-expanded=\"false\" aria-controls=\"Collapse-ff13fb169e49c4fa7fbc\">\n                                                            <div class=\"ekit_accordion_icon_left_group\">\n                                    <div class=\"ekit_accordion_normal_icon\">\n                                        <!-- Normal Icon -->\n                                        <i class=\"icon icon-plus\"><\/i>                                    <\/div>\n\n                                    <div class=\"ekit_accordion_active_icon\">\n                                        <!-- Active Icon -->\n\t\t\t\t\t\t\t\t\t\t<i class=\"icon icon-up-arrow\"><\/i>                                    <\/div>\n                                <\/div>\n\n                            \n                            <span class=\"ekit-accordion-title\">Luoghi adatti per piantare<\/span>\n\n                            \n                                                    <\/a>\n                    <\/div>\n\n                    <div id=\"Collapse-ff13fb169e49c4fa7fbc\" class=\" collapse\" aria-labelledby=\"primaryHeading-1-336b2cd\" data-parent=\"#accordion-69e49c4fa7fbc\">\n\n                        <div class=\"elementskit-card-body ekit-accordion--content\">\n                            <p>Per garantire la crescita ottimale di un agrume, \u00e8 opportuno collocarlo in un luogo riparato e ben esposto al sole, soprattutto al mattino.<\/p>\n<p>Si pu\u00f2 piantare vicino a una casa senza paura, la radice principale di un agrume si immerge verticalmente nel terreno. Nessun rischio per le fondamenta. Le radici superficiali orizzontali non penetrano. Il calore irradiato dalle pareti vi far\u00e0 risparmiare diversi gradi.<\/p>\n<p>Anche una fitta siepe o un muro perimetrale avranno un effetto moderatore sugli estremi.<\/p>\n<p>Se stai piantando in un frutteto, non distanziare troppo gli alberi.<br \/>Controlla la distanza di impianto consigliata nella descrizione dell'agrume che hai scelto.<\/p>\n                        <\/div>\n\n                    <\/div>\n\n                <\/div><!-- .elementskit-card END -->\n\n                \n                <div class=\"elementskit-card \">\n                    <div class=\"elementskit-card-header\" id=\"primaryHeading-2-336b2cd\">\n                        <a href=\"#collapse-a90af5e69e49c4fa7fbc\" class=\"ekit-accordion--toggler elementskit-btn-link collapsed\" data-ekit-toggle=\"collapse\" data-target=\"#Collapse-a90af5e69e49c4fa7fbc\" aria-expanded=\"false\" aria-controls=\"Collapse-a90af5e69e49c4fa7fbc\">\n                                                            <div class=\"ekit_accordion_icon_left_group\">\n                                    <div class=\"ekit_accordion_normal_icon\">\n                                        <!-- Normal Icon -->\n                                        <i class=\"icon icon-plus\"><\/i>                                    <\/div>\n\n                                    <div class=\"ekit_accordion_active_icon\">\n                                        <!-- Active Icon -->\n\t\t\t\t\t\t\t\t\t\t<i class=\"icon icon-up-arrow\"><\/i>                                    <\/div>\n                                <\/div>\n\n                            \n                            <span class=\"ekit-accordion-title\">Se dovete tenere i vostri alberi in vaso <\/span>\n\n                            \n                                                    <\/a>\n                    <\/div>\n\n                    <div id=\"Collapse-a90af5e69e49c4fa7fbc\" class=\" collapse\" aria-labelledby=\"primaryHeading-2-336b2cd\" data-parent=\"#accordion-69e49c4fa7fbc\">\n\n                        <div class=\"elementskit-card-body ekit-accordion--content\">\n                            <p>Un albero di agrumi esprime tutto il suo potenziale solo se viene piantato nel terreno.<\/p>\n<p>Se le temperature minime della vostra regione non lo consentono per le variet\u00e0 che avete scelto, dovrete comunque tenerle in vaso.<\/p>\n<p>Gli alberi perdono parte della loro resistenza se rimangono in vaso. In un vaso tradizionale, con pareti rigide, le radici sono concentrate contro queste pareti e saranno molto esposte al gelo.<br \/>In un Air-Pot, le radici sono distribuite in tutto il volume e saranno pi\u00f9 protette. In questo caso, la perdita di resistenza al freddo pu\u00f2 essere stimata in 5-6 gradi.<br \/>La soluzione migliore \u00e8 quella di ripararle in inverno in una serra mantenuta tra un minimo di -5 gradi (di notte) e un massimo di +10-15 gradi (di giorno), per poi tirarle fuori in primavera.<br \/>In alternativa, circonda il vaso con un doppio strato di juta spessa.  Aggiungete una spessa pacciamatura al terreno intorno al vaso. Se le dimensioni dell'albero lo consentono, applicare un velo di TNT di 19gr\/m2 (minimo) senza attaccarlo alle foglie. Utilizzate 4 bastoni per costruire una scatola intorno alla pianta, premendo saldamente il velo al terreno con grossi ciottoli o mattoni.<\/p>\n<p>Tutti gli alberi venduti su questo sito sono coltivati in Air-Pot (<a href=\"https:\/\/air-pot.com\/\"><br \/>\n  vedere il sito web del produttore<br \/>\n<\/a>), vasi di forma speciale che garantiscono l'integrit\u00e0 delle radici a lungo termine.<\/p>\n<p>Man mano che l'albero cresce, deve essere trapiantato in un Air-Pot pi\u00f9 grande. In teoria, non c'\u00e8 limite alle dimensioni degli Air-Pot, poich\u00e9 il sistema \u00e8 progettato per essere espandibile. In pratica, diventer\u00e0 presto difficile spostare gli alberi a causa del loro peso. Una potatura di riduzione ogni anno sar\u00e0 quindi inevitabile, a meno che non si possa piantare direttamente in serra.<\/p>\n<p><em>Nota:<br \/><\/em><em>Non buttate via gli Air-Pot. Potete riutilizzarli o restituirceli.  <br \/><\/em><\/p>\n                        <\/div>\n\n                    <\/div>\n\n                <\/div><!-- .elementskit-card END -->\n\n                                        <\/div>\n    <\/div>\t\t\t\t<\/div>\n\t\t\t\t<div class=\"elementor-element elementor-element-6a894e6 elementor-widget elementor-widget-heading\" data-id=\"6a894e6\" data-element_type=\"widget\" data-e-type=\"widget\" data-widget_type=\"heading.default\">\n\t\t\t\t\t<h2 class=\"elementor-heading-title elementor-size-xl\">Come scegliere il vostro albero di agrumi su AlpAgrumi.ch<\/h2>\t\t\t\t<\/div>\n\t\t\t\t<div class=\"elementor-element elementor-element-6c848e2 elementor-widget elementor-widget-text-editor\" data-id=\"6c848e2\" data-element_type=\"widget\" data-e-type=\"widget\" data-widget_type=\"text-editor.default\">\n\t\t\t\t\t\t\t\t\t<ol><li>Per prima cosa controlla in quale <strong>zona climatica<\/strong> USDA vivi.<br>Vedi sopra:<br><em><u>Zone climatiche USDA in Svizzera<br><\/u><\/em><em><u><a href=\"https:\/\/www.plantmaps.com\/interactive-switzerland-plant-hardiness-zone-map-celsius.php\">Mappa delle zone climatiche USDA in Svizzera<\/a><br><\/u><\/em><em> <\/em><\/li><li>Le condizioni <strong>locali<\/strong> tendono ad essere <strong>favorevoli <\/strong>?<br>Se vive in una valle, i pendii sono soleggiati o ombreggiati?<br>In pianura, \u00e8 protetto da colline o foreste?<br>C&#8217;\u00e8 un lago nelle vicinanze?<br>Vedere sopra:<br><u><u><u><u><u><u><u><u><u>Condizioni locali e microclimi<\/u><\/u><\/u><\/u><\/u><\/u><\/u><\/u><\/u><p> <\/p><\/li><li>C&#8217;\u00e8 un <strong>luogo protetto<\/strong> dove piantare?<br>Si puo piantare vicino a una casa, a un muro, dietro una siepe?<br>Assicurandosi che il tuo albero riceva molto sole, soprattutto al mattino?<br>Vedere sopra:<br><u>Luoghi favorevoli per piantare<br><\/u><em> <br><\/em><\/li><li>Consultare l&#8217;elenco degli alberi di agrumi in questa pagina.<br>Scegliere <strong>alberi che siano compatibili<\/strong> con le condizioni climatiche locali.<br>Non dimenticare di considerare anche il tipo di terreno e quindi il portainnesto pi\u00f9 adatto (vedi <a href=\"https:\/\/alpagrumi.ch\/it\/portinnesti\/\"><u>Portinnesti<\/u><\/a>)<\/li><li>Visitate il nostro <a href=\"https:\/\/alpagrumi.ch\/boutique\/\"><u>eShop<\/u><\/a> per ordinare e scegliere tra spedizione e ritiro. <br>Se ritira i suoi alberi presso il negozio di Monte-Carasso (Bellinzona), ricordare di <a href=\"https:\/\/alpagrumi.ch\/it\/prenota-un-appuntamento\/\"><u>prenotare un appuntamento<\/u><\/a>  <\/li><\/ol>\t\t\t\t\t\t\t\t<\/div>\n\t\t\t\t\t<\/div>\n\t\t<\/div>\n\t\t\t\t\t<\/div>\n\t\t<\/section>\n\t\t\t\t<\/div>\n\t\t","protected":false},"excerpt":{"rendered":"<p>Agrumi resistenti Piante di agrumi resistenti al freddo Gli alberi di agrumi in vendita su questo sito sono tutti resistenti al gelo, da -8 C a -16 C per i pi\u00f9 robusti. I portainnesti utilizzati offrono la migliore combinazione di resistenza al gelo e vigore. Gli innesti sono stati prelevati da piante madri che erano [&hellip;]<\/p>\n","protected":false},"author":1630,"featured_media":0,"parent":0,"menu_order":0,"comment_status":"closed","ping_status":"closed","template":"elementor_header_footer","meta":{"_seopress_robots_primary_cat":"","_seopress_titles_title":"","_seopress_titles_desc":"","_seopress_robots_index":"","footnotes":""},"class_list":["post-876","page","type-page","status-publish","hentry"],"_links":{"self":[{"href":"https:\/\/alpagrumi.ch\/it\/wp-json\/wp\/v2\/pages\/876","targetHints":{"allow":["GET"]}}],"collection":[{"href":"https:\/\/alpagrumi.ch\/it\/wp-json\/wp\/v2\/pages"}],"about":[{"href":"https:\/\/alpagrumi.ch\/it\/wp-json\/wp\/v2\/types\/page"}],"author":[{"embeddable":true,"href":"https:\/\/alpagrumi.ch\/it\/wp-json\/wp\/v2\/users\/1630"}],"replies":[{"embeddable":true,"href":"https:\/\/alpagrumi.ch\/it\/wp-json\/wp\/v2\/comments?post=876"}],"version-history":[{"count":10,"href":"https:\/\/alpagrumi.ch\/it\/wp-json\/wp\/v2\/pages\/876\/revisions"}],"predecessor-version":[{"id":19704,"href":"https:\/\/alpagrumi.ch\/it\/wp-json\/wp\/v2\/pages\/876\/revisions\/19704"}],"wp:attachment":[{"href":"https:\/\/alpagrumi.ch\/it\/wp-json\/wp\/v2\/media?parent=876"}],"curies":[{"name":"wp","href":"https:\/\/api.w.org\/{rel}","templated":true}]}}