{"id":997,"date":"2023-01-16T15:24:16","date_gmt":"2023-01-16T14:24:16","guid":{"rendered":"https:\/\/ticinoweb02.jcloud.ik-server.com\/alpagrum\/informativa-sulla-privacy\/"},"modified":"2023-01-23T16:36:48","modified_gmt":"2023-01-23T15:36:48","slug":"informativa-sulla-privacy","status":"publish","type":"page","link":"https:\/\/alpagrumi.ch\/it\/informativa-sulla-privacy\/","title":{"rendered":"Informativa sulla privacy"},"content":{"rendered":"\t\t<div data-elementor-type=\"wp-page\" data-elementor-id=\"997\" class=\"elementor elementor-997 elementor-850\" data-elementor-post-type=\"page\">\n\t\t\t\t\t\t<section class=\"elementor-section elementor-top-section elementor-element elementor-element-b03a915 elementor-section-boxed elementor-section-height-default elementor-section-height-default\" data-id=\"b03a915\" data-element_type=\"section\" data-e-type=\"section\" data-settings=\"{&quot;background_background&quot;:&quot;classic&quot;}\">\n\t\t\t\t\t\t\t<div class=\"elementor-background-overlay\"><\/div>\n\t\t\t\t\t\t\t<div class=\"elementor-container elementor-column-gap-default\">\n\t\t\t\t\t<div class=\"elementor-column elementor-col-100 elementor-top-column elementor-element elementor-element-bdd498c\" data-id=\"bdd498c\" data-element_type=\"column\" data-e-type=\"column\">\n\t\t\t<div class=\"elementor-widget-wrap elementor-element-populated\">\n\t\t\t\t\t\t<div class=\"elementor-element elementor-element-c2bad19 elementor-widget elementor-widget-heading\" data-id=\"c2bad19\" data-element_type=\"widget\" data-e-type=\"widget\" data-settings=\"{&quot;_animation&quot;:&quot;none&quot;}\" data-widget_type=\"heading.default\">\n\t\t\t\t\t<h2 class=\"elementor-heading-title elementor-size-default\">Informativa sulla privacy<\/h2>\t\t\t\t<\/div>\n\t\t\t\t\t<\/div>\n\t\t<\/div>\n\t\t\t\t\t<\/div>\n\t\t<\/section>\n\t\t\t\t<section class=\"elementor-section elementor-top-section elementor-element elementor-element-646663b8 elementor-section-boxed elementor-section-height-default elementor-section-height-default\" data-id=\"646663b8\" data-element_type=\"section\" data-e-type=\"section\">\n\t\t\t\t\t\t<div class=\"elementor-container elementor-column-gap-default\">\n\t\t\t\t\t<div class=\"elementor-column elementor-col-100 elementor-top-column elementor-element elementor-element-47a34056\" data-id=\"47a34056\" data-element_type=\"column\" data-e-type=\"column\">\n\t\t\t<div class=\"elementor-widget-wrap elementor-element-populated\">\n\t\t\t\t\t\t<div class=\"elementor-element elementor-element-790e658a elementor-widget elementor-widget-text-editor\" data-id=\"790e658a\" data-element_type=\"widget\" data-e-type=\"widget\" data-widget_type=\"text-editor.default\">\n\t\t\t\t\t\t\t\t\t<p>Gennaio 2022<br \/>1. Generale<\/p>\n<p>Questo sito web raccoglie ed elabora dati personali. Questa politica si applica in aggiunta ai nostri termini e condizioni generali di vendita. Per dati personali si intende qualsiasi dato relativo a una persona fisica identificata o identificabile. Quando ci fornite i dati personali di altre persone (ad esempio, familiari o colleghi di lavoro), assicuratevi che siano a conoscenza di questa politica sulla privacy e che ci forniscano i loro dati personali solo se siete autorizzati a farlo.<\/p>\n<p>2. Responsabile del trattamento<\/p>\n<p>Il responsabile del trattamento dei dati qui descritto \u00e8 la Akpagrumi Sagl, a meno che non sia diversamente specificato caso per caso. Se avete domande relative alla legge sulla protezione dei dati, potete inviarle all&#8217;indirizzo di contatto di Alpagrumi Sagl, Via El Temeris 3, 6513 Monte Carasso (Bellinzona). Si prega di allegare alle domande una copia della carta d&#8217;identit\u00e0 o di un altro documento di supporto. Potete anche inviarci le vostre domande via e-mail all&#8217;indirizzo contact@alpagrumi.ch.<\/p>\n<p>3. Raccolta e trattamento dei dati personali<\/p>\n<p>I dati personali che raccogliamo direttamente dall&#8217;utente sono i seguenti: nome e cognome, indirizzo e-mail, numero di telefono, indirizzo, cronologia degli acquisti, dati di pagamento e tutte le informazioni che l&#8217;utente ci fornisce quando ci contatta.<br \/>Se visitate il nostro sito web o acquistate piante (o altri prodotti) utilizzando un dispositivo mobile, possiamo raccogliere alcuni dati come l&#8217;indirizzo IP e altri dati del dispositivo mobile.<br \/>Possiamo raccogliere dati personali su di voi quando :<br \/>&#8211; Si acquistano piante (o altri prodotti) tramite l&#8217;eShop.<br \/>&#8211; State visitando il nostro sito web.<br \/>&#8211; Potete contattarci via e-mail.<\/p>\n<p>4. Cookie e altre tecnologie di tracciamento<\/p>\n<p>I siti web www.alpagrumi.ch e www.alpagrumi.com inseriscono dei &#8220;cookie&#8221;, che sono l&#8217;equivalente di un piccolo file di testo, nel vostro browser web per identificarvi assegnando un numero unico al vostro computer. Questa funzione consente ad Alpagrumi Sagl di salvare le informazioni sull&#8217;acquisto, che potranno essere visualizzate accedendo al proprio account in un secondo momento. Questi cookie non ci consentono di recuperare informazioni diverse da quelle che ci comunicate effettuando i vostri ordini tramite l&#8217;eShop.<br \/>Il nostro sito web utilizza anche Google Analytics, un servizio di analisi web fornito da Google Inc. (&#8220;Google&#8221;). Google Analytics utilizza dei cookie, ovvero dei file di testo che vengono depositati sul vostro computer per consentire al sito web di analizzare come gli utenti utilizzano il sito. Le informazioni generate dal cookie sull&#8217;utilizzo del sito web da parte dell&#8217;utente (compreso il suo indirizzo IP) verranno trasmesse e memorizzate da Google su un server negli Stati Uniti. Google utilizzer\u00e0 queste informazioni per valutare l&#8217;utilizzo del sito web da parte dell&#8217;utente, per redigere rapporti sulle attivit\u00e0 del sito web per gli operatori del sito e per fornire altri servizi relativi alle attivit\u00e0 del sito web e all&#8217;utilizzo di Internet. Google pu\u00f2 anche trasferire queste informazioni a terzi, se ci\u00f2 \u00e8 richiesto dalla legge o se tali terzi elaborano le informazioni per conto di Google. Google non assocer\u00e0 il vostro indirizzo IP a nessun altro dato posseduto da Google.<\/p>\n<p>\u00c8 possibile disabilitare l&#8217;uso dei cookie selezionando le impostazioni appropriate nel proprio browser. Tuttavia, tale disattivazione pu\u00f2 impedire l&#8217;utilizzo di alcune funzionalit\u00e0 del sito. Utilizzando questo sito web, acconsentite espressamente al trattamento dei vostri dati alle condizioni e per le finalit\u00e0 sopra descritte.<\/p>\n<p>5. Trasmissione e trasferimento dei dati personali<\/p>\n<p>I dati raccolti da Alpagrumi Sagl nel corso della nostra attivit\u00e0 di vendita al dettaglio (anche attraverso il nostro sito web), possono essere comunicati al personale aziendale autorizzato e ai nostri partner esterni, in particolare :<br \/>-Elaborazione dei vostri dati finanziari e di pagamento per garantire la sicurezza dei vostri pagamenti e prevenire l&#8217;uso fraudolento dei vostri dati.<br \/>-Altri servizi come il nostro host informatico<br \/>In base al vostro consenso al momento della creazione di un account con noi, noi (e i nostri fornitori di servizi autorizzati) possiamo anche inviarvi e-mail promozionali, newsletter o sondaggi sulla soddisfazione, a seconda delle vostre scelte.<\/p>\n<p>6. Durata della conservazione dei dati personali<\/p>\n<p>Trattiamo e conserviamo i vostri dati personali per tutto il tempo necessario all&#8217;adempimento dei nostri obblighi contrattuali e legali o all&#8217;adempimento delle finalit\u00e0 del trattamento, per la durata del rapporto commerciale e oltre, in conformit\u00e0 agli obblighi legali di conservazione e documentazione. I dati personali possono essere conservati per il periodo in cui possono essere avanzate richieste di risarcimento nei nostri confronti e nella misura in cui siamo tenuti a farlo per legge o per legittimi interessi aziendali (ad esempio, per scopi probatori e di documentazione).<\/p>\n<p>7. Sicurezza dei dati<\/p>\n<p>La sicurezza dei dati personali dei nostri clienti e visitatori \u00e8 molto importante per noi. Adottiamo misure tecniche e organizzative adeguate per proteggere i vostri dati personali dall&#8217;accesso non autorizzato e dall&#8217;uso improprio.<\/p>\n<p>8. Obbligo di rendere disponibili i dati personali<\/p>\n<p>Nell&#8217;ambito del nostro rapporto commerciale, al fine di completare un ordine sul nostro sito web, vi viene richiesto di fornire i dati personali necessari per l&#8217;accettazione e l&#8217;esecuzione del servizio commerciale e per l&#8217;adempimento di eventuali obblighi contrattuali da esso derivanti (in generale non avete alcun obbligo legale di fornirci i dati). Senza questi dati, in genere non siamo in grado di stipulare o eseguire un contratto con voi (o con l&#8217;entit\u00e0 o la persona che vi rappresenta). Inoltre, il nostro sito web non pu\u00f2 essere utilizzato se non vengono comunicate alcune informazioni necessarie per garantire il traffico dei dati.<\/p>\n<p>9. Diritti della persona interessata<\/p>\n<p>Nell&#8217;ambito della legge sulla protezione dei dati personali a voi applicabile e nella misura in cui ci\u00f2 sia previsto da tale legge, ad esempio nel caso del RGPD (https:\/\/eur-lex.europa.eu\/legal-content\/FR\/TXT\/?uri=CELEX%3A32016R0679), avete il diritto di ottenere informazioni, di rettificare, di cancellare, di limitare il trattamento dei dati, di opporvi al nostro trattamento dei dati, nonch\u00e9 il diritto di pubblicare determinati dati personali per trasferirli a terzi (portabilit\u00e0 dei dati).<br \/>Tuttavia, ci riserviamo il diritto di applicare le restrizioni previste dalla legge, ad esempio se siamo tenuti a conservare o modificare determinati dati, se esiste un interesse prevalente (nella misura in cui possiamo invocarlo) o se \u00e8 necessario far valere dei diritti. Le richieste di informazioni sono in linea di principio gratuite. In assenza di un interesse meritevole, possono essere addebitate spese per un carico di lavoro particolarmente elevato, per una richiesta di informazioni eccessiva o notoria. Se \u00e8 previsto un costo per il vostro caso, vi informeremo in anticipo. Per quanto riguarda la possibilit\u00e0 di revocare il consenso, si rimanda alla sezione 4. Si noti che l&#8217;esercizio di questi diritti pu\u00f2 entrare in conflitto con gli accordi contrattuali e avere conseguenze quali la risoluzione anticipata del contratto o implicazioni finanziarie. Vi informeremo in anticipo se questo non \u00e8 gi\u00e0 regolamentato nel contratto.  <br \/>Per esercitare questi diritti, dovete essere in grado di dimostrare chiaramente la vostra identit\u00e0, ad esempio con una copia del vostro documento d&#8217;identit\u00e0 se la vostra identit\u00e0 non \u00e8 chiara o non pu\u00f2 essere verificata. Per far valere i vostri diritti, potete contattarci all&#8217;indirizzo indicato al punto 2.<br \/>Ogni interessato ha inoltre il diritto di far valere i propri diritti in sede giudiziaria o di presentare un reclamo all&#8217;autorit\u00e0 competente per la protezione dei dati. In Svizzera, l&#8217;autorit\u00e0 competente per la protezione dei dati \u00e8 l&#8217;Incaricato federale della protezione dei dati e delle informazioni (www.edoeb.admin.ch).<\/p>\n<p>10. Emendamenti<\/p>\n<p>Ci riserviamo il diritto di modificare la presente informativa sulla privacy in qualsiasi momento e senza preavviso. Si applica la versione attualmente pubblicata sul nostro sito web.<\/p><\/p>\n\t\t\t\t\t\t\t\t<\/div>\n\t\t\t\t\t<\/div>\n\t\t<\/div>\n\t\t\t\t\t<\/div>\n\t\t<\/section>\n\t\t\t\t<\/div>\n\t\t","protected":false},"excerpt":{"rendered":"<p>Gennaio 20221. Generale Questo sito web raccoglie ed elabora dati personali. Questa politica si applica in aggiunta ai nostri termini e condizioni generali di vendita. Per dati personali si intende qualsiasi dato relativo a una persona fisica identificata o identificabile. Quando ci fornite i dati personali di altre persone (ad esempio, familiari o colleghi di [&hellip;]<\/p>\n","protected":false},"author":1630,"featured_media":0,"parent":0,"menu_order":0,"comment_status":"closed","ping_status":"open","template":"elementor_header_footer","meta":{"_seopress_robots_primary_cat":"","_seopress_titles_title":"","_seopress_titles_desc":"","_seopress_robots_index":"","footnotes":""},"class_list":["post-997","page","type-page","status-publish","hentry"],"_links":{"self":[{"href":"https:\/\/alpagrumi.ch\/it\/wp-json\/wp\/v2\/pages\/997","targetHints":{"allow":["GET"]}}],"collection":[{"href":"https:\/\/alpagrumi.ch\/it\/wp-json\/wp\/v2\/pages"}],"about":[{"href":"https:\/\/alpagrumi.ch\/it\/wp-json\/wp\/v2\/types\/page"}],"author":[{"embeddable":true,"href":"https:\/\/alpagrumi.ch\/it\/wp-json\/wp\/v2\/users\/1630"}],"replies":[{"embeddable":true,"href":"https:\/\/alpagrumi.ch\/it\/wp-json\/wp\/v2\/comments?post=997"}],"version-history":[{"count":0,"href":"https:\/\/alpagrumi.ch\/it\/wp-json\/wp\/v2\/pages\/997\/revisions"}],"wp:attachment":[{"href":"https:\/\/alpagrumi.ch\/it\/wp-json\/wp\/v2\/media?parent=997"}],"curies":[{"name":"wp","href":"https:\/\/api.w.org\/{rel}","templated":true}]}}