{"id":12394,"date":"2023-02-18T18:20:07","date_gmt":"2023-02-18T17:20:07","guid":{"rendered":"https:\/\/alpagrumi.ch\/?post_type=product&#038;p=12394"},"modified":"2025-09-21T13:23:04","modified_gmt":"2025-09-21T11:23:04","slug":"shiranui","status":"publish","type":"product","link":"https:\/\/alpagrumi.ch\/it\/prodotto\/shiranui\/","title":{"rendered":"Shiranui"},"content":{"rendered":"<p>I giapponesi hanno creato questo ibrido negli anni Settanta. Nella ricerca della dolcezza assoluta, hanno incrociato un albero di Tangor Kyomi e un mandarino Ponkan.<br \/>\nIl frutto che ne deriva \u00e8 chiamato Dekopon (un marchio protetto), ma solo per i frutti pi\u00f9 dolci, senza alcuna traccia di acidit\u00e0.<br \/>\nQuesti frutti sono grandi con una tipica sporgenza, dolci e aromatici con polpa fondente. Si raccolgono a partire da marzo e, se conservati in un luogo fresco per qualche settimana, guadagnano ancora pi\u00f9 zucchero.<\/p>\n<p>L&#8217;albero adulto rimane compatto ed \u00e8 abbastanza resistente al freddo.<br \/>\n\u00c8 anche adatto alla coltivazione in serra, che permette di anticipare il raccolto alla fine di dicembre.<\/p>\n<p>Riferimenti:<br \/>\n<a href=\"https:\/\/idtools.org\/tools\/1076\/index.cfm?packageID=1179&amp;entityID=8814\">https:\/\/idtools.org\/tools\/1076\/index.cfm?packageID=1179&amp;entityID=8814<\/a><br \/>\n<a href=\"https:\/\/citrusvariety.ucr.edu\/crc4249\">https:\/\/citrusvariety.ucr.edu\/crc4249<\/a><\/p>\n<p>&nbsp;<\/p>\n","protected":false},"excerpt":{"rendered":"<p>(Citrus unshiu x Citrus sinensis) x Citrus reticulata<\/p>\n<p>Su portainnesto Forner-Alcaide 5 (FA5)<\/p>\n<p>&nbsp;<\/p>\n","protected":false},"featured_media":12390,"comment_status":"closed","ping_status":"closed","template":"","meta":{"_seopress_robots_primary_cat":"none","_seopress_titles_title":"","_seopress_titles_desc":"","_seopress_robots_index":""},"product_brand":[],"product_cat":[50],"product_tag":[],"class_list":{"0":"post-12394","1":"product","2":"type-product","3":"status-publish","4":"has-post-thumbnail","6":"product_cat-non-classificato","7":"pa_taille-medio","8":"pa_taille-piccolo","10":"first","11":"instock","12":"purchasable","13":"product-type-variable","14":"has-default-attributes"},"_links":{"self":[{"href":"https:\/\/alpagrumi.ch\/it\/wp-json\/wp\/v2\/product\/12394","targetHints":{"allow":["GET"]}}],"collection":[{"href":"https:\/\/alpagrumi.ch\/it\/wp-json\/wp\/v2\/product"}],"about":[{"href":"https:\/\/alpagrumi.ch\/it\/wp-json\/wp\/v2\/types\/product"}],"replies":[{"embeddable":true,"href":"https:\/\/alpagrumi.ch\/it\/wp-json\/wp\/v2\/comments?post=12394"}],"wp:featuredmedia":[{"embeddable":true,"href":"https:\/\/alpagrumi.ch\/it\/wp-json\/wp\/v2\/media\/12390"}],"wp:attachment":[{"href":"https:\/\/alpagrumi.ch\/it\/wp-json\/wp\/v2\/media?parent=12394"}],"wp:term":[{"taxonomy":"product_brand","embeddable":true,"href":"https:\/\/alpagrumi.ch\/it\/wp-json\/wp\/v2\/product_brand?post=12394"},{"taxonomy":"product_cat","embeddable":true,"href":"https:\/\/alpagrumi.ch\/it\/wp-json\/wp\/v2\/product_cat?post=12394"},{"taxonomy":"product_tag","embeddable":true,"href":"https:\/\/alpagrumi.ch\/it\/wp-json\/wp\/v2\/product_tag?post=12394"}],"curies":[{"name":"wp","href":"https:\/\/api.w.org\/{rel}","templated":true}]}}