{"id":15859,"date":"2023-02-01T18:22:10","date_gmt":"2023-02-01T17:22:10","guid":{"rendered":"https:\/\/alpagrumi.ch\/?post_type=product&#038;p=15859"},"modified":"2026-02-04T17:29:57","modified_gmt":"2026-02-04T16:29:57","slug":"kumquat-nameiwa","status":"publish","type":"product","link":"https:\/\/alpagrumi.ch\/it\/prodotto\/kumquat-nameiwa\/","title":{"rendered":"Kumquat Nameiwa"},"content":{"rendered":"<p>Nameiwa \u00e8 un ibrido delle due variet\u00e0 pi\u00f9 popolari di kumquat: Meiwa (rotondo) e Nagami (ovale).<br \/>\nIl risultato \u00e8 un albero vigoroso con piccoli frutti rotondi o ovali (da 2 a 3 cm), deliziosi mangiati con la buccia.<br \/>\nQuesta \u00e8 la variet\u00e0 di kumquat pi\u00f9 resistente al freddo, ma i frutti rimangono vulnerabili al gelo.<\/p>\n<p>La Nameiwa cresce molto rapidamente e produce molti frutti arancioni e maturi da gennaio a marzo.<\/p>\n<p>Riferimenti Meiwa:<br \/>\n<a href=\"https:\/\/idtools.org\/tools\/1076\/index.cfm?packageID=1179&amp;entityID=8673\">https:\/\/idtools.org\/tools\/1076\/index.cfm?packageID=1179&amp;entityID=8673<\/a><br \/>\n<a href=\"https:\/\/citrusvariety.ucr.edu\/crc1471\">https:\/\/citrusvariety.ucr.edu\/crc1471<\/a><\/p>\n<p>Riferimenti Nagami:<br \/>\n<a href=\"https:\/\/idtools.org\/tools\/1076\/index.cfm?packageID=1179&amp;entityID=8695\">https:\/\/idtools.org\/tools\/1076\/index.cfm?packageID=1179&amp;entityID=8695<\/a><br \/>\n<a href=\"https:\/\/citrusvariety.ucr.edu\/crc3877\">https:\/\/citrusvariety.ucr.edu\/crc3877<\/a><\/p>\n","protected":false},"excerpt":{"rendered":"<p><em>(Fortunella crassifolia)<\/em><\/p>\n<p>Su portainnesto Forner-Alcaide 5 (FA5)<\/p>\n","protected":false},"featured_media":15839,"comment_status":"closed","ping_status":"closed","template":"","meta":{"_seopress_robots_primary_cat":"none","_seopress_titles_title":"","_seopress_titles_desc":"","_seopress_robots_index":""},"product_brand":[],"product_cat":[50],"product_tag":[],"class_list":{"0":"post-15859","1":"product","2":"type-product","3":"status-publish","4":"has-post-thumbnail","6":"product_cat-non-classificato","7":"pa_taille-medio","8":"pa_taille-piccolo","10":"first","11":"outofstock","12":"shipping-taxable","13":"purchasable","14":"product-type-variable","15":"has-default-attributes"},"_links":{"self":[{"href":"https:\/\/alpagrumi.ch\/it\/wp-json\/wp\/v2\/product\/15859","targetHints":{"allow":["GET"]}}],"collection":[{"href":"https:\/\/alpagrumi.ch\/it\/wp-json\/wp\/v2\/product"}],"about":[{"href":"https:\/\/alpagrumi.ch\/it\/wp-json\/wp\/v2\/types\/product"}],"replies":[{"embeddable":true,"href":"https:\/\/alpagrumi.ch\/it\/wp-json\/wp\/v2\/comments?post=15859"}],"wp:featuredmedia":[{"embeddable":true,"href":"https:\/\/alpagrumi.ch\/it\/wp-json\/wp\/v2\/media\/15839"}],"wp:attachment":[{"href":"https:\/\/alpagrumi.ch\/it\/wp-json\/wp\/v2\/media?parent=15859"}],"wp:term":[{"taxonomy":"product_brand","embeddable":true,"href":"https:\/\/alpagrumi.ch\/it\/wp-json\/wp\/v2\/product_brand?post=15859"},{"taxonomy":"product_cat","embeddable":true,"href":"https:\/\/alpagrumi.ch\/it\/wp-json\/wp\/v2\/product_cat?post=15859"},{"taxonomy":"product_tag","embeddable":true,"href":"https:\/\/alpagrumi.ch\/it\/wp-json\/wp\/v2\/product_tag?post=15859"}],"curies":[{"name":"wp","href":"https:\/\/api.w.org\/{rel}","templated":true}]}}