{"id":15897,"date":"2023-02-19T12:18:47","date_gmt":"2023-02-19T11:18:47","guid":{"rendered":"https:\/\/alpagrumi.ch\/produit\/mandarino-satsuma-silverhill\/"},"modified":"2025-09-21T12:55:58","modified_gmt":"2025-09-21T10:55:58","slug":"mandarino-satsuma-silverhill","status":"publish","type":"product","link":"https:\/\/alpagrumi.ch\/it\/prodotto\/mandarino-satsuma-silverhill\/","title":{"rendered":"Mandarino Satsuma Silverhill"},"content":{"rendered":"<p>I mandarini Satsuma sono il frutto pi\u00f9 consumato dai giapponesi.<br \/>\nSono coltivati a livello commerciale negli Stati Uniti dall&#8217;inizio del XX secolo.<br \/>\nQuesta variet\u00e0 \u00e8 una mutazione naturale, individuata a Siverhill, in Alabama, in un frutteto di Satsuma Owari e selezionata da Walter T. Swingle nel 1931 per la sua eccezionale resistenza al freddo.<\/p>\n<p>La raccolta avviene abbastanza presto, a partire da novembre o dicembre, e i mandarini possono essere maturi quando la buccia \u00e8 ancora verde.<br \/>\nIl frutto \u00e8 succoso, con pochi semi e facile da sbucciare. Possono essere consumati in succo a partire da ottobre.<br \/>\nLa raccolta inizia quando il frutto \u00e8 meno duro e cede un po&#8217; sotto le dita.<br \/>\nUna volta che il frutto \u00e8 diventato parzialmente arancione, \u00e8 morbido e dolce, con un intenso sapore di mandarino. <\/p>\n<p>La Silverhill \u00e8 un albero molto vigoroso, senza spine, dalla crescita dritta e in grado di dare molti frutti.<br \/>\n\u00c8 la pi\u00f9 resistente al freddo di tutte le variet\u00e0 di Satsuma.<\/p>\n<p>Riferimenti:<br \/>\n<a href=\"https:\/\/idtools.org\/tools\/1076\/index.cfm?packageID=1179&amp;entityID=8820\">https:\/\/idtools.org\/tools\/1076\/index.cfm?packageID=1179&amp;entityID=8820<\/a><br \/>\n<a href=\"https:\/\/citrusvariety.ucr.edu\/crc4072\">https:\/\/citrusvariety.ucr.edu\/crc4072<\/a><\/p>\n","protected":false},"excerpt":{"rendered":"<p><em>(Citrus unshiu)<br \/>\n<\/em>Su portainnesto Forner-Alcaide 5 (FA5)<\/p>\n<p>&nbsp;<\/p>\n","protected":false},"featured_media":15878,"comment_status":"closed","ping_status":"closed","template":"","meta":{"_seopress_robots_primary_cat":"none","_seopress_titles_title":"","_seopress_titles_desc":"","_seopress_robots_index":""},"product_brand":[],"product_cat":[50],"product_tag":[],"class_list":{"0":"post-15897","1":"product","2":"type-product","3":"status-publish","4":"has-post-thumbnail","6":"product_cat-non-classificato","7":"pa_taille-grande-it","8":"pa_taille-medio","9":"pa_taille-piccolo","11":"first","12":"outofstock","13":"shipping-taxable","14":"purchasable","15":"product-type-variable","16":"has-default-attributes"},"_links":{"self":[{"href":"https:\/\/alpagrumi.ch\/it\/wp-json\/wp\/v2\/product\/15897","targetHints":{"allow":["GET"]}}],"collection":[{"href":"https:\/\/alpagrumi.ch\/it\/wp-json\/wp\/v2\/product"}],"about":[{"href":"https:\/\/alpagrumi.ch\/it\/wp-json\/wp\/v2\/types\/product"}],"replies":[{"embeddable":true,"href":"https:\/\/alpagrumi.ch\/it\/wp-json\/wp\/v2\/comments?post=15897"}],"wp:featuredmedia":[{"embeddable":true,"href":"https:\/\/alpagrumi.ch\/it\/wp-json\/wp\/v2\/media\/15878"}],"wp:attachment":[{"href":"https:\/\/alpagrumi.ch\/it\/wp-json\/wp\/v2\/media?parent=15897"}],"wp:term":[{"taxonomy":"product_brand","embeddable":true,"href":"https:\/\/alpagrumi.ch\/it\/wp-json\/wp\/v2\/product_brand?post=15897"},{"taxonomy":"product_cat","embeddable":true,"href":"https:\/\/alpagrumi.ch\/it\/wp-json\/wp\/v2\/product_cat?post=15897"},{"taxonomy":"product_tag","embeddable":true,"href":"https:\/\/alpagrumi.ch\/it\/wp-json\/wp\/v2\/product_tag?post=15897"}],"curies":[{"name":"wp","href":"https:\/\/api.w.org\/{rel}","templated":true}]}}