{"id":16009,"date":"2023-02-18T18:00:32","date_gmt":"2023-02-18T17:00:32","guid":{"rendered":"https:\/\/alpagrumi.ch\/produit\/haruka\/"},"modified":"2026-04-26T00:16:21","modified_gmt":"2026-04-25T22:16:21","slug":"haruka","status":"publish","type":"product","link":"https:\/\/alpagrumi.ch\/it\/prodotto\/haruka\/","title":{"rendered":"Haruka"},"content":{"rendered":"<p>La Haruka \u00e8 un ibrido naturale di due specie endemiche del Giappone<em>(Huyganatsu x Natsumikan<\/em>). Una variet\u00e0 rara, coltivata solo in alcune prefetture del sud.<\/p>\n<p>Il frutto \u00e8 grande, con polpa fondente, rinfrescante e dal gusto straordinario, complesso come le sue origini.<br \/>\nRicorda un Dekopon giallo per la forma, la dolcezza e il bouquet di agrumi.<\/p>\n<p>Questa variet\u00e0 \u00e8 stata rigenerata da seme in Europa.<br \/>\nLa forma \u00e8 irregolare con un cappuccio in cima, la buccia ruvida \u00e8 ricca di essenze, l&#8217;albedo spesso \u00e8 commestibile.<\/p>\n<p>L&#8217;albero \u00e8 vigoroso e produttivo. La raccolta inizia a febbraio.<\/p>\n<p>Riferimenti:<em><br \/>\n<a href=\"https:\/\/specialtyproduce.com\/produce\/Haruka_Citrus_17838.php\">https:\/\/specialtyproduce.com\/produce\/Haruka_Citrus_17838.php<\/a><br \/>\n<a href=\"https:\/\/www.kajuen.co.jp\/introduction\/haruka.htm\">https:\/\/www.kajuen.co.jp\/introduction\/haruka.htm<\/a><br \/>\n<\/em><\/p>\n<p>&nbsp;<\/p>\n","protected":false},"excerpt":{"rendered":"<p><em><br \/>\n(Citrus tamurana x Citrus natsudaidai)<\/em>su portainnesto Forner-Alcaide 5 (FA5)<em><\/em><\/p>\n","protected":false},"featured_media":15992,"comment_status":"closed","ping_status":"closed","template":"","meta":{"_seopress_robots_primary_cat":"none","_seopress_titles_title":"","_seopress_titles_desc":"","_seopress_robots_index":"","_seopress_analysis_target_kw":""},"product_brand":[],"product_cat":[50],"product_tag":[],"class_list":{"0":"post-16009","1":"product","2":"type-product","3":"status-publish","4":"has-post-thumbnail","6":"product_cat-non-classificato","7":"pa_taille-medio","8":"pa_taille-piccolo","10":"first","11":"instock","12":"shipping-taxable","13":"purchasable","14":"product-type-variable","15":"has-default-attributes"},"_links":{"self":[{"href":"https:\/\/alpagrumi.ch\/it\/wp-json\/wp\/v2\/product\/16009","targetHints":{"allow":["GET"]}}],"collection":[{"href":"https:\/\/alpagrumi.ch\/it\/wp-json\/wp\/v2\/product"}],"about":[{"href":"https:\/\/alpagrumi.ch\/it\/wp-json\/wp\/v2\/types\/product"}],"replies":[{"embeddable":true,"href":"https:\/\/alpagrumi.ch\/it\/wp-json\/wp\/v2\/comments?post=16009"}],"wp:featuredmedia":[{"embeddable":true,"href":"https:\/\/alpagrumi.ch\/it\/wp-json\/wp\/v2\/media\/15992"}],"wp:attachment":[{"href":"https:\/\/alpagrumi.ch\/it\/wp-json\/wp\/v2\/media?parent=16009"}],"wp:term":[{"taxonomy":"product_brand","embeddable":true,"href":"https:\/\/alpagrumi.ch\/it\/wp-json\/wp\/v2\/product_brand?post=16009"},{"taxonomy":"product_cat","embeddable":true,"href":"https:\/\/alpagrumi.ch\/it\/wp-json\/wp\/v2\/product_cat?post=16009"},{"taxonomy":"product_tag","embeddable":true,"href":"https:\/\/alpagrumi.ch\/it\/wp-json\/wp\/v2\/product_tag?post=16009"}],"curies":[{"name":"wp","href":"https:\/\/api.w.org\/{rel}","templated":true}]}}