{"id":17352,"date":"2023-02-18T10:00:24","date_gmt":"2023-02-18T09:00:24","guid":{"rendered":"https:\/\/alpagrumi.ch\/?post_type=product&#038;p=17352"},"modified":"2025-06-06T23:22:39","modified_gmt":"2025-06-06T21:22:39","slug":"arancio-moro-copie","status":"publish","type":"product","link":"https:\/\/alpagrumi.ch\/it\/prodotto\/arancio-moro-copie\/","title":{"rendered":"Arancio Moro"},"content":{"rendered":"<p>L&#8217;arancia Moro siciliana ha la polpa pi\u00f9 rossa di tutte le arance sanguigne. Quando \u00e8 completamente matura, a gennaio o febbraio, il suo succo \u00e8 scuro come il vino. Ha pochi semi e la sua buccia sottile rimane arancione quando \u00e8 matura, a volte con solo un accenno di rosso.<\/p>\n<p>L&#8217;albero \u00e8 vigoroso e molto produttivo, con una resistenza media al freddo (-9\u00b0C).<br \/>\nLa coltivazione delle arance Moro all&#8217;aperto dovrebbe essere riservata alle zone con le migliori condizioni climatiche (Lago Maggiore, Lago di Ginevra) e microclimatiche (terrazze piuttosto che fondovalle).<br \/>\nVa notato che le forti differenze di temperatura tra il giorno e la notte aumentano la colorazione della polpa.<\/p>\n<p>Riferimenti:<br \/>\n<a href=\"https:\/\/citrusvariety.ucr.edu\/crc3811\">https:\/\/citrusvariety.ucr.edu\/crc3811<\/a><br \/>\n<a href=\"https:\/\/idtools.org\/tools\/1076\/index.cfm?packageID=1179&amp;entityID=8690\">https:\/\/idtools.org\/tools\/1076\/index.cfm?packageID=1179&amp;entityID=8690<\/a><\/p>\n","protected":false},"excerpt":{"rendered":"<p>(<em>Citrus sinensis)<\/em> su portainnesto Citrumelo (C4475)<\/p>\n","protected":false},"featured_media":17048,"comment_status":"closed","ping_status":"closed","template":"","meta":{"_seopress_robots_primary_cat":"none","_seopress_titles_title":"","_seopress_titles_desc":"","_seopress_robots_index":""},"product_brand":[],"product_cat":[50],"product_tag":[],"class_list":{"0":"post-17352","1":"product","2":"type-product","3":"status-publish","4":"has-post-thumbnail","6":"product_cat-non-classificato","7":"pa_taille-medio","8":"pa_taille-piccolo","10":"first","11":"instock","12":"shipping-taxable","13":"purchasable","14":"product-type-variable","15":"has-default-attributes"},"_links":{"self":[{"href":"https:\/\/alpagrumi.ch\/it\/wp-json\/wp\/v2\/product\/17352","targetHints":{"allow":["GET"]}}],"collection":[{"href":"https:\/\/alpagrumi.ch\/it\/wp-json\/wp\/v2\/product"}],"about":[{"href":"https:\/\/alpagrumi.ch\/it\/wp-json\/wp\/v2\/types\/product"}],"replies":[{"embeddable":true,"href":"https:\/\/alpagrumi.ch\/it\/wp-json\/wp\/v2\/comments?post=17352"}],"wp:featuredmedia":[{"embeddable":true,"href":"https:\/\/alpagrumi.ch\/it\/wp-json\/wp\/v2\/media\/17048"}],"wp:attachment":[{"href":"https:\/\/alpagrumi.ch\/it\/wp-json\/wp\/v2\/media?parent=17352"}],"wp:term":[{"taxonomy":"product_brand","embeddable":true,"href":"https:\/\/alpagrumi.ch\/it\/wp-json\/wp\/v2\/product_brand?post=17352"},{"taxonomy":"product_cat","embeddable":true,"href":"https:\/\/alpagrumi.ch\/it\/wp-json\/wp\/v2\/product_cat?post=17352"},{"taxonomy":"product_tag","embeddable":true,"href":"https:\/\/alpagrumi.ch\/it\/wp-json\/wp\/v2\/product_tag?post=17352"}],"curies":[{"name":"wp","href":"https:\/\/api.w.org\/{rel}","templated":true}]}}