{"id":18288,"date":"2023-02-17T12:00:57","date_gmt":"2023-02-17T11:00:57","guid":{"rendered":"https:\/\/alpagrumi.ch\/?post_type=product&#038;p=18288"},"modified":"2025-05-15T12:23:31","modified_gmt":"2025-05-15T10:23:31","slug":"natsumikan","status":"publish","type":"product","link":"https:\/\/alpagrumi.ch\/it\/prodotto\/natsumikan\/","title":{"rendered":"Natsumikan"},"content":{"rendered":"<p>Il Natsumikan \u00e8 un ibrido naturale tra il pompelmo (Citrus maxima) e il mandarino (Citrus reticulata).<\/p>\n<p>Il frutto \u00e8 grande (pi\u00f9 di 400 g), leggermente appiattito e con la buccia ruvida, molto succoso quando \u00e8 maturo.<br \/>\nSi tratta del pompelmo estivo giapponese, che viene raccolto in aprile e maggio per essere consumato fresco.<br \/>\nConservato per qualche settimana, acquista ancora pi\u00f9 sapore.<\/p>\n<p>Da gennaio e febbraio pu\u00f2 anche essere spremuto come un lime.<br \/>\nIl succo e soprattutto la scorza aromatica (verde o arancione quando \u00e8 matura) sono utilizzati in cucina e nelle marmellate.<\/p>\n<p>L&#8217;albero \u00e8 molto produttivo, vigoroso e spinoso.<\/p>\n<p>Riferimenti:<br \/>\n<a href=\"https:\/\/idtools.org\/tools\/1076\/index.cfm?packageID=1179&amp;entityID=8698\">https:\/\/idtools.org\/tools\/1076\/index.cfm?packageID=1179&amp;entityID=8698<\/a><a href=\"https:\/\/fr.wikipedia.org\/wiki\/Natsumikan\">https:\/\/fr.wikipedia.org\/wiki\/Natsumikan<\/a><\/p>\n","protected":false},"excerpt":{"rendered":"<p><em>(Citrus natsudaidai)<br \/>\n<\/em>Su portainnesto Forner-Alcaide 5 (FA5)<\/p>\n","protected":false},"featured_media":18268,"comment_status":"closed","ping_status":"open","template":"","meta":{"_seopress_robots_primary_cat":"none","_seopress_titles_title":"","_seopress_titles_desc":"","_seopress_robots_index":""},"product_brand":[],"product_cat":[50],"product_tag":[],"class_list":{"0":"post-18288","1":"product","2":"type-product","3":"status-publish","4":"has-post-thumbnail","6":"product_cat-non-classificato","7":"pa_taille-medio","8":"pa_taille-piccolo","10":"first","11":"instock","12":"shipping-taxable","13":"purchasable","14":"product-type-variable","15":"has-default-attributes"},"_links":{"self":[{"href":"https:\/\/alpagrumi.ch\/it\/wp-json\/wp\/v2\/product\/18288","targetHints":{"allow":["GET"]}}],"collection":[{"href":"https:\/\/alpagrumi.ch\/it\/wp-json\/wp\/v2\/product"}],"about":[{"href":"https:\/\/alpagrumi.ch\/it\/wp-json\/wp\/v2\/types\/product"}],"replies":[{"embeddable":true,"href":"https:\/\/alpagrumi.ch\/it\/wp-json\/wp\/v2\/comments?post=18288"}],"wp:featuredmedia":[{"embeddable":true,"href":"https:\/\/alpagrumi.ch\/it\/wp-json\/wp\/v2\/media\/18268"}],"wp:attachment":[{"href":"https:\/\/alpagrumi.ch\/it\/wp-json\/wp\/v2\/media?parent=18288"}],"wp:term":[{"taxonomy":"product_brand","embeddable":true,"href":"https:\/\/alpagrumi.ch\/it\/wp-json\/wp\/v2\/product_brand?post=18288"},{"taxonomy":"product_cat","embeddable":true,"href":"https:\/\/alpagrumi.ch\/it\/wp-json\/wp\/v2\/product_cat?post=18288"},{"taxonomy":"product_tag","embeddable":true,"href":"https:\/\/alpagrumi.ch\/it\/wp-json\/wp\/v2\/product_tag?post=18288"}],"curies":[{"name":"wp","href":"https:\/\/api.w.org\/{rel}","templated":true}]}}