{"id":18375,"date":"2023-02-18T13:37:44","date_gmt":"2023-02-18T12:37:44","guid":{"rendered":"https:\/\/alpagrumi.ch\/?post_type=product&#038;p=18375"},"modified":"2025-05-15T12:37:48","modified_gmt":"2025-05-15T10:37:48","slug":"arancio-beni-madonna","status":"publish","type":"product","link":"https:\/\/alpagrumi.ch\/it\/prodotto\/arancio-beni-madonna\/","title":{"rendered":"Arancio Beni Madonna"},"content":{"rendered":"<p>L&#8217;arancia Beni Madonna \u00e8 considerata la pi\u00f9 succosa delle arance, una recente creazione giapponese che dal 2010 \u00e8 l&#8217;orgoglio della prefettura di Ehime.<br \/>\nPrecoce (dicembre) e molto dolce, la sua polpa gelatinosa si scioglie in bocca.<br \/>\nSi tratta di un Tangor, un ibrido multiplo di mandarini e arance, ed \u00e8 il primo dei &#8220;Jelly Citrus&#8221;.<br \/>\nAttualmente la sua coltivazione si espande anche in Cina e in Corea e l&#8217;ibridazione continua a produrre nuove variet\u00e0 dalla consistenza fondente.<br \/>\nQuesto frutto dalla buccia molto sottile \u00e8 difficile da sbucciare e va mangiato con un coltello.<\/p>\n<p>L&#8217;albero \u00e8 vigoroso e produttivo.<br \/>\nI frutti sono delicati in caso di grandine o forti piogge.<\/p>\n<p>Riferimenti:<br \/>\n<a href=\"https:\/\/fr.wikipedia.org\/wiki\/Beni_Madonna\">https:\/\/fr.wikipedia.org\/wiki\/Beni_Madonna<\/a><br \/>\n<a href=\"https:\/\/www.kankitsu.aifood.jp\/en\/about\/2\/\">https:\/\/www.kankitsu.aifood.jp\/en\/about\/2\/<\/a><br \/>\n<a href=\"https:\/\/jx.today\/products\/pre-order-beni-madonna-3-kg-1-box?variant=45987806085358\">https:\/\/jx.today\/products\/pre-order-beni-madonna-3-kg-1-box?variant=45987806085358<\/a><\/p>\n","protected":false},"excerpt":{"rendered":"<p><em>(Citrus x sinensis)<br \/>\n<\/em>Su portainnesto Forner-Alcaide 5 (FA5)<\/p>\n","protected":false},"featured_media":18356,"comment_status":"closed","ping_status":"closed","template":"","meta":{"_seopress_robots_primary_cat":"none","_seopress_titles_title":"","_seopress_titles_desc":"","_seopress_robots_index":""},"product_brand":[],"product_cat":[50],"product_tag":[],"class_list":{"0":"post-18375","1":"product","2":"type-product","3":"status-publish","4":"has-post-thumbnail","6":"product_cat-non-classificato","7":"pa_taille-medio","8":"pa_taille-piccolo","10":"first","11":"instock","12":"shipping-taxable","13":"purchasable","14":"product-type-variable","15":"has-default-attributes"},"_links":{"self":[{"href":"https:\/\/alpagrumi.ch\/it\/wp-json\/wp\/v2\/product\/18375","targetHints":{"allow":["GET"]}}],"collection":[{"href":"https:\/\/alpagrumi.ch\/it\/wp-json\/wp\/v2\/product"}],"about":[{"href":"https:\/\/alpagrumi.ch\/it\/wp-json\/wp\/v2\/types\/product"}],"replies":[{"embeddable":true,"href":"https:\/\/alpagrumi.ch\/it\/wp-json\/wp\/v2\/comments?post=18375"}],"wp:featuredmedia":[{"embeddable":true,"href":"https:\/\/alpagrumi.ch\/it\/wp-json\/wp\/v2\/media\/18356"}],"wp:attachment":[{"href":"https:\/\/alpagrumi.ch\/it\/wp-json\/wp\/v2\/media?parent=18375"}],"wp:term":[{"taxonomy":"product_brand","embeddable":true,"href":"https:\/\/alpagrumi.ch\/it\/wp-json\/wp\/v2\/product_brand?post=18375"},{"taxonomy":"product_cat","embeddable":true,"href":"https:\/\/alpagrumi.ch\/it\/wp-json\/wp\/v2\/product_cat?post=18375"},{"taxonomy":"product_tag","embeddable":true,"href":"https:\/\/alpagrumi.ch\/it\/wp-json\/wp\/v2\/product_tag?post=18375"}],"curies":[{"name":"wp","href":"https:\/\/api.w.org\/{rel}","templated":true}]}}