{"id":18500,"date":"2023-02-19T14:28:16","date_gmt":"2023-02-19T13:28:16","guid":{"rendered":"https:\/\/alpagrumi.ch\/?post_type=product&#038;p=18500"},"modified":"2025-07-25T10:34:44","modified_gmt":"2025-07-25T08:34:44","slug":"mandarino-satsuma-iwasaki-copie","status":"publish","type":"product","link":"https:\/\/alpagrumi.ch\/it\/prodotto\/mandarino-satsuma-iwasaki-copie\/","title":{"rendered":"Mandarino Satsuma Iwasaki"},"content":{"rendered":"<p>Il Satsuma \u00e8 l&#8217;agrume pi\u00f9 comunemente consumato dai giapponesi, con il nome di Mikan o Unshu.<br \/>\nSatsuma \u00e8 il nome dell&#8217;antica provincia del Giappone in cui l&#8217;albero \u00e8 stato selezionato e coltivato fin dal XVI secolo.<br \/>\nUn milione di giovani alberi sono stati esportati via mare all&#8217;inizio del XX secolo per essere piantati in Florida.<\/p>\n<p>La variet\u00e0 Iwasaki \u00e8 la pi\u00f9 precoce di tutti i satsuma: si raccoglie da novembre in Svizzera, a seconda del clima.<\/p>\n<p>Il frutto \u00e8 succoso, ha pochi semi ed \u00e8 facile da sbucciare.<br \/>\nPu\u00f2 essere consumato leggermente verde se preferisci una maggiore acidit\u00e0.<br \/>\nUna volta arancione, il frutto \u00e8 morbido e dolce, con un intenso sapore di mandarino.<\/p>\n<p>L&#8217;albero di Iwasaki non \u00e8 molto vigoroso, ma produttivo e privo di spine.<\/p>\n<p>Riferimenti:<br \/>\n<a href=\"https:\/\/idtools.org\/tools\/1076\/index.cfm?packageID=1179&amp;entityID=8664\">https:\/\/idtools.org\/tools\/1076\/index.cfm?packageID=1179&amp;entityID=8664<\/a><br \/>\n<a href=\"https:\/\/edis.ifas.ufl.edu\/publication\/CH116\">https:\/\/edis.ifas.ufl.edu\/publication\/CH116<\/a><\/p>\n<p>&nbsp;<\/p>\n","protected":false},"excerpt":{"rendered":"<p><em>(Citrus unshiu)<\/em><br \/>\nSu portainnesto FA5<\/p>\n<p>&nbsp;<\/p>\n","protected":false},"featured_media":19841,"comment_status":"closed","ping_status":"closed","template":"","meta":{"_seopress_robots_primary_cat":"none","_seopress_titles_title":"","_seopress_titles_desc":"","_seopress_robots_index":""},"product_brand":[],"product_cat":[50],"product_tag":[],"class_list":{"0":"post-18500","1":"product","2":"type-product","3":"status-publish","4":"has-post-thumbnail","6":"product_cat-non-classificato","7":"pa_taille-grande-it","8":"pa_taille-medio","9":"pa_taille-piccolo","11":"first","12":"instock","13":"purchasable","14":"product-type-variable","15":"has-default-attributes"},"_links":{"self":[{"href":"https:\/\/alpagrumi.ch\/it\/wp-json\/wp\/v2\/product\/18500","targetHints":{"allow":["GET"]}}],"collection":[{"href":"https:\/\/alpagrumi.ch\/it\/wp-json\/wp\/v2\/product"}],"about":[{"href":"https:\/\/alpagrumi.ch\/it\/wp-json\/wp\/v2\/types\/product"}],"replies":[{"embeddable":true,"href":"https:\/\/alpagrumi.ch\/it\/wp-json\/wp\/v2\/comments?post=18500"}],"wp:featuredmedia":[{"embeddable":true,"href":"https:\/\/alpagrumi.ch\/it\/wp-json\/wp\/v2\/media\/19841"}],"wp:attachment":[{"href":"https:\/\/alpagrumi.ch\/it\/wp-json\/wp\/v2\/media?parent=18500"}],"wp:term":[{"taxonomy":"product_brand","embeddable":true,"href":"https:\/\/alpagrumi.ch\/it\/wp-json\/wp\/v2\/product_brand?post=18500"},{"taxonomy":"product_cat","embeddable":true,"href":"https:\/\/alpagrumi.ch\/it\/wp-json\/wp\/v2\/product_cat?post=18500"},{"taxonomy":"product_tag","embeddable":true,"href":"https:\/\/alpagrumi.ch\/it\/wp-json\/wp\/v2\/product_tag?post=18500"}],"curies":[{"name":"wp","href":"https:\/\/api.w.org\/{rel}","templated":true}]}}