{"id":3153,"date":"2023-02-17T23:41:11","date_gmt":"2023-02-17T22:41:11","guid":{"rendered":"https:\/\/ticinoweb02.jcloud.ik-server.com\/alpagrum\/produit\/pomelo-stella-rubino\/"},"modified":"2026-03-28T21:04:22","modified_gmt":"2026-03-28T20:04:22","slug":"pompelmo-star-ruby","status":"publish","type":"product","link":"https:\/\/alpagrumi.ch\/it\/prodotto\/pompelmo-star-ruby\/","title":{"rendered":"Pomelo rosa"},"content":{"rendered":"<p>&nbsp;<\/p>\n<p lang=\"fr-CH\" align=\"left\">La variet\u00e0 di Pomelo rosa Star Ruby \u00e8 un grande classico. Frutto grande (300gr +) con polpa rosa, aromatica e dolce, con pochissimi semi.<br \/>\nCome la maggior parte dei pomeli, questa variet\u00e0 \u00e8 di origine americana, scoperta in Texas nel 1930 e selezionata negli anni Settanta.<br \/>\nGrazie al suo unanime successo commerciale, il Pomelo Star Ruby \u00e8 oggi coltivato in tutti i continenti.<\/p>\n<p lang=\"fr-CH\" align=\"left\">Pu\u00f2 essere raccolto dall&#8217;inverno a giugno.<\/p>\n<p lang=\"fr-CH\" align=\"left\">L&#8217;albero \u00e8 vigoroso e molto produttivo, e a piena maturit\u00e0 il raccolto pu\u00f2 superare i 100 kg all&#8217;anno.<\/p>\n<p lang=\"fr-CH\" align=\"left\">Riferimenti:<br \/>\n<a href=\"https:\/\/idtools.org\/tools\/1076\/index.cfm?packageID=1179&amp;entityID=8831\">https:\/\/idtools.org\/tools\/1076\/index.cfm?packageID=1179&amp;entityID=8831<\/a><\/p>\n","protected":false},"excerpt":{"rendered":"<p><em>Citrus Paradisi<br \/>\n<\/em>Su portainnesto Forner-Alcaide 5 (FA5)<\/p>\n","protected":false},"featured_media":8345,"comment_status":"closed","ping_status":"closed","template":"","meta":{"_seopress_robots_primary_cat":"none","_seopress_titles_title":"","_seopress_titles_desc":"","_seopress_robots_index":""},"product_brand":[],"product_cat":[50],"product_tag":[],"class_list":{"0":"post-3153","1":"product","2":"type-product","3":"status-publish","4":"has-post-thumbnail","6":"product_cat-non-classificato","7":"pa_taille-grande-it","8":"pa_taille-medio","9":"pa_taille-piccolo","10":"pa_taille-xl-it","12":"first","13":"instock","14":"purchasable","15":"product-type-variable","16":"has-default-attributes"},"_links":{"self":[{"href":"https:\/\/alpagrumi.ch\/it\/wp-json\/wp\/v2\/product\/3153","targetHints":{"allow":["GET"]}}],"collection":[{"href":"https:\/\/alpagrumi.ch\/it\/wp-json\/wp\/v2\/product"}],"about":[{"href":"https:\/\/alpagrumi.ch\/it\/wp-json\/wp\/v2\/types\/product"}],"replies":[{"embeddable":true,"href":"https:\/\/alpagrumi.ch\/it\/wp-json\/wp\/v2\/comments?post=3153"}],"wp:featuredmedia":[{"embeddable":true,"href":"https:\/\/alpagrumi.ch\/it\/wp-json\/wp\/v2\/media\/8345"}],"wp:attachment":[{"href":"https:\/\/alpagrumi.ch\/it\/wp-json\/wp\/v2\/media?parent=3153"}],"wp:term":[{"taxonomy":"product_brand","embeddable":true,"href":"https:\/\/alpagrumi.ch\/it\/wp-json\/wp\/v2\/product_brand?post=3153"},{"taxonomy":"product_cat","embeddable":true,"href":"https:\/\/alpagrumi.ch\/it\/wp-json\/wp\/v2\/product_cat?post=3153"},{"taxonomy":"product_tag","embeddable":true,"href":"https:\/\/alpagrumi.ch\/it\/wp-json\/wp\/v2\/product_tag?post=3153"}],"curies":[{"name":"wp","href":"https:\/\/api.w.org\/{rel}","templated":true}]}}