{"id":623,"date":"2023-02-20T15:50:35","date_gmt":"2023-02-20T14:50:35","guid":{"rendered":"https:\/\/ticinoweb02.jcloud.ik-server.com\/alpagrum\/produit\/satsuma-owari\/"},"modified":"2026-01-21T07:53:48","modified_gmt":"2026-01-21T06:53:48","slug":"satsuma-owari","status":"publish","type":"product","link":"https:\/\/alpagrumi.ch\/it\/prodotto\/satsuma-owari\/","title":{"rendered":"Mandarino Satsuma Owari"},"content":{"rendered":"<p>I mandarini Satsuma sono i frutti pi\u00f9 consumati dai giapponesi. Li chiamano Mikan o Unshu.<br \/>\nSatsuma \u00e8 il nome dell&#8217;antica provincia giapponese dove l&#8217;albero \u00e8 stato selezionato e coltivato fin dal XVI secolo.<br \/>\nAll&#8217;inizio del XX secolo un milione di giovani alberi sono stati esportati via mare per essere piantati in Florida.<br \/>\nLa variet\u00e0 Owari \u00e8 la pi\u00f9 diffusa nelle grandi piantagioni.<\/p>\n<p>La raccolta avviene abbastanza presto, a partire da novembre o dicembre, a seconda del clima.<br \/>\nIl frutto \u00e8 succoso, ha pochi semi ed \u00e8 facile da sbucciare.<br \/>\nPu\u00f2 essere consumato leggermente verde per chi preferisce una maggiore acidit\u00e0.<br \/>\nUna volta arancione, il frutto \u00e8 morbido e dolce, con un intenso sapore di mandarino.<\/p>\n<p>L&#8217;albero di Owari \u00e8 molto vigoroso e molto produttivo, senza spine e con portamento piangente.<\/p>\n<p>Riferimenti:<br \/>\n<a href=\"https:\/\/idtools.org\/tools\/1076\/index.cfm?packageID=1179&amp;entityID=8664\">https:\/\/idtools.org\/tools\/1076\/index.cfm?packageID=1179&amp;entityID=8664<\/a><br \/>\n<a href=\"https:\/\/edis.ifas.ufl.edu\/publication\/CH116\">https:\/\/edis.ifas.ufl.edu\/publication\/CH116<\/a><\/p>\n","protected":false},"excerpt":{"rendered":"<p><em>(Citrus unshiu)<br \/>\n<\/em>Su portainnesto Forner-Alcaide 5 (FA5)<\/p>\n<p>&nbsp;<\/p>\n","protected":false},"featured_media":4737,"comment_status":"closed","ping_status":"closed","template":"","meta":{"_seopress_robots_primary_cat":"none","_seopress_titles_title":"","_seopress_titles_desc":"","_seopress_robots_index":""},"product_brand":[],"product_cat":[50],"product_tag":[],"class_list":{"0":"post-623","1":"product","2":"type-product","3":"status-publish","4":"has-post-thumbnail","6":"product_cat-non-classificato","7":"pa_taille-grande-it","8":"pa_taille-medio","9":"pa_taille-piccolo","11":"first","12":"instock","13":"purchasable","14":"product-type-variable","15":"has-default-attributes"},"_links":{"self":[{"href":"https:\/\/alpagrumi.ch\/it\/wp-json\/wp\/v2\/product\/623","targetHints":{"allow":["GET"]}}],"collection":[{"href":"https:\/\/alpagrumi.ch\/it\/wp-json\/wp\/v2\/product"}],"about":[{"href":"https:\/\/alpagrumi.ch\/it\/wp-json\/wp\/v2\/types\/product"}],"replies":[{"embeddable":true,"href":"https:\/\/alpagrumi.ch\/it\/wp-json\/wp\/v2\/comments?post=623"}],"wp:featuredmedia":[{"embeddable":true,"href":"https:\/\/alpagrumi.ch\/it\/wp-json\/wp\/v2\/media\/4737"}],"wp:attachment":[{"href":"https:\/\/alpagrumi.ch\/it\/wp-json\/wp\/v2\/media?parent=623"}],"wp:term":[{"taxonomy":"product_brand","embeddable":true,"href":"https:\/\/alpagrumi.ch\/it\/wp-json\/wp\/v2\/product_brand?post=623"},{"taxonomy":"product_cat","embeddable":true,"href":"https:\/\/alpagrumi.ch\/it\/wp-json\/wp\/v2\/product_cat?post=623"},{"taxonomy":"product_tag","embeddable":true,"href":"https:\/\/alpagrumi.ch\/it\/wp-json\/wp\/v2\/product_tag?post=623"}],"curies":[{"name":"wp","href":"https:\/\/api.w.org\/{rel}","templated":true}]}}