{"id":667,"date":"2023-02-18T16:45:15","date_gmt":"2023-02-18T15:45:15","guid":{"rendered":"https:\/\/ticinoweb02.jcloud.ik-server.com\/alpagrum\/produit\/arancione-navelina\/"},"modified":"2026-03-29T13:04:00","modified_gmt":"2026-03-29T11:04:00","slug":"arancio-navelina","status":"publish","type":"product","link":"https:\/\/alpagrumi.ch\/it\/prodotto\/arancio-navelina\/","title":{"rendered":"Arancio Navelina"},"content":{"rendered":"<p>Il pi\u00f9 classico degli aranci navel, con la tipica escrescenza.<br \/>\nIl frutto \u00e8 grande (oltre 180 g), dolce e dal sapore eccellente.<br \/>\nIl frutto rimane a lungo sull&#8217;albero e pu\u00f2 essere raccolto per diversi mesi, da dicembre a febbraio e oltre.<\/p>\n<p>L&#8217;albero \u00e8 vigoroso e ha una buona produzione di frutti.<br \/>\n\u00c8 uno dei pi\u00f9 resistenti al freddo tra i veri aranci (non ibridi) e uno dei pi\u00f9 precoci da raccogliere.<\/p>\n<p>Riferimenti:<br \/>\n<a href=\"https:\/\/idtools.org\/tools\/1076\/index.cfm?packageID=1179&amp;entityID=8703\">https:\/\/idtools.org\/tools\/1076\/index.cfm?packageID=1179&amp;entityID=8703<\/a><\/p>\n","protected":false},"excerpt":{"rendered":"<p><em>(Citrus sinensis)<br \/>\n<\/em>Sur porte-greffe FA5<span style=\"color: #ff6600\"><em><br \/>\n<\/em><\/span><\/p>\n<p>&nbsp;<\/p>\n<p>&nbsp;<\/p>\n","protected":false},"featured_media":5554,"comment_status":"closed","ping_status":"closed","template":"","meta":{"_seopress_robots_primary_cat":"none","_seopress_titles_title":"","_seopress_titles_desc":"","_seopress_robots_index":""},"product_brand":[],"product_cat":[50],"product_tag":[],"class_list":{"0":"post-667","1":"product","2":"type-product","3":"status-publish","4":"has-post-thumbnail","6":"product_cat-non-classificato","7":"pa_taille-grande-it","8":"pa_taille-medio","9":"pa_taille-piccolo","11":"first","12":"instock","13":"purchasable","14":"product-type-variable","15":"has-default-attributes"},"_links":{"self":[{"href":"https:\/\/alpagrumi.ch\/it\/wp-json\/wp\/v2\/product\/667","targetHints":{"allow":["GET"]}}],"collection":[{"href":"https:\/\/alpagrumi.ch\/it\/wp-json\/wp\/v2\/product"}],"about":[{"href":"https:\/\/alpagrumi.ch\/it\/wp-json\/wp\/v2\/types\/product"}],"replies":[{"embeddable":true,"href":"https:\/\/alpagrumi.ch\/it\/wp-json\/wp\/v2\/comments?post=667"}],"wp:featuredmedia":[{"embeddable":true,"href":"https:\/\/alpagrumi.ch\/it\/wp-json\/wp\/v2\/media\/5554"}],"wp:attachment":[{"href":"https:\/\/alpagrumi.ch\/it\/wp-json\/wp\/v2\/media?parent=667"}],"wp:term":[{"taxonomy":"product_brand","embeddable":true,"href":"https:\/\/alpagrumi.ch\/it\/wp-json\/wp\/v2\/product_brand?post=667"},{"taxonomy":"product_cat","embeddable":true,"href":"https:\/\/alpagrumi.ch\/it\/wp-json\/wp\/v2\/product_cat?post=667"},{"taxonomy":"product_tag","embeddable":true,"href":"https:\/\/alpagrumi.ch\/it\/wp-json\/wp\/v2\/product_tag?post=667"}],"curies":[{"name":"wp","href":"https:\/\/api.w.org\/{rel}","templated":true}]}}